{"id":1691,"date":"2021-02-27T21:47:42","date_gmt":"2021-02-27T21:47:42","guid":{"rendered":"https:\/\/kiehl.mcsajans.com\/?post_type=product&#038;p=1691"},"modified":"2021-02-27T21:53:57","modified_gmt":"2021-02-27T21:53:57","slug":"ceracotto","status":"publish","type":"product","link":"http:\/\/www.kiehlturkey.com\/index.php\/urun\/ceracotto\/","title":{"rendered":"Ceracotto"},"content":{"rendered":"<p><strong><span class=\"urun_text_02\">\u00d6zellikleri : <\/span><\/strong><span class=\"urun_text_02\">Solvent bazl\u0131 mum cilas\u0131 korumas\u0131. Su ile seyreltilmemelidir. G\u00f6zenekleri doldurur ve su ge\u00e7irmez, kirlenmeye dayan\u0131kl\u0131, silinmeye kar\u015f\u0131 korumal\u0131 ve kaymayan bir y\u00fczey sa\u011flar. Cilalamadan sonra m\u00fckemmel parlakl\u0131kta bir y\u00fczey olu\u015fur. Ceracotto&#8217;nun ta\u015f emprenye \u00fcr\u00fcn\u00fc Impran ile seyreltilmesi neticesinde, cilan\u0131n miktar\u0131n\u0131 ta\u015f zeminin emicilik d\u00fczeyine g\u00f6re ayarlay\u0131p, zeminde fazla cila birikmesini \u00f6nleyebilirsiniz.<\/span><\/p>\n<p><span class=\"urun_text_02\"><strong>\u0130\u00e7indekiler :<\/strong> Nafta solventi, mum, bak\u0131m ya\u011flar\u0131.<br \/>\n<\/span><\/p>\n<p><span class=\"urun_text_02\"><strong>Kullan\u0131m Alanlar\u0131 :<\/strong> Palladyen fayans, cotto karolar\u0131, kumta\u015f\u0131, tu\u011fla ve kayrak gibi emici ve solventlere dayan\u0131kl\u0131 zemin kaplamalar\u0131nda kullan\u0131ma uygundur.<\/span><\/p>\n<p><strong><span class=\"urun_text_02\">Kullan\u0131m \u015eekli : <\/span><\/strong><span class=\"urun_text_02\">Kullan\u0131m esnas\u0131nda ve sonras\u0131nda mekanlar \u00e7ok iyi havaland\u0131r\u0131lmal\u0131d\u0131r. Sigara i\u00e7meyiniz. Kanalizasyon sistemine d\u00f6kmeyiniz.<\/span><strong><span class=\"urun_text_02\"><br \/>\n<\/span><\/strong><\/p>\n<p><strong><span class=\"urun_text_02\">Mum cilas\u0131 kaplama : <\/span><\/strong>Kullanmadan \u00f6nce iyice \u00e7alkalay\u0131n\u0131z. Cilay\u0131 seyreltmeden veya Impran ile seyrelterek kullan\u0131n. \u00dcr\u00fcn\u00fc, bir paspas yard\u0131m\u0131yla ince bir tabaka halinde temiz y\u00fczeye yay\u0131n. Fazla emici y\u00fczeyler i\u00e7in ikinci bir kat gerekebilir.<\/p>\n<p><strong><span class=\"urun_text_02\">Parlatma :<\/span><\/strong>\u00a0Yakla\u015f\u0131k olarak 1 saat sonra, kuru mat cila parlat\u0131labilir.<\/p>\n<p><span class=\"urun_text_02\"><strong>Uyar\u0131 :<\/strong>\u00a0<\/span>Kiehl \u00fcr\u00fcn\u00fcn usule uygun olmayan kullan\u0131m\u0131 ve bundan do\u011facak zararlar i\u00e7in hi\u00e7bir sorumlulu\u011fu kabul etmez.<\/p>\n","protected":false},"excerpt":{"rendered":"<h1 class=\"detail-productname\">Ceracotto<\/h1>\n<p><span class=\"urun_text_02\">Sert y\u00fczey mum cilas\u0131 korumas\u0131<\/span><\/p>\n<p><span class=\"urun_text_02\"><strong>\u00d6zellikleri <\/strong>: Solvent bazl\u0131 mum cilas\u0131 korumas\u0131. Su ile seyreltilmemelidir. G\u00f6zenekleri doldurur ve su ge\u00e7irmez, kirlenmeye dayan\u0131kl\u0131, silinmeye kar\u015f\u0131 korumal\u0131 ve kaymayan bir y\u00fczey sa\u011flar. Cilalamadan sonra m\u00fckemmel parlakl\u0131kta bir y\u00fczey olu\u015fur. Ceracotto&#8217;nun ta\u015f emprenye \u00fcr\u00fcn\u00fc Impran ile seyreltilmesi neticesinde, cilan\u0131n miktar\u0131n\u0131 ta\u015f zeminin emicilik d\u00fczeyine g\u00f6re ayarlay\u0131p, zeminde fazla cila birikmesini \u00f6nleyebilirsiniz.<br \/>\n<\/span><\/p>\n<p>&nbsp;<\/p>\n<p>&nbsp;<\/p>\n<p>&nbsp;<\/p>\n<p>&nbsp;<\/p>\n<p>&nbsp;<\/p>\n<hr \/>\n<p><img loading=\"lazy\" class=\"alignnone size-full wp-image-1487\" src=\"https:\/\/kiehl.mcsajans.com\/wp-content\/uploads\/2021\/02\/thermospeed_icon.jpg\" alt=\"\" width=\"140\" height=\"67\" \/><\/p>\n<p><strong><span class=\"urun_text_02\">Metrekare ba\u015f\u0131na t\u00fcketim<\/span><\/strong><br \/>\nTemel bak\u0131m: Uygulama ba\u015f\u0131na 25 ml<br \/>\nTekrar bak\u0131m: Uygulama ba\u015f\u0131na 25 ml<br \/>\nSprey bak\u0131m: 1,5 ml<\/p>\n<p>Profesyonel kullan\u0131mlar i\u00e7indir!<\/p>\n<p><strong>Paketleme<\/strong><\/p>\n<p>10 litre bidon \u00dcr. No. j 20 05 10<br \/>\n200 litre varil \u00dcr. No. j 20 05 72<br \/>\nDonmaya kar\u015f\u0131 koruyunuz!<\/p>\n","protected":false},"featured_media":1693,"comment_status":"open","ping_status":"closed","template":"elementor_theme","meta":[],"yoast_head":"<!-- This site is optimized with the Yoast SEO plugin v15.9 - https:\/\/yoast.com\/wordpress\/plugins\/seo\/ -->\r\n<title>Ceracotto | K\u0130EHL<\/title>\r\n<meta name=\"description\" content=\"Solvent bazl\u0131 mum cilas\u0131 korumas\u0131.\" \/>\r\n<meta name=\"robots\" content=\"index, follow, max-snippet:-1, max-image-preview:large, max-video-preview:-1\" \/>\r\n<link rel=\"canonical\" href=\"http:\/\/www.kiehlturkey.com\/index.php\/urun\/ceracotto\/\" \/>\r\n<meta property=\"og:locale\" content=\"tr_TR\" \/>\r\n<meta property=\"og:type\" content=\"article\" \/>\r\n<meta property=\"og:title\" content=\"Ceracotto | K\u0130EHL\" \/>\r\n<meta property=\"og:description\" content=\"Solvent bazl\u0131 mum cilas\u0131 korumas\u0131.\" \/>\r\n<meta property=\"og:url\" content=\"http:\/\/www.kiehlturkey.com\/index.php\/urun\/ceracotto\/\" \/>\r\n<meta property=\"og:site_name\" content=\"K\u0130EHL\" \/>\r\n<meta property=\"article:modified_time\" content=\"2021-02-27T21:53:57+00:00\" \/>\r\n<meta property=\"og:image\" content=\"http:\/\/www.kiehlturkey.com\/wp-content\/uploads\/2021\/02\/ceracotto.jpg\" \/>\r\n\t<meta property=\"og:image:width\" content=\"500\" \/>\r\n\t<meta property=\"og:image:height\" content=\"500\" \/>\r\n<meta name=\"twitter:card\" content=\"summary_large_image\" \/>\r\n<meta name=\"twitter:label1\" content=\"Tahmini okuma s\u00fcresi\">\n\t<meta name=\"twitter:data1\" content=\"1 dakika\">\r\n<script type=\"application\/ld+json\" class=\"yoast-schema-graph\">{\"@context\":\"https:\/\/schema.org\",\"@graph\":[{\"@type\":\"WebSite\",\"@id\":\"http:\/\/www.kiehlturkey.com\/#website\",\"url\":\"http:\/\/www.kiehlturkey.com\/\",\"name\":\"K\\u0130EHL\",\"description\":\"die saubere L\\u00f6sung\",\"potentialAction\":[{\"@type\":\"SearchAction\",\"target\":\"http:\/\/www.kiehlturkey.com\/?s={search_term_string}\",\"query-input\":\"required name=search_term_string\"}],\"inLanguage\":\"tr\"},{\"@type\":\"ImageObject\",\"@id\":\"http:\/\/www.kiehlturkey.com\/index.php\/urun\/ceracotto\/#primaryimage\",\"inLanguage\":\"tr\",\"url\":\"http:\/\/www.kiehlturkey.com\/wp-content\/uploads\/2021\/02\/ceracotto.jpg\",\"width\":500,\"height\":500},{\"@type\":\"WebPage\",\"@id\":\"http:\/\/www.kiehlturkey.com\/index.php\/urun\/ceracotto\/#webpage\",\"url\":\"http:\/\/www.kiehlturkey.com\/index.php\/urun\/ceracotto\/\",\"name\":\"Ceracotto | K\\u0130EHL\",\"isPartOf\":{\"@id\":\"http:\/\/www.kiehlturkey.com\/#website\"},\"primaryImageOfPage\":{\"@id\":\"http:\/\/www.kiehlturkey.com\/index.php\/urun\/ceracotto\/#primaryimage\"},\"datePublished\":\"2021-02-27T21:47:42+00:00\",\"dateModified\":\"2021-02-27T21:53:57+00:00\",\"description\":\"Solvent bazl\\u0131 mum cilas\\u0131 korumas\\u0131.\",\"breadcrumb\":{\"@id\":\"http:\/\/www.kiehlturkey.com\/index.php\/urun\/ceracotto\/#breadcrumb\"},\"inLanguage\":\"tr\",\"potentialAction\":[{\"@type\":\"ReadAction\",\"target\":[\"http:\/\/www.kiehlturkey.com\/index.php\/urun\/ceracotto\/\"]}]},{\"@type\":\"BreadcrumbList\",\"@id\":\"http:\/\/www.kiehlturkey.com\/index.php\/urun\/ceracotto\/#breadcrumb\",\"itemListElement\":[{\"@type\":\"ListItem\",\"position\":1,\"item\":{\"@type\":\"WebPage\",\"@id\":\"http:\/\/www.kiehlturkey.com\/\",\"url\":\"http:\/\/www.kiehlturkey.com\/\",\"name\":\"Ana sayfa\"}},{\"@type\":\"ListItem\",\"position\":2,\"item\":{\"@type\":\"WebPage\",\"@id\":\"http:\/\/www.kiehlturkey.com\/index.php\/urunler\/\",\"url\":\"http:\/\/www.kiehlturkey.com\/index.php\/urunler\/\",\"name\":\"\\u00dcr\\u00fcnler\"}},{\"@type\":\"ListItem\",\"position\":3,\"item\":{\"@type\":\"WebPage\",\"@id\":\"http:\/\/www.kiehlturkey.com\/index.php\/urun\/ceracotto\/\",\"url\":\"http:\/\/www.kiehlturkey.com\/index.php\/urun\/ceracotto\/\",\"name\":\"Ceracotto\"}}]}]}<\/script>\r\n<!-- \/ Yoast SEO plugin. -->","_links":{"self":[{"href":"http:\/\/www.kiehlturkey.com\/index.php\/wp-json\/wp\/v2\/product\/1691"}],"collection":[{"href":"http:\/\/www.kiehlturkey.com\/index.php\/wp-json\/wp\/v2\/product"}],"about":[{"href":"http:\/\/www.kiehlturkey.com\/index.php\/wp-json\/wp\/v2\/types\/product"}],"replies":[{"embeddable":true,"href":"http:\/\/www.kiehlturkey.com\/index.php\/wp-json\/wp\/v2\/comments?post=1691"}],"version-history":[{"count":1,"href":"http:\/\/www.kiehlturkey.com\/index.php\/wp-json\/wp\/v2\/product\/1691\/revisions"}],"predecessor-version":[{"id":1694,"href":"http:\/\/www.kiehlturkey.com\/index.php\/wp-json\/wp\/v2\/product\/1691\/revisions\/1694"}],"wp:featuredmedia":[{"embeddable":true,"href":"http:\/\/www.kiehlturkey.com\/index.php\/wp-json\/wp\/v2\/media\/1693"}],"wp:attachment":[{"href":"http:\/\/www.kiehlturkey.com\/index.php\/wp-json\/wp\/v2\/media?parent=1691"}],"curies":[{"name":"wp","href":"https:\/\/api.w.org\/{rel}","templated":true}]}}