{"id":1695,"date":"2021-02-27T21:54:33","date_gmt":"2021-02-27T21:54:33","guid":{"rendered":"https:\/\/kiehl.mcsajans.com\/?post_type=product&#038;p=1695"},"modified":"2021-02-27T22:04:36","modified_gmt":"2021-02-27T22:04:36","slug":"impran","status":"publish","type":"product","link":"http:\/\/www.kiehlturkey.com\/index.php\/urun\/impran\/","title":{"rendered":"Impran"},"content":{"rendered":"<p><strong><span class=\"urun_text_02\">\u00d6zellikleri : <\/span><\/strong><span class=\"urun_text_02\">Impran kullan\u0131ma haz\u0131r, solvent bazl\u0131 bir sert zemin emprenyesidir. Solventler aromatik hidrokarbonlar i\u00e7ermezler. Impran ta\u015f g\u00f6zenekleri ve k\u0131lcallar\u0131na derinlemesine n\u00fcfuz eder, h\u0131zla kurur ve sonras\u0131nda ayak izlerine dayan\u0131kl\u0131 hale gelir. Zeminin emicilik seviyesine g\u00f6re 1-4 uygulama gerekebilir. Zemin kuruduktan sonra su ve ya\u011f ge\u00e7irmez hale gelir. Uygulamay\u0131 takiben 48 saat sonra, Impran tamamen kurur ve \u00fczerinde y\u00fcr\u00fcnebilir. Impran ta\u015f zeminlerin buhar ge\u00e7irmezlik \u00f6zelli\u011fini etkilemez. \u00dcr\u00fcn ile i\u015flemden ge\u00e7irilen sert zeminler do\u011fal g\u00f6r\u00fcn\u00fcmlerini korurlar ve uzun s\u00fcreli olarak ayak izlerine kar\u015f\u0131 korunurlar. Ne kirlenmi\u015f temizleme sol\u00fcsyonlar\u0131 ne de ya\u011f ya da gres ya\u011f\u0131 ta\u015fa n\u00fcfuz edemeyecekleri i\u00e7in kolayca temizlenirler. Impran alkalilere ve UV \u0131\u015f\u0131nlar\u0131na kar\u015f\u0131 dayan\u0131kl\u0131d\u0131r. Tuzla\u015fmay\u0131, yosun ve alg olu\u015fumu ile k\u00fcf ve buzlanma hasarlar\u0131n\u0131 azalt\u0131r.<\/span><\/p>\n<p><span class=\"urun_text_02\"><strong>\u0130\u00e7indekiler :<\/strong> Emprenye ajan\u0131, suda \u00e7\u00f6z\u00fcnmeyen solventler.<br \/>\n<\/span><\/p>\n<p><span class=\"urun_text_02\"><strong>Kullan\u0131m Alanlar\u0131 :<\/strong> Yeni yap\u0131lm\u0131\u015f ya da eski, g\u00f6zenekli ya da emici y\u00fczeyli b\u00fct\u00fcn\u00fcyle temizlenmi\u015f do\u011fal ve suni ta\u015f zeminler ve seramik zeminlerde kullan\u0131ma uygundur. Bu t\u00fcr zeminlere \u00f6rnek olarak porselen karolar, granit, somaki ta\u015f\u0131, gnays, mermer, kumta\u015f\u0131, aglomerat ta\u015f\u0131, palladyen fayanslar, tu\u011fla, beton ve \u015fap beton verilebilir. Uygulaman\u0131n yap\u0131laca\u011f\u0131 y\u00fczey tamamen kuru ve toprak, mum ve gres ya\u011f\u0131ndan ar\u0131nm\u0131\u015f olmal\u0131d\u0131r.<\/span><\/p>\n<p><strong><span class=\"urun_text_02\">Kullan\u0131m \u015eekli : <\/span><\/strong><span class=\"urun_text_02\">\u00dcr\u00fcn\u00fcn kullan\u0131ld\u0131\u011f\u0131 esnada ve sonras\u0131nda mekan \u00e7ok iyi havaland\u0131r\u0131lmal\u0131 ve sigara i\u00e7ilmemelidir.<\/span><strong><span class=\"urun_text_02\"><br \/>\n<\/span><\/strong><\/p>\n<p><strong><span class=\"urun_text_02\">Sert zemin emprenyesi :<\/span><\/strong>\u00a0Uygulama esnas\u0131nda zemin \u0131s\u0131s\u0131 +5\u00b0C ila +25\u00b0C aras\u0131 olmal\u0131d\u0131r. Bir saat sonra \u00fczerinde y\u00fcr\u00fcnebilir hale gelir. Zemin % 65&#8217;lik nispi nem oran\u0131 ile +20\u00b0C &#8216;da maksimum 48 saatlik kuruma zaman\u0131ndan sonra tamamen dayan\u0131kl\u0131 olur. \u00dcr\u00fcn\u00fc seyreltmeden, ince bir tabaka halinde d\u00fcz bir paspasla yay\u0131n. Zeminin emicilik d\u00fczeyine g\u00f6re, 30 dakikal\u0131k aral\u0131klarla 1-4 uygulama gerekebilir. 15 dakika sonra emilmemi\u015f olan \u00fcr\u00fcn art\u0131klar\u0131n\u0131 bir su\u00e7ek ile temizleyin. Daha sonra kalmas\u0131 muhtemel art\u0131klar\u0131 da kuru bir bez ile temizleyin.<\/p>\n<p><strong><span class=\"urun_text_02\">Uyar\u0131 :<\/span><\/strong> Kiehl \u00fcr\u00fcn\u00fcn us\u00fcle uygun olmayan kullan\u0131m\u0131 ve bundan do\u011facak zararlar i\u00e7in hi\u00e7bir sorumlulu\u011fu kabul etmez.<\/p>\n<p><img loading=\"lazy\" class=\"alignnone size-full wp-image-1697\" src=\"https:\/\/kiehl.mcsajans.com\/wp-content\/uploads\/2021\/02\/tahris-5.jpg\" alt=\"\" width=\"69\" height=\"79\" \/> R 10 Yan\u0131c\u0131.<br \/>\nR 65 Yutulmas\u0131 halinde akci\u011ferlere zarar verebilir.<br \/>\nS 24 Deriye temas etmemesine dikkat ediniz.<br \/>\nS 43 S\u00f6nd\u00fcrmek i\u00e7in toz kullan\u0131n\u0131z, su kullanmay\u0131n\u0131z.<br \/>\nS 51 Sadece \u00e7ok iyi havaland\u0131rman\u0131n bulundu\u011fu yerlerde kullan\u0131n\u0131z.<br \/>\nS 62 Yutan ki\u015fiyi kusturmaya \u00e7al\u0131\u015fmay\u0131n\u0131z: hemen bir t\u0131p merkezine<br \/>\nba\u015fvurunuz ve madde etiketini veya kab\u0131n\u0131 doktora g\u00f6steriniz. Solvent nafta i\u00e7erir.<\/p>\n","protected":false},"excerpt":{"rendered":"<h1 class=\"detail-productname\">Impran<\/h1>\n<p><span class=\"urun_text_02\">Sert zemin emprenyesi<\/span><\/p>\n<p><span class=\"urun_text_02\"><strong>\u00d6zellikleri <\/strong>: Impran kullan\u0131ma haz\u0131r, solvent bazl\u0131 bir sert zemin emprenyesidir. Solventler aromatik hidrokarbonlar i\u00e7ermezler. Impran ta\u015f g\u00f6zenekleri ve k\u0131lcallar\u0131na derinlemesine n\u00fcfuz eder, h\u0131zla kurur ve sonras\u0131nda ayak izlerine dayan\u0131kl\u0131 hale gelir. Zeminin emicilik seviyesine g\u00f6re 1-4 uygulama gerekebilir. Zemin kuruduktan sonra su ve ya\u011f ge\u00e7irmez hale gelir. Uygulamay\u0131 takiben 48 saat sonra, Impran tamamen kurur ve \u00fczerinde y\u00fcr\u00fcnebilir. Impran ta\u015f zeminlerin buhar ge\u00e7irmezlik \u00f6zelli\u011fini etkilemez. \u00dcr\u00fcn ile i\u015flemden ge\u00e7irilen sert zeminler do\u011fal g\u00f6r\u00fcn\u00fcmlerini korurlar ve uzun s\u00fcreli olarak ayak izlerine kar\u015f\u0131 korunurlar. Ne kirlenmi\u015f temizleme sol\u00fcsyonlar\u0131 ne de ya\u011f ya da gres ya\u011f\u0131 ta\u015fa n\u00fcfuz edemeyecekleri i\u00e7in kolayca temizlenirler. Impran alkalilere ve UV \u0131\u015f\u0131nlar\u0131na kar\u015f\u0131 dayan\u0131kl\u0131d\u0131r. Tuzla\u015fmay\u0131, yosun ve alg olu\u015fumu ile k\u00fcf ve buzlanma hasarlar\u0131n\u0131 azalt\u0131r.<\/p>\n<p><\/span><\/p>\n<p>&nbsp;<\/p>\n<p>&nbsp;<\/p>\n<p>&nbsp;<\/p>\n<p>&nbsp;<\/p>\n<p>&nbsp;<\/p>\n<hr \/>\n<p><img loading=\"lazy\" class=\"alignnone size-full wp-image-1457\" src=\"https:\/\/kiehl.mcsajans.com\/wp-content\/uploads\/2021\/02\/thermodur_icon.jpg\" alt=\"\" width=\"66\" height=\"67\" \/><\/p>\n<p><strong><span class=\"urun_text_02\">Metrekare ba\u015f\u0131na t\u00fcketim<\/span><\/strong><br \/>\nSert zemin emprenyesi: Ta\u015f\u0131n emicilik d\u00fczeyine g\u00f6re 5-500 ml<\/p>\n<p>Profesyonel kullan\u0131mlar i\u00e7indir!<\/p>\n<p><strong>Paketleme<\/strong><\/p>\n<p>4 x 2.5 litre metal kutuluk koli \u00dcr. No. j 21 04 65<\/p>\n","protected":false},"featured_media":1703,"comment_status":"open","ping_status":"closed","template":"elementor_theme","meta":[],"yoast_head":"<!-- This site is optimized with the Yoast SEO plugin v15.9 - https:\/\/yoast.com\/wordpress\/plugins\/seo\/ -->\r\n<title>Impran | K\u0130EHL<\/title>\r\n<meta name=\"description\" content=\"Impran kullan\u0131ma haz\u0131r, solvent bazl\u0131 bir sert zemin emprenyesidir.\" \/>\r\n<meta name=\"robots\" content=\"index, follow, max-snippet:-1, max-image-preview:large, max-video-preview:-1\" \/>\r\n<link rel=\"canonical\" href=\"http:\/\/www.kiehlturkey.com\/index.php\/urun\/impran\/\" \/>\r\n<meta property=\"og:locale\" content=\"tr_TR\" \/>\r\n<meta property=\"og:type\" content=\"article\" \/>\r\n<meta property=\"og:title\" content=\"Impran | K\u0130EHL\" \/>\r\n<meta property=\"og:description\" content=\"Impran kullan\u0131ma haz\u0131r, solvent bazl\u0131 bir sert zemin emprenyesidir.\" \/>\r\n<meta property=\"og:url\" content=\"http:\/\/www.kiehlturkey.com\/index.php\/urun\/impran\/\" \/>\r\n<meta property=\"og:site_name\" content=\"K\u0130EHL\" \/>\r\n<meta property=\"article:modified_time\" content=\"2021-02-27T22:04:36+00:00\" \/>\r\n<meta property=\"og:image\" content=\"http:\/\/www.kiehlturkey.com\/wp-content\/uploads\/2021\/02\/impran.jpg\" \/>\r\n\t<meta property=\"og:image:width\" content=\"500\" \/>\r\n\t<meta property=\"og:image:height\" content=\"500\" \/>\r\n<meta name=\"twitter:card\" content=\"summary_large_image\" \/>\r\n<meta name=\"twitter:label1\" content=\"Tahmini okuma s\u00fcresi\">\n\t<meta name=\"twitter:data1\" content=\"2 dakika\">\r\n<script type=\"application\/ld+json\" class=\"yoast-schema-graph\">{\"@context\":\"https:\/\/schema.org\",\"@graph\":[{\"@type\":\"WebSite\",\"@id\":\"http:\/\/www.kiehlturkey.com\/#website\",\"url\":\"http:\/\/www.kiehlturkey.com\/\",\"name\":\"K\\u0130EHL\",\"description\":\"die saubere L\\u00f6sung\",\"potentialAction\":[{\"@type\":\"SearchAction\",\"target\":\"http:\/\/www.kiehlturkey.com\/?s={search_term_string}\",\"query-input\":\"required name=search_term_string\"}],\"inLanguage\":\"tr\"},{\"@type\":\"ImageObject\",\"@id\":\"http:\/\/www.kiehlturkey.com\/index.php\/urun\/impran\/#primaryimage\",\"inLanguage\":\"tr\",\"url\":\"http:\/\/www.kiehlturkey.com\/wp-content\/uploads\/2021\/02\/impran.jpg\",\"width\":500,\"height\":500},{\"@type\":\"WebPage\",\"@id\":\"http:\/\/www.kiehlturkey.com\/index.php\/urun\/impran\/#webpage\",\"url\":\"http:\/\/www.kiehlturkey.com\/index.php\/urun\/impran\/\",\"name\":\"Impran | K\\u0130EHL\",\"isPartOf\":{\"@id\":\"http:\/\/www.kiehlturkey.com\/#website\"},\"primaryImageOfPage\":{\"@id\":\"http:\/\/www.kiehlturkey.com\/index.php\/urun\/impran\/#primaryimage\"},\"datePublished\":\"2021-02-27T21:54:33+00:00\",\"dateModified\":\"2021-02-27T22:04:36+00:00\",\"description\":\"Impran kullan\\u0131ma haz\\u0131r, solvent bazl\\u0131 bir sert zemin emprenyesidir.\",\"breadcrumb\":{\"@id\":\"http:\/\/www.kiehlturkey.com\/index.php\/urun\/impran\/#breadcrumb\"},\"inLanguage\":\"tr\",\"potentialAction\":[{\"@type\":\"ReadAction\",\"target\":[\"http:\/\/www.kiehlturkey.com\/index.php\/urun\/impran\/\"]}]},{\"@type\":\"BreadcrumbList\",\"@id\":\"http:\/\/www.kiehlturkey.com\/index.php\/urun\/impran\/#breadcrumb\",\"itemListElement\":[{\"@type\":\"ListItem\",\"position\":1,\"item\":{\"@type\":\"WebPage\",\"@id\":\"http:\/\/www.kiehlturkey.com\/\",\"url\":\"http:\/\/www.kiehlturkey.com\/\",\"name\":\"Ana sayfa\"}},{\"@type\":\"ListItem\",\"position\":2,\"item\":{\"@type\":\"WebPage\",\"@id\":\"http:\/\/www.kiehlturkey.com\/index.php\/urunler\/\",\"url\":\"http:\/\/www.kiehlturkey.com\/index.php\/urunler\/\",\"name\":\"\\u00dcr\\u00fcnler\"}},{\"@type\":\"ListItem\",\"position\":3,\"item\":{\"@type\":\"WebPage\",\"@id\":\"http:\/\/www.kiehlturkey.com\/index.php\/urun\/impran\/\",\"url\":\"http:\/\/www.kiehlturkey.com\/index.php\/urun\/impran\/\",\"name\":\"Impran\"}}]}]}<\/script>\r\n<!-- \/ Yoast SEO plugin. -->","_links":{"self":[{"href":"http:\/\/www.kiehlturkey.com\/index.php\/wp-json\/wp\/v2\/product\/1695"}],"collection":[{"href":"http:\/\/www.kiehlturkey.com\/index.php\/wp-json\/wp\/v2\/product"}],"about":[{"href":"http:\/\/www.kiehlturkey.com\/index.php\/wp-json\/wp\/v2\/types\/product"}],"replies":[{"embeddable":true,"href":"http:\/\/www.kiehlturkey.com\/index.php\/wp-json\/wp\/v2\/comments?post=1695"}],"version-history":[{"count":1,"href":"http:\/\/www.kiehlturkey.com\/index.php\/wp-json\/wp\/v2\/product\/1695\/revisions"}],"predecessor-version":[{"id":1704,"href":"http:\/\/www.kiehlturkey.com\/index.php\/wp-json\/wp\/v2\/product\/1695\/revisions\/1704"}],"wp:featuredmedia":[{"embeddable":true,"href":"http:\/\/www.kiehlturkey.com\/index.php\/wp-json\/wp\/v2\/media\/1703"}],"wp:attachment":[{"href":"http:\/\/www.kiehlturkey.com\/index.php\/wp-json\/wp\/v2\/media?parent=1695"}],"curies":[{"name":"wp","href":"https:\/\/api.w.org\/{rel}","templated":true}]}}