{"id":1702,"date":"2021-02-27T22:03:10","date_gmt":"2021-02-27T22:03:10","guid":{"rendered":"https:\/\/kiehl.mcsajans.com\/?post_type=product&#038;p=1702"},"modified":"2021-02-27T22:10:24","modified_gmt":"2021-02-27T22:10:24","slug":"keradet-aktiv","status":"publish","type":"product","link":"http:\/\/www.kiehlturkey.com\/index.php\/urun\/keradet-aktiv\/","title":{"rendered":"Keradet-Aktiv"},"content":{"rendered":"<p><strong><span class=\"urun_text_02\">\u00d6zellikleri : <\/span><\/strong><span class=\"urun_text_02\">Anti bakteriyel etkili ve kal\u0131c\u0131 kokulu y\u00fcksek tesirli alkol bazl\u0131 temizleyici. Keradet-Aktiv p\u00fcr\u00fczs\u00fcz bir \u015fekilde kurudu\u011fu i\u00e7in \u00f6zellikle \u00e7ok parlak zeminlerin temizli\u011fi i\u00e7in uygundur.<\/span><span class=\"urun_text_02\"><br \/>\n<\/span><\/p>\n<p><span class=\"urun_text_02\"><strong>\u0130\u00e7indekiler :<\/strong> Non-iyonik y\u00fczey etkin maddeler &lt; 5%, suda \u00e7\u00f6z\u00fcnebilen solventler, esanslar (linalol), koruyucular (metil-\/meiylkloroisothiazolinone). pH-de\u011feri (konsantre): yakla\u015f\u0131k 7 pH-de\u011feri (kullan\u0131ma haz\u0131r sol\u00fcsyon): yakla\u015f\u0131k 7,5<\/span><\/p>\n<p><span class=\"urun_text_02\"><strong>Kullan\u0131m Alanlar\u0131 :<\/strong><br \/>\n<strong>Rutin temizlik (silme \/ mekanik \u0131slak temizlik) :<\/strong>\u00a08 litre so\u011fuk suya 80 ml.<\/span><\/p>\n<p><strong><span class=\"urun_text_02\">Rutin temizlik (y\u00fczey temizli\u011fi) :<\/span>\u00a0<\/strong>4 litre so\u011fuk suya 80 ml.<\/p>\n","protected":false},"excerpt":{"rendered":"<h1><span class=\"urun_baslik_09\">Keradet-Aktiv<\/span><\/h1>\n<p><strong>\u00c7ok ama\u00e7l\u0131 alkol bazl\u0131 temizleyici<\/strong><\/p>\n<p><span class=\"urun_text_02\"><strong>\u00d6zellikleri <\/strong>:\u00a0 Anti bakteriyel etkili ve kal\u0131c\u0131 kokulu y\u00fcksek tesirli alkol bazl\u0131 temizleyici. Keradet-Aktiv p\u00fcr\u00fczs\u00fcz bir \u015fekilde kurudu\u011fu i\u00e7in \u00f6zellikle \u00e7ok parlak zeminlerin temizli\u011fi i\u00e7in uygundur.<\/span><\/p>\n<hr \/>\n<p><strong><span class=\"urun_text_02\">Metrekare ba\u015f\u0131na t\u00fcketim<\/span><\/strong><br \/>\nSilme \/ mekanik \u0131slak temizlik: 0,5-1 ml<br \/>\nY\u00fczey temizli\u011fi: 0,7 ml<\/p>\n<p><strong>\u00a0Profesyonel Kullan\u0131mlar i\u00e7indir!<\/strong><\/p>\n<p><strong>Paketleme <\/strong><\/p>\n<p>6 x 1 litre \u015fi\u015felik koli \u00dcr. No. j 25 02 01<br \/>\n10 litre bidon \u00dcr. No. j 25 02 10<br \/>\n200 litre varil \u00dcr. No. j 25 02 72<\/p>\n<p><img loading=\"lazy\" class=\"alignnone size-full wp-image-1706\" src=\"https:\/\/kiehl.mcsajans.com\/wp-content\/uploads\/2021\/02\/icon11.jpg\" alt=\"\" width=\"194\" height=\"127\" \/><\/p>\n<p>&nbsp;<\/p>\n","protected":false},"featured_media":1707,"comment_status":"open","ping_status":"closed","template":"elementor_theme","meta":[],"yoast_head":"<!-- This site is optimized with the Yoast SEO plugin v15.9 - https:\/\/yoast.com\/wordpress\/plugins\/seo\/ -->\r\n<title>Keradet-Aktiv | K\u0130EHL<\/title>\r\n<meta name=\"description\" content=\"Econa Konsantre, g\u00fcnl\u00fck temizlik i\u00e7in ideal olan, \u00e7ok ama\u00e7l\u0131 bir rutin temizlik \u00fcr\u00fcn\u00fcd\u00fcr.\" \/>\r\n<meta name=\"robots\" content=\"index, follow, max-snippet:-1, max-image-preview:large, max-video-preview:-1\" \/>\r\n<link rel=\"canonical\" href=\"http:\/\/www.kiehlturkey.com\/index.php\/urun\/keradet-aktiv\/\" \/>\r\n<meta property=\"og:locale\" content=\"tr_TR\" \/>\r\n<meta property=\"og:type\" content=\"article\" \/>\r\n<meta property=\"og:title\" content=\"Keradet-Aktiv | K\u0130EHL\" \/>\r\n<meta property=\"og:description\" content=\"Econa Konsantre, g\u00fcnl\u00fck temizlik i\u00e7in ideal olan, \u00e7ok ama\u00e7l\u0131 bir rutin temizlik \u00fcr\u00fcn\u00fcd\u00fcr.\" \/>\r\n<meta property=\"og:url\" content=\"http:\/\/www.kiehlturkey.com\/index.php\/urun\/keradet-aktiv\/\" \/>\r\n<meta property=\"og:site_name\" content=\"K\u0130EHL\" \/>\r\n<meta property=\"article:modified_time\" content=\"2021-02-27T22:10:24+00:00\" \/>\r\n<meta property=\"og:image\" content=\"http:\/\/www.kiehlturkey.com\/wp-content\/uploads\/2021\/02\/Untitled-1-27.jpg\" \/>\r\n\t<meta property=\"og:image:width\" content=\"500\" \/>\r\n\t<meta property=\"og:image:height\" content=\"500\" \/>\r\n<meta name=\"twitter:card\" content=\"summary_large_image\" \/>\r\n<meta name=\"twitter:label1\" content=\"Tahmini okuma s\u00fcresi\">\n\t<meta name=\"twitter:data1\" content=\"1 dakika\">\r\n<script type=\"application\/ld+json\" class=\"yoast-schema-graph\">{\"@context\":\"https:\/\/schema.org\",\"@graph\":[{\"@type\":\"WebSite\",\"@id\":\"http:\/\/www.kiehlturkey.com\/#website\",\"url\":\"http:\/\/www.kiehlturkey.com\/\",\"name\":\"K\\u0130EHL\",\"description\":\"die saubere L\\u00f6sung\",\"potentialAction\":[{\"@type\":\"SearchAction\",\"target\":\"http:\/\/www.kiehlturkey.com\/?s={search_term_string}\",\"query-input\":\"required name=search_term_string\"}],\"inLanguage\":\"tr\"},{\"@type\":\"ImageObject\",\"@id\":\"http:\/\/www.kiehlturkey.com\/index.php\/urun\/keradet-aktiv\/#primaryimage\",\"inLanguage\":\"tr\",\"url\":\"http:\/\/www.kiehlturkey.com\/wp-content\/uploads\/2021\/02\/Untitled-1-27.jpg\",\"width\":500,\"height\":500},{\"@type\":\"WebPage\",\"@id\":\"http:\/\/www.kiehlturkey.com\/index.php\/urun\/keradet-aktiv\/#webpage\",\"url\":\"http:\/\/www.kiehlturkey.com\/index.php\/urun\/keradet-aktiv\/\",\"name\":\"Keradet-Aktiv | K\\u0130EHL\",\"isPartOf\":{\"@id\":\"http:\/\/www.kiehlturkey.com\/#website\"},\"primaryImageOfPage\":{\"@id\":\"http:\/\/www.kiehlturkey.com\/index.php\/urun\/keradet-aktiv\/#primaryimage\"},\"datePublished\":\"2021-02-27T22:03:10+00:00\",\"dateModified\":\"2021-02-27T22:10:24+00:00\",\"description\":\"Econa Konsantre, g\\u00fcnl\\u00fck temizlik i\\u00e7in ideal olan, \\u00e7ok ama\\u00e7l\\u0131 bir rutin temizlik \\u00fcr\\u00fcn\\u00fcd\\u00fcr.\",\"breadcrumb\":{\"@id\":\"http:\/\/www.kiehlturkey.com\/index.php\/urun\/keradet-aktiv\/#breadcrumb\"},\"inLanguage\":\"tr\",\"potentialAction\":[{\"@type\":\"ReadAction\",\"target\":[\"http:\/\/www.kiehlturkey.com\/index.php\/urun\/keradet-aktiv\/\"]}]},{\"@type\":\"BreadcrumbList\",\"@id\":\"http:\/\/www.kiehlturkey.com\/index.php\/urun\/keradet-aktiv\/#breadcrumb\",\"itemListElement\":[{\"@type\":\"ListItem\",\"position\":1,\"item\":{\"@type\":\"WebPage\",\"@id\":\"http:\/\/www.kiehlturkey.com\/\",\"url\":\"http:\/\/www.kiehlturkey.com\/\",\"name\":\"Ana sayfa\"}},{\"@type\":\"ListItem\",\"position\":2,\"item\":{\"@type\":\"WebPage\",\"@id\":\"http:\/\/www.kiehlturkey.com\/index.php\/urunler\/\",\"url\":\"http:\/\/www.kiehlturkey.com\/index.php\/urunler\/\",\"name\":\"\\u00dcr\\u00fcnler\"}},{\"@type\":\"ListItem\",\"position\":3,\"item\":{\"@type\":\"WebPage\",\"@id\":\"http:\/\/www.kiehlturkey.com\/index.php\/urun\/keradet-aktiv\/\",\"url\":\"http:\/\/www.kiehlturkey.com\/index.php\/urun\/keradet-aktiv\/\",\"name\":\"Keradet-Aktiv\"}}]}]}<\/script>\r\n<!-- \/ Yoast SEO plugin. -->","_links":{"self":[{"href":"http:\/\/www.kiehlturkey.com\/index.php\/wp-json\/wp\/v2\/product\/1702"}],"collection":[{"href":"http:\/\/www.kiehlturkey.com\/index.php\/wp-json\/wp\/v2\/product"}],"about":[{"href":"http:\/\/www.kiehlturkey.com\/index.php\/wp-json\/wp\/v2\/types\/product"}],"replies":[{"embeddable":true,"href":"http:\/\/www.kiehlturkey.com\/index.php\/wp-json\/wp\/v2\/comments?post=1702"}],"version-history":[{"count":1,"href":"http:\/\/www.kiehlturkey.com\/index.php\/wp-json\/wp\/v2\/product\/1702\/revisions"}],"predecessor-version":[{"id":1708,"href":"http:\/\/www.kiehlturkey.com\/index.php\/wp-json\/wp\/v2\/product\/1702\/revisions\/1708"}],"wp:featuredmedia":[{"embeddable":true,"href":"http:\/\/www.kiehlturkey.com\/index.php\/wp-json\/wp\/v2\/media\/1707"}],"wp:attachment":[{"href":"http:\/\/www.kiehlturkey.com\/index.php\/wp-json\/wp\/v2\/media?parent=1702"}],"curies":[{"name":"wp","href":"https:\/\/api.w.org\/{rel}","templated":true}]}}