{"id":1705,"date":"2021-02-27T22:05:20","date_gmt":"2021-02-27T22:05:20","guid":{"rendered":"https:\/\/kiehl.mcsajans.com\/?post_type=product&#038;p=1705"},"modified":"2021-02-27T22:11:30","modified_gmt":"2021-02-27T22:11:30","slug":"impranet","status":"publish","type":"product","link":"http:\/\/www.kiehlturkey.com\/index.php\/urun\/impranet\/","title":{"rendered":"Impranet"},"content":{"rendered":"<p><strong><span class=\"urun_text_02\">\u00d6zellikleri : <\/span><\/strong><span class=\"urun_text_02\">Impranet, hem i\u00e7 hem de d\u0131\u015f kullan\u0131mlar i\u00e7in uygun bir ta\u015f emprenyesidir. Impranet, ta\u015f\u0131n g\u00f6zeneklerine derinlemesine n\u00fcfuz eder ve kuruduktan sonra y\u00fczeyi su ve ya\u011fa kar\u015f\u0131 korur. Impranet, don hasarlar\u0131n\u0131 \u00f6nler ve s\u00fcrekli olarak \u0131slak olan y\u00fczeylerde bile a\u015f\u0131nmay\u0131 azalt\u0131r. \u00dcr\u00fcn, ayn\u0131 zamanda alg ve yosun olu\u015fumunu da \u00f6nler. Organik solventler i\u00e7ermez ve kokusuzdur. Bu y\u00fczden, bu yenilik\u00e7i form\u00fclasyon binalarda kullan\u0131m i\u00e7in de idealdir.<\/span><\/p>\n<p><span class=\"urun_text_02\"><strong>\u0130\u00e7indekiler :<\/strong> Emprenye ajan\u0131, em\u00fclsifiye ediciler, biyosid. pH-de\u011feri (konsantre): yakla\u015f\u0131k 5<br \/>\n<\/span><\/p>\n<p><span class=\"urun_text_02\"><strong>Kullan\u0131m Alanlar\u0131 :<\/strong> Yeni yap\u0131lm\u0131\u015f ya da eski, g\u00f6zenekli ya da emici y\u00fczeyli, b\u00fct\u00fcn\u00fcyle temizlenmi\u015f do\u011fal ve suni ta\u015f zeminler ve seramik zeminlerde kullan\u0131ma uygundur. Bu t\u00fcr zeminlere \u00f6rnek olarak porselen karolar, granit, somaki ta\u015f\u0131, gnays, mermer, kumta\u015f\u0131, aglomerat ta\u015f\u0131, palladyen fayanslar, tu\u011fla, beton ve \u015fap beton verilebilir. Uygulaman\u0131n yap\u0131laca\u011f\u0131 y\u00fczey tamamen kuru ve toprak, mum ve gres ya\u011f\u0131ndan ar\u0131nm\u0131\u015f olmal\u0131d\u0131r. Porselen<br \/>\nkarolar i\u00e7in uygun de\u011fildir.<\/span><\/p>\n<p><strong><span class=\"urun_text_02\">Kullan\u0131m \u015eekli : <\/span><\/strong><span class=\"urun_text_02\">\u0130lk uygulamadan \u00f6nce k\u00fc\u00e7\u00fck bir b\u00f6lgeyi materyalin renk b\u0131rak\u0131p b\u0131rakmad\u0131\u011f\u0131n\u0131 anlamak i\u00e7in test ediniz.<\/span><strong><span class=\"urun_text_02\"><br \/>\n<\/span><\/strong><\/p>\n<p><strong><span class=\"urun_text_02\">Sert zemin emprenyesi :<\/span><\/strong> Impranet&#8217;i ya\u011fdan ar\u0131nm\u0131\u015f ve olabildi\u011fince kuru y\u00fczeye, zemin iyice \u0131slanana kadar uygulay\u0131n. Zeminin emicilik d\u00fczeyine g\u00f6re spreyleme y\u00f6ntemi veya paspas kullan\u0131n. \u00dcr\u00fcn zemin taraf\u0131ndan art\u0131k emilmedi\u011fi ama halen y\u00fczeyde kald\u0131\u011f\u0131 anda yeterince \u0131slanm\u0131\u015f demektir. Bu kal\u0131nt\u0131lar, s\u00fct\u00fcms\u00fc ve yap\u0131\u015fkan bir tabaka olu\u015ftururlar. Bu tabakan\u0131n bir saat i\u00e7inde \u0131slak bir paspasla ya da vakumlayarak temizlenmesi \u015fartt\u0131r. Uygulama esnas\u0131nda y\u00fczey s\u0131cakl\u0131\u011f\u0131 5\u00b0C ila 25\u00b0C aras\u0131nda olmal\u0131d\u0131r. Impranet, kurur kurumaz \u00fczerinde y\u00fcr\u00fcnebilir hale gelir. Su ve ya\u011fa kar\u015f\u0131 dayan\u0131kl\u0131l\u0131k \u00f6zellikleri tam olarak 5 g\u00fcn sonra ortaya \u00e7\u0131kar.<\/p>\n<p><strong><span class=\"urun_text_02\">Uyar\u0131 :<\/span><\/strong> Kiehl \u00fcr\u00fcn\u00fcn us\u00fcle uygun olmayan kullan\u0131m\u0131 ve bundan do\u011facak zararlar i\u00e7in hi\u00e7bir sorumlulu\u011fu kabul etmez.<\/p>\n<p><img loading=\"lazy\" class=\"alignnone size-full wp-image-1697\" src=\"https:\/\/kiehl.mcsajans.com\/wp-content\/uploads\/2021\/02\/tahris-5.jpg\" alt=\"\" width=\"69\" height=\"79\" \/> R 43 Deri temas\u0131 yoluyla duyarl\u0131l\u0131\u011f\u0131n artmas\u0131na neden olabilir.<br \/>\nS 37 Uygun eldiven kullan\u0131n\u0131z.<br \/>\nS 24\/25 Deriye ve g\u00f6zlere temas etmemesine dikkat ediniz.<\/p>\n","protected":false},"excerpt":{"rendered":"<h1 class=\"detail-productname\">Impranet<\/h1>\n<p><span class=\"urun_text_02\">Solvent i\u00e7ermeyen sert zemin emprenyesi<\/span><\/p>\n<p><span class=\"urun_text_02\"><strong>\u00d6zellikleri <\/strong>: Impranet, hem i\u00e7 hem de d\u0131\u015f kullan\u0131mlar i\u00e7in uygun bir ta\u015f emprenyesidir. Impranet, ta\u015f\u0131n g\u00f6zeneklerine derinlemesine n\u00fcfuz eder ve kuruduktan sonra y\u00fczeyi su ve ya\u011fa kar\u015f\u0131 korur. Impranet, don hasarlar\u0131n\u0131 \u00f6nler ve s\u00fcrekli olarak \u0131slak olan y\u00fczeylerde bile a\u015f\u0131nmay\u0131 azalt\u0131r. \u00dcr\u00fcn, ayn\u0131 zamanda alg ve yosun olu\u015fumunu da \u00f6nler. Organik solventler i\u00e7ermez ve kokusuzdur. Bu y\u00fczden, bu yenilik\u00e7i form\u00fclasyon binalarda kullan\u0131m i\u00e7in de idealdir.<\/span><\/p>\n<p>&nbsp;<\/p>\n<p>&nbsp;<\/p>\n<p>&nbsp;<\/p>\n<p>&nbsp;<\/p>\n<p>&nbsp;<\/p>\n<p>&nbsp;<\/p>\n<hr \/>\n<p><img loading=\"lazy\" class=\"alignnone size-full wp-image-1457\" src=\"https:\/\/kiehl.mcsajans.com\/wp-content\/uploads\/2021\/02\/thermodur_icon.jpg\" alt=\"\" width=\"66\" height=\"67\" \/><\/p>\n<p><strong><span class=\"urun_text_02\">Metrekare ba\u015f\u0131na t\u00fcketim<\/span><\/strong><br \/>\nSert zemin emprenyesi: Ta\u015f\u0131n emicilik d\u00fczeyine g\u00f6re 50-150 ml<\/p>\n<p>Profesyonel kullan\u0131mlar i\u00e7indir!<\/p>\n<p><strong>Paketleme<\/strong><\/p>\n<p>5 litre bidon \u00dcr. No. j 21 05 15<\/p>\n","protected":false},"featured_media":1709,"comment_status":"open","ping_status":"closed","template":"elementor_theme","meta":[],"yoast_head":"<!-- This site is optimized with the Yoast SEO plugin v15.9 - https:\/\/yoast.com\/wordpress\/plugins\/seo\/ -->\r\n<title>Impranet | K\u0130EHL<\/title>\r\n<meta name=\"description\" content=\"Impranet, hem i\u00e7 hem de d\u0131\u015f kullan\u0131mlar i\u00e7in uygun bir ta\u015f emprenyesidir.\" \/>\r\n<meta name=\"robots\" content=\"index, follow, max-snippet:-1, max-image-preview:large, max-video-preview:-1\" \/>\r\n<link rel=\"canonical\" href=\"http:\/\/www.kiehlturkey.com\/index.php\/urun\/impranet\/\" \/>\r\n<meta property=\"og:locale\" content=\"tr_TR\" \/>\r\n<meta property=\"og:type\" content=\"article\" \/>\r\n<meta property=\"og:title\" content=\"Impranet | K\u0130EHL\" \/>\r\n<meta property=\"og:description\" content=\"Impranet, hem i\u00e7 hem de d\u0131\u015f kullan\u0131mlar i\u00e7in uygun bir ta\u015f emprenyesidir.\" \/>\r\n<meta property=\"og:url\" content=\"http:\/\/www.kiehlturkey.com\/index.php\/urun\/impranet\/\" \/>\r\n<meta property=\"og:site_name\" content=\"K\u0130EHL\" \/>\r\n<meta property=\"article:modified_time\" content=\"2021-02-27T22:11:30+00:00\" \/>\r\n<meta property=\"og:image\" content=\"http:\/\/www.kiehlturkey.com\/wp-content\/uploads\/2021\/02\/impranet.jpg\" \/>\r\n\t<meta property=\"og:image:width\" content=\"500\" \/>\r\n\t<meta property=\"og:image:height\" content=\"500\" \/>\r\n<meta name=\"twitter:card\" content=\"summary_large_image\" \/>\r\n<meta name=\"twitter:label1\" content=\"Tahmini okuma s\u00fcresi\">\n\t<meta name=\"twitter:data1\" content=\"2 dakika\">\r\n<script type=\"application\/ld+json\" class=\"yoast-schema-graph\">{\"@context\":\"https:\/\/schema.org\",\"@graph\":[{\"@type\":\"WebSite\",\"@id\":\"http:\/\/www.kiehlturkey.com\/#website\",\"url\":\"http:\/\/www.kiehlturkey.com\/\",\"name\":\"K\\u0130EHL\",\"description\":\"die saubere L\\u00f6sung\",\"potentialAction\":[{\"@type\":\"SearchAction\",\"target\":\"http:\/\/www.kiehlturkey.com\/?s={search_term_string}\",\"query-input\":\"required name=search_term_string\"}],\"inLanguage\":\"tr\"},{\"@type\":\"ImageObject\",\"@id\":\"http:\/\/www.kiehlturkey.com\/index.php\/urun\/impranet\/#primaryimage\",\"inLanguage\":\"tr\",\"url\":\"http:\/\/www.kiehlturkey.com\/wp-content\/uploads\/2021\/02\/impranet.jpg\",\"width\":500,\"height\":500},{\"@type\":\"WebPage\",\"@id\":\"http:\/\/www.kiehlturkey.com\/index.php\/urun\/impranet\/#webpage\",\"url\":\"http:\/\/www.kiehlturkey.com\/index.php\/urun\/impranet\/\",\"name\":\"Impranet | K\\u0130EHL\",\"isPartOf\":{\"@id\":\"http:\/\/www.kiehlturkey.com\/#website\"},\"primaryImageOfPage\":{\"@id\":\"http:\/\/www.kiehlturkey.com\/index.php\/urun\/impranet\/#primaryimage\"},\"datePublished\":\"2021-02-27T22:05:20+00:00\",\"dateModified\":\"2021-02-27T22:11:30+00:00\",\"description\":\"Impranet, hem i\\u00e7 hem de d\\u0131\\u015f kullan\\u0131mlar i\\u00e7in uygun bir ta\\u015f emprenyesidir.\",\"breadcrumb\":{\"@id\":\"http:\/\/www.kiehlturkey.com\/index.php\/urun\/impranet\/#breadcrumb\"},\"inLanguage\":\"tr\",\"potentialAction\":[{\"@type\":\"ReadAction\",\"target\":[\"http:\/\/www.kiehlturkey.com\/index.php\/urun\/impranet\/\"]}]},{\"@type\":\"BreadcrumbList\",\"@id\":\"http:\/\/www.kiehlturkey.com\/index.php\/urun\/impranet\/#breadcrumb\",\"itemListElement\":[{\"@type\":\"ListItem\",\"position\":1,\"item\":{\"@type\":\"WebPage\",\"@id\":\"http:\/\/www.kiehlturkey.com\/\",\"url\":\"http:\/\/www.kiehlturkey.com\/\",\"name\":\"Ana sayfa\"}},{\"@type\":\"ListItem\",\"position\":2,\"item\":{\"@type\":\"WebPage\",\"@id\":\"http:\/\/www.kiehlturkey.com\/index.php\/urunler\/\",\"url\":\"http:\/\/www.kiehlturkey.com\/index.php\/urunler\/\",\"name\":\"\\u00dcr\\u00fcnler\"}},{\"@type\":\"ListItem\",\"position\":3,\"item\":{\"@type\":\"WebPage\",\"@id\":\"http:\/\/www.kiehlturkey.com\/index.php\/urun\/impranet\/\",\"url\":\"http:\/\/www.kiehlturkey.com\/index.php\/urun\/impranet\/\",\"name\":\"Impranet\"}}]}]}<\/script>\r\n<!-- \/ Yoast SEO plugin. -->","_links":{"self":[{"href":"http:\/\/www.kiehlturkey.com\/index.php\/wp-json\/wp\/v2\/product\/1705"}],"collection":[{"href":"http:\/\/www.kiehlturkey.com\/index.php\/wp-json\/wp\/v2\/product"}],"about":[{"href":"http:\/\/www.kiehlturkey.com\/index.php\/wp-json\/wp\/v2\/types\/product"}],"replies":[{"embeddable":true,"href":"http:\/\/www.kiehlturkey.com\/index.php\/wp-json\/wp\/v2\/comments?post=1705"}],"version-history":[{"count":1,"href":"http:\/\/www.kiehlturkey.com\/index.php\/wp-json\/wp\/v2\/product\/1705\/revisions"}],"predecessor-version":[{"id":1710,"href":"http:\/\/www.kiehlturkey.com\/index.php\/wp-json\/wp\/v2\/product\/1705\/revisions\/1710"}],"wp:featuredmedia":[{"embeddable":true,"href":"http:\/\/www.kiehlturkey.com\/index.php\/wp-json\/wp\/v2\/media\/1709"}],"wp:attachment":[{"href":"http:\/\/www.kiehlturkey.com\/index.php\/wp-json\/wp\/v2\/media?parent=1705"}],"curies":[{"name":"wp","href":"https:\/\/api.w.org\/{rel}","templated":true}]}}