{"id":1711,"date":"2021-02-27T22:11:55","date_gmt":"2021-02-27T22:11:55","guid":{"rendered":"https:\/\/kiehl.mcsajans.com\/?post_type=product&#038;p=1711"},"modified":"2021-02-27T22:16:58","modified_gmt":"2021-02-27T22:16:58","slug":"lithodur","status":"publish","type":"product","link":"http:\/\/www.kiehlturkey.com\/index.php\/urun\/lithodur\/","title":{"rendered":"Lithodur"},"content":{"rendered":"<p><strong><span class=\"urun_text_02\">\u00d6zellikleri : <\/span><\/strong><span class=\"urun_text_02\">Lithodur ile t\u00fcm kalkerli ta\u015f t\u00fcrleri parlak, f\u0131r\u00e7alamaya dayan\u0131kl\u0131, kaymaz, kirlenmeye dayan\u0131kl\u0131 ve kolay temizlenir hale gelir. \u00dcr\u00fcn, mermer y\u00fczeylerin do\u011fal g\u00f6r\u00fcn\u00fcmlerini ve karakteristik desenlerini etkileyici bir \u015fekilde ortaya \u00e7\u0131kar\u0131r. Ta\u015f d\u00f6\u015femelerin su ge\u00e7irgenli\u011fi bundan etkilenmez. Ekonomik kullan\u0131ml\u0131d\u0131r. Lithodur, do\u011fru kullan\u0131ld\u0131\u011f\u0131nda <\/span><span class=\"urun_text_02\">\u00e7evre i\u00e7in g\u00fcvenlidir.<\/span><\/p>\n<p><span class=\"urun_text_02\"><strong>\u0130\u00e7indekiler :<\/strong> Katyonik ve non-iyonik em\u00fclsifiye ediciler, mumlar, heksa flurosilikatlar, katk\u0131 maddeleri. pH-de\u011feri (konsantre): yakla\u015f\u0131k 2<br \/>\n<\/span><\/p>\n<p><span class=\"urun_text_02\"><strong>Kullan\u0131m Alanlar\u0131 :<\/strong> Carrara mermeri, travertin ve Jura gibi ince kumlu veya parlak y\u00fczeyli do\u011fal kalkerli ta\u015f zeminlerin parlat\u0131lmas\u0131 i\u00e7in uygundur. L\u00fctfen, kullanmadan \u00f6nce mermer zeminlerin uygunlu\u011funu test ediniz. Kaba y\u00fczeyler parlatma i\u015fleminden \u00f6nce makineyle cilalanmal\u0131d\u0131r. Granit, kuvars ta\u015f\u0131, kumta\u015f\u0131, palladyen ta\u015f\u0131, palladyen fayanslar ve seramik ta\u015flar i\u00e7in kullan\u0131m\u0131 uygun de\u011fildir.<br \/>\n<\/span><\/p>\n<p><strong><span class=\"urun_text_02\">Parlatma : <\/span><\/strong><span class=\"urun_text_02\">Ta\u015f y\u00fczeyini iyice temizleyin ve kurumaya b\u0131rak\u0131n. Kullanmadan \u00f6nce iyice \u00e7alkalay\u0131n. 1 m\u00b2 kadar bir y\u00fczeye \u00fcr\u00fcn\u00fc s\u0131k\u0131n ve hemen Litho Ped&#8217;li makineyle \u00e7al\u0131\u015fmaya ba\u015flay\u0131n (140-800 r.p.m. devirle). Litho Ped kirlenecek olursa tersini \u00e7evirin veya yenisiyle de\u011fi\u015ftirin. Parlakl\u0131k seviyesi zemin yap\u0131s\u0131na g\u00f6re de\u011fi\u015fkenlik g\u00f6sterece\u011finden, iki veya \u00fc\u00e7 uygulama gerekebilir.<\/span><strong><span class=\"urun_text_02\"><br \/>\n<\/span><\/strong><\/p>\n<p><span class=\"urun_text_02\"><strong>Cilalama :<\/strong>\u00a0<\/span>B\u00fct\u00fcnc\u00fcl bir parlakl\u0131k i\u00e7in, t\u00fcm y\u00fczeyin bir cilalama ped&#8217;i (k\u0131rm\u0131z\u0131 bej veya beyaz) ile cilalanmas\u0131 yerinde olacakt\u0131r. Sprey \u015fi\u015fesinin memesini kulland\u0131ktan sonra suyla temizleyiniz.<\/p>\n<p><strong><span class=\"urun_text_02\">Uyar\u0131 :<\/span><\/strong> Kiehl \u00fcr\u00fcn\u00fcn us\u00fcle uygun olmayan kullan\u0131m\u0131 ve bundan do\u011facak zararlar i\u00e7in hi\u00e7bir sorumlulu\u011fu kabul etmez.<\/p>\n<p><img loading=\"lazy\" class=\"alignnone size-full wp-image-1697\" src=\"https:\/\/kiehl.mcsajans.com\/wp-content\/uploads\/2021\/02\/tahris-5.jpg\" alt=\"\" width=\"69\" height=\"79\" \/> R 22 Yutulmas\u0131 halinde zararl\u0131d\u0131r.<br \/>\nR 34 Yan\u0131klara neden olur.<br \/>\nR 52\/53 Suda ya\u015fayan organizmalara zarar verir ve akuatik \u00e7evrede uzun s\u00fcreli k\u00f6t\u00fc<br \/>\netkilere neden olabilir.<br \/>\nS 24\/25 G\u00f6zler ve deri ile temas etmemesine dikkat ediniz.<br \/>\nS 37\/39 Uygun eldiven ve g\u00f6z\/y\u00fcz koruyucu ekipmanlar kullan\u0131n\u0131z.<br \/>\nHeksaflurosilikatlar i\u00e7erir.<\/p>\n","protected":false},"excerpt":{"rendered":"<h1 class=\"detail-productname\">Lithodur<\/h1>\n<p><span class=\"urun_text_02\">Do\u011fal kalkerli ta\u015flar i\u00e7in parlat\u0131c\u0131<\/span><\/p>\n<p><span class=\"urun_text_02\"><strong>\u00d6zellikleri <\/strong>: Lithodur ile t\u00fcm kalkerli ta\u015f t\u00fcrleri parlak, f\u0131r\u00e7alamaya dayan\u0131kl\u0131, kaymaz, kirlenmeye dayan\u0131kl\u0131 ve kolay temizlenir hale gelir. \u00dcr\u00fcn, mermer y\u00fczeylerin do\u011fal g\u00f6r\u00fcn\u00fcmlerini ve karakteristik desenlerini etkileyici bir \u015fekilde ortaya \u00e7\u0131kar\u0131r. Ta\u015f d\u00f6\u015femelerin su ge\u00e7irgenli\u011fi bundan etkilenmez. Ekonomik kullan\u0131ml\u0131d\u0131r. Lithodur, do\u011fru kullan\u0131ld\u0131\u011f\u0131nda<br \/>\n\u00e7evre i\u00e7in g\u00fcvenlidir.<\/span><\/p>\n<p>&nbsp;<\/p>\n<p>&nbsp;<\/p>\n<p>&nbsp;<\/p>\n<p>&nbsp;<\/p>\n<p>&nbsp;<\/p>\n<p>&nbsp;<\/p>\n<hr \/>\n<p><img loading=\"lazy\" class=\"alignnone size-full wp-image-1713\" src=\"https:\/\/kiehl.mcsajans.com\/wp-content\/uploads\/2021\/02\/lithodur_icon.jpg\" alt=\"\" width=\"140\" height=\"67\" \/><\/p>\n<p><strong><span class=\"urun_text_02\">Metrekare ba\u015f\u0131na t\u00fcketim<\/span><\/strong><br \/>\nSert zemin emprenyesi: Ta\u015f\u0131n emicilik d\u00fczeyine g\u00f6re 50-150 ml<\/p>\n<p>Profesyonel kullan\u0131mlar i\u00e7indir!<\/p>\n<p><strong>Paketleme<\/strong><\/p>\n<p>6 x 500 ml sprey \u015fi\u015felik koli<br \/>\n\u00dcr. No. j 21 03 45<br \/>\n6 Litho Ped&#8217;lik 3 M koli \u00dcr. No. z 40 60 17<br \/>\nDonmaya kar\u015f\u0131 koruyunuz!<\/p>\n","protected":false},"featured_media":1714,"comment_status":"open","ping_status":"closed","template":"elementor_theme","meta":[],"yoast_head":"<!-- This site is optimized with the Yoast SEO plugin v15.9 - https:\/\/yoast.com\/wordpress\/plugins\/seo\/ -->\r\n<title>Lithodur | K\u0130EHL<\/title>\r\n<meta name=\"description\" content=\"Lithodur ile t\u00fcm kalkerli ta\u015f t\u00fcrleri parlak, f\u0131r\u00e7alamaya dayan\u0131kl\u0131, kaymaz, kirlenmeye dayan\u0131kl\u0131 ve kolay temizlenir hale gelir.\" \/>\r\n<meta name=\"robots\" content=\"index, follow, max-snippet:-1, max-image-preview:large, max-video-preview:-1\" \/>\r\n<link rel=\"canonical\" href=\"http:\/\/www.kiehlturkey.com\/index.php\/urun\/lithodur\/\" \/>\r\n<meta property=\"og:locale\" content=\"tr_TR\" \/>\r\n<meta property=\"og:type\" content=\"article\" \/>\r\n<meta property=\"og:title\" content=\"Lithodur | K\u0130EHL\" \/>\r\n<meta property=\"og:description\" content=\"Lithodur ile t\u00fcm kalkerli ta\u015f t\u00fcrleri parlak, f\u0131r\u00e7alamaya dayan\u0131kl\u0131, kaymaz, kirlenmeye dayan\u0131kl\u0131 ve kolay temizlenir hale gelir.\" \/>\r\n<meta property=\"og:url\" content=\"http:\/\/www.kiehlturkey.com\/index.php\/urun\/lithodur\/\" \/>\r\n<meta property=\"og:site_name\" content=\"K\u0130EHL\" \/>\r\n<meta property=\"article:modified_time\" content=\"2021-02-27T22:16:58+00:00\" \/>\r\n<meta property=\"og:image\" content=\"http:\/\/www.kiehlturkey.com\/wp-content\/uploads\/2021\/02\/lithodur.jpg\" \/>\r\n\t<meta property=\"og:image:width\" content=\"500\" \/>\r\n\t<meta property=\"og:image:height\" content=\"500\" \/>\r\n<meta name=\"twitter:card\" content=\"summary_large_image\" \/>\r\n<meta name=\"twitter:label1\" content=\"Tahmini okuma s\u00fcresi\">\n\t<meta name=\"twitter:data1\" content=\"2 dakika\">\r\n<script type=\"application\/ld+json\" class=\"yoast-schema-graph\">{\"@context\":\"https:\/\/schema.org\",\"@graph\":[{\"@type\":\"WebSite\",\"@id\":\"http:\/\/www.kiehlturkey.com\/#website\",\"url\":\"http:\/\/www.kiehlturkey.com\/\",\"name\":\"K\\u0130EHL\",\"description\":\"die saubere L\\u00f6sung\",\"potentialAction\":[{\"@type\":\"SearchAction\",\"target\":\"http:\/\/www.kiehlturkey.com\/?s={search_term_string}\",\"query-input\":\"required name=search_term_string\"}],\"inLanguage\":\"tr\"},{\"@type\":\"ImageObject\",\"@id\":\"http:\/\/www.kiehlturkey.com\/index.php\/urun\/lithodur\/#primaryimage\",\"inLanguage\":\"tr\",\"url\":\"http:\/\/www.kiehlturkey.com\/wp-content\/uploads\/2021\/02\/lithodur.jpg\",\"width\":500,\"height\":500},{\"@type\":\"WebPage\",\"@id\":\"http:\/\/www.kiehlturkey.com\/index.php\/urun\/lithodur\/#webpage\",\"url\":\"http:\/\/www.kiehlturkey.com\/index.php\/urun\/lithodur\/\",\"name\":\"Lithodur | K\\u0130EHL\",\"isPartOf\":{\"@id\":\"http:\/\/www.kiehlturkey.com\/#website\"},\"primaryImageOfPage\":{\"@id\":\"http:\/\/www.kiehlturkey.com\/index.php\/urun\/lithodur\/#primaryimage\"},\"datePublished\":\"2021-02-27T22:11:55+00:00\",\"dateModified\":\"2021-02-27T22:16:58+00:00\",\"description\":\"Lithodur ile t\\u00fcm kalkerli ta\\u015f t\\u00fcrleri parlak, f\\u0131r\\u00e7alamaya dayan\\u0131kl\\u0131, kaymaz, kirlenmeye dayan\\u0131kl\\u0131 ve kolay temizlenir hale gelir.\",\"breadcrumb\":{\"@id\":\"http:\/\/www.kiehlturkey.com\/index.php\/urun\/lithodur\/#breadcrumb\"},\"inLanguage\":\"tr\",\"potentialAction\":[{\"@type\":\"ReadAction\",\"target\":[\"http:\/\/www.kiehlturkey.com\/index.php\/urun\/lithodur\/\"]}]},{\"@type\":\"BreadcrumbList\",\"@id\":\"http:\/\/www.kiehlturkey.com\/index.php\/urun\/lithodur\/#breadcrumb\",\"itemListElement\":[{\"@type\":\"ListItem\",\"position\":1,\"item\":{\"@type\":\"WebPage\",\"@id\":\"http:\/\/www.kiehlturkey.com\/\",\"url\":\"http:\/\/www.kiehlturkey.com\/\",\"name\":\"Ana sayfa\"}},{\"@type\":\"ListItem\",\"position\":2,\"item\":{\"@type\":\"WebPage\",\"@id\":\"http:\/\/www.kiehlturkey.com\/index.php\/urunler\/\",\"url\":\"http:\/\/www.kiehlturkey.com\/index.php\/urunler\/\",\"name\":\"\\u00dcr\\u00fcnler\"}},{\"@type\":\"ListItem\",\"position\":3,\"item\":{\"@type\":\"WebPage\",\"@id\":\"http:\/\/www.kiehlturkey.com\/index.php\/urun\/lithodur\/\",\"url\":\"http:\/\/www.kiehlturkey.com\/index.php\/urun\/lithodur\/\",\"name\":\"Lithodur\"}}]}]}<\/script>\r\n<!-- \/ Yoast SEO plugin. -->","_links":{"self":[{"href":"http:\/\/www.kiehlturkey.com\/index.php\/wp-json\/wp\/v2\/product\/1711"}],"collection":[{"href":"http:\/\/www.kiehlturkey.com\/index.php\/wp-json\/wp\/v2\/product"}],"about":[{"href":"http:\/\/www.kiehlturkey.com\/index.php\/wp-json\/wp\/v2\/types\/product"}],"replies":[{"embeddable":true,"href":"http:\/\/www.kiehlturkey.com\/index.php\/wp-json\/wp\/v2\/comments?post=1711"}],"version-history":[{"count":1,"href":"http:\/\/www.kiehlturkey.com\/index.php\/wp-json\/wp\/v2\/product\/1711\/revisions"}],"predecessor-version":[{"id":1716,"href":"http:\/\/www.kiehlturkey.com\/index.php\/wp-json\/wp\/v2\/product\/1711\/revisions\/1716"}],"wp:featuredmedia":[{"embeddable":true,"href":"http:\/\/www.kiehlturkey.com\/index.php\/wp-json\/wp\/v2\/media\/1714"}],"wp:attachment":[{"href":"http:\/\/www.kiehlturkey.com\/index.php\/wp-json\/wp\/v2\/media?parent=1711"}],"curies":[{"name":"wp","href":"https:\/\/api.w.org\/{rel}","templated":true}]}}