{"id":1712,"date":"2021-02-27T22:12:16","date_gmt":"2021-02-27T22:12:16","guid":{"rendered":"https:\/\/kiehl.mcsajans.com\/?post_type=product&#038;p=1712"},"modified":"2021-02-27T22:17:13","modified_gmt":"2021-02-27T22:17:13","slug":"keradet-konsantre-aktiv","status":"publish","type":"product","link":"http:\/\/www.kiehlturkey.com\/index.php\/urun\/keradet-konsantre-aktiv\/","title":{"rendered":"Keradet Konsantre Aktiv"},"content":{"rendered":"<p><strong><span class=\"urun_text_02\">\u00d6zellikleri : <\/span><\/strong><span class=\"urun_text_02\">Antibakteriyel etkili ve uzun s\u00fcre kal\u0131c\u0131 esanslara sahip, y\u00fcksek tesirli alkol bazl\u0131 temizleyici. Keradet Konsantre Aktiv iz b\u0131rakmadan kurudu\u011fu i\u00e7in \u00f6zellikle parlak y\u00fczeylerin temizlenmesi i\u00e7in uygundur.<\/span><span class=\"urun_text_02\"><br \/>\n<\/span><\/p>\n<p><span class=\"urun_text_02\"><strong>\u0130\u00e7indekiler :<\/strong> Noniyonik y\u00fczey etkin maddeler 5-15%, suda \u00e7\u00f6z\u00fcnebilen solventler, esanslar (linalol, geraniyol, kumarin), koruyucular (metil-\/ metilkloroizothiazolinon). pH-de\u011feri (konsantre): yakla\u015f\u0131k 7 pH-de\u011feri (kullanmaya haz\u0131r sol\u00fcsyon): yakla\u015f\u0131k 7,5<\/span><\/p>\n<p><span class=\"urun_text_02\"><strong>Kullan\u0131m Alanlar\u0131 : <\/strong>Suya dayan\u0131kl\u0131 t\u00fcm y\u00fczeylerde, objeler ve zemin kaplamalar\u0131nda kullan\u0131ma uygundur.<br \/>\n<\/span><\/p>\n<p><strong><span class=\"urun_text_02\">Rutin temizleme (silme \/ mekanik \u0131slak temizleme) :<\/span><\/strong>\u00a08 litre suya 1 \u00f6l\u00e7ek. Seyreltme i\u00e7in Dosifill \u00f6l\u00e7ek 1:320.<\/p>\n<p><strong><span class=\"urun_text_02\">Rutin temizlik (y\u00fczey temizli\u011fi) :<\/span> <\/strong>4 litre so\u011fuk suya 1 \u00f6l\u00e7ek Seyreltme i\u00e7in Dosifill \u00f6l\u00e7ek 1:160.<\/p>\n","protected":false},"excerpt":{"rendered":"<h1><span class=\"urun_baslik_09\">Keradet Konsantre Aktiv<br \/>\n<\/span><\/h1>\n<p><strong><span class=\"urun_text_02\">\u00c7ok ama\u00e7l\u0131 alkol bazl\u0131 temizleyici<\/span><\/strong><\/p>\n<p><span class=\"urun_text_02\"><strong>\u00d6zellikleri <\/strong>:\u00a0 Antibakteriyel etkili ve uzun s\u00fcre kal\u0131c\u0131 esanslara sahip, y\u00fcksek tesirli alkol bazl\u0131 temizleyici. Keradet Konsantre Aktiv iz b\u0131rakmadan kurudu\u011fu i\u00e7in \u00f6zellikle parlak y\u00fczeylerin temizlenmesi i\u00e7in uygundur.<\/span><\/p>\n<hr \/>\n<p><strong><span class=\"urun_text_02\">Metrekare ba\u015f\u0131na t\u00fcketim<\/span><\/strong><br \/>\nSilme \/ mekanik \u0131slak temizlik: 0,1-0,25 ml<br \/>\nY\u00fczey temizli\u011fi: 0,15 ml<\/p>\n<p><strong>\u00a0Profesyonel Kullan\u0131mlar i\u00e7indir!<\/strong><\/p>\n<p><strong>Paketleme <\/strong><\/p>\n<p>240 x 25 ml po\u015fetlik koli \u00dcr. No. j 25 03 54<br \/>\n6 x 1 litre \u00f6l\u00e7ek \u015fi\u015felik koli \u00dcr. No. j 25 03 02<br \/>\n10 litre bidon \u00dcr. No. j 25 03 10<br \/>\n200 litre varil \u00dcr. No. j 25 03 72<br \/>\nDosifill \u00f6l\u00e7ek 1:320 \u00dcr. No. z 12 10 11<br \/>\nDosifill \u00f6l\u00e7ek 1:160 \u00dcr. No. z 12 10 12<\/p>\n<p><img loading=\"lazy\" class=\"alignnone size-full wp-image-1706\" src=\"https:\/\/kiehl.mcsajans.com\/wp-content\/uploads\/2021\/02\/icon11.jpg\" alt=\"\" width=\"194\" height=\"127\" \/><\/p>\n<p>&nbsp;<\/p>\n","protected":false},"featured_media":1715,"comment_status":"open","ping_status":"closed","template":"elementor_theme","meta":[],"yoast_head":"<!-- This site is optimized with the Yoast SEO plugin v15.9 - https:\/\/yoast.com\/wordpress\/plugins\/seo\/ -->\r\n<title>Keradet Konsantre Aktiv | K\u0130EHL<\/title>\r\n<meta name=\"description\" content=\"Antibakteriyel etkili ve uzun s\u00fcre kal\u0131c\u0131 esanslara sahip, y\u00fcksek tesirli alkol bazl\u0131 temizleyici.\" \/>\r\n<meta name=\"robots\" content=\"index, follow, max-snippet:-1, max-image-preview:large, max-video-preview:-1\" \/>\r\n<link rel=\"canonical\" href=\"http:\/\/www.kiehlturkey.com\/index.php\/urun\/keradet-konsantre-aktiv\/\" \/>\r\n<meta property=\"og:locale\" content=\"tr_TR\" \/>\r\n<meta property=\"og:type\" content=\"article\" \/>\r\n<meta property=\"og:title\" content=\"Keradet Konsantre Aktiv | K\u0130EHL\" \/>\r\n<meta property=\"og:description\" content=\"Antibakteriyel etkili ve uzun s\u00fcre kal\u0131c\u0131 esanslara sahip, y\u00fcksek tesirli alkol bazl\u0131 temizleyici.\" \/>\r\n<meta property=\"og:url\" content=\"http:\/\/www.kiehlturkey.com\/index.php\/urun\/keradet-konsantre-aktiv\/\" \/>\r\n<meta property=\"og:site_name\" content=\"K\u0130EHL\" \/>\r\n<meta property=\"article:modified_time\" content=\"2021-02-27T22:17:13+00:00\" \/>\r\n<meta property=\"og:image\" content=\"http:\/\/www.kiehlturkey.com\/wp-content\/uploads\/2021\/02\/Untitled-1-28.jpg\" \/>\r\n\t<meta property=\"og:image:width\" content=\"500\" \/>\r\n\t<meta property=\"og:image:height\" content=\"500\" \/>\r\n<meta name=\"twitter:card\" content=\"summary_large_image\" \/>\r\n<meta name=\"twitter:label1\" content=\"Tahmini okuma s\u00fcresi\">\n\t<meta name=\"twitter:data1\" content=\"1 dakika\">\r\n<script type=\"application\/ld+json\" class=\"yoast-schema-graph\">{\"@context\":\"https:\/\/schema.org\",\"@graph\":[{\"@type\":\"WebSite\",\"@id\":\"http:\/\/www.kiehlturkey.com\/#website\",\"url\":\"http:\/\/www.kiehlturkey.com\/\",\"name\":\"K\\u0130EHL\",\"description\":\"die saubere L\\u00f6sung\",\"potentialAction\":[{\"@type\":\"SearchAction\",\"target\":\"http:\/\/www.kiehlturkey.com\/?s={search_term_string}\",\"query-input\":\"required name=search_term_string\"}],\"inLanguage\":\"tr\"},{\"@type\":\"ImageObject\",\"@id\":\"http:\/\/www.kiehlturkey.com\/index.php\/urun\/keradet-konsantre-aktiv\/#primaryimage\",\"inLanguage\":\"tr\",\"url\":\"http:\/\/www.kiehlturkey.com\/wp-content\/uploads\/2021\/02\/Untitled-1-28.jpg\",\"width\":500,\"height\":500},{\"@type\":\"WebPage\",\"@id\":\"http:\/\/www.kiehlturkey.com\/index.php\/urun\/keradet-konsantre-aktiv\/#webpage\",\"url\":\"http:\/\/www.kiehlturkey.com\/index.php\/urun\/keradet-konsantre-aktiv\/\",\"name\":\"Keradet Konsantre Aktiv | K\\u0130EHL\",\"isPartOf\":{\"@id\":\"http:\/\/www.kiehlturkey.com\/#website\"},\"primaryImageOfPage\":{\"@id\":\"http:\/\/www.kiehlturkey.com\/index.php\/urun\/keradet-konsantre-aktiv\/#primaryimage\"},\"datePublished\":\"2021-02-27T22:12:16+00:00\",\"dateModified\":\"2021-02-27T22:17:13+00:00\",\"description\":\"Antibakteriyel etkili ve uzun s\\u00fcre kal\\u0131c\\u0131 esanslara sahip, y\\u00fcksek tesirli alkol bazl\\u0131 temizleyici.\",\"breadcrumb\":{\"@id\":\"http:\/\/www.kiehlturkey.com\/index.php\/urun\/keradet-konsantre-aktiv\/#breadcrumb\"},\"inLanguage\":\"tr\",\"potentialAction\":[{\"@type\":\"ReadAction\",\"target\":[\"http:\/\/www.kiehlturkey.com\/index.php\/urun\/keradet-konsantre-aktiv\/\"]}]},{\"@type\":\"BreadcrumbList\",\"@id\":\"http:\/\/www.kiehlturkey.com\/index.php\/urun\/keradet-konsantre-aktiv\/#breadcrumb\",\"itemListElement\":[{\"@type\":\"ListItem\",\"position\":1,\"item\":{\"@type\":\"WebPage\",\"@id\":\"http:\/\/www.kiehlturkey.com\/\",\"url\":\"http:\/\/www.kiehlturkey.com\/\",\"name\":\"Ana sayfa\"}},{\"@type\":\"ListItem\",\"position\":2,\"item\":{\"@type\":\"WebPage\",\"@id\":\"http:\/\/www.kiehlturkey.com\/index.php\/urunler\/\",\"url\":\"http:\/\/www.kiehlturkey.com\/index.php\/urunler\/\",\"name\":\"\\u00dcr\\u00fcnler\"}},{\"@type\":\"ListItem\",\"position\":3,\"item\":{\"@type\":\"WebPage\",\"@id\":\"http:\/\/www.kiehlturkey.com\/index.php\/urun\/keradet-konsantre-aktiv\/\",\"url\":\"http:\/\/www.kiehlturkey.com\/index.php\/urun\/keradet-konsantre-aktiv\/\",\"name\":\"Keradet Konsantre Aktiv\"}}]}]}<\/script>\r\n<!-- \/ Yoast SEO plugin. -->","_links":{"self":[{"href":"http:\/\/www.kiehlturkey.com\/index.php\/wp-json\/wp\/v2\/product\/1712"}],"collection":[{"href":"http:\/\/www.kiehlturkey.com\/index.php\/wp-json\/wp\/v2\/product"}],"about":[{"href":"http:\/\/www.kiehlturkey.com\/index.php\/wp-json\/wp\/v2\/types\/product"}],"replies":[{"embeddable":true,"href":"http:\/\/www.kiehlturkey.com\/index.php\/wp-json\/wp\/v2\/comments?post=1712"}],"version-history":[{"count":2,"href":"http:\/\/www.kiehlturkey.com\/index.php\/wp-json\/wp\/v2\/product\/1712\/revisions"}],"predecessor-version":[{"id":1718,"href":"http:\/\/www.kiehlturkey.com\/index.php\/wp-json\/wp\/v2\/product\/1712\/revisions\/1718"}],"wp:featuredmedia":[{"embeddable":true,"href":"http:\/\/www.kiehlturkey.com\/index.php\/wp-json\/wp\/v2\/media\/1715"}],"wp:attachment":[{"href":"http:\/\/www.kiehlturkey.com\/index.php\/wp-json\/wp\/v2\/media?parent=1712"}],"curies":[{"name":"wp","href":"https:\/\/api.w.org\/{rel}","templated":true}]}}