{"id":1719,"date":"2021-02-27T22:17:49","date_gmt":"2021-02-27T22:17:49","guid":{"rendered":"https:\/\/kiehl.mcsajans.com\/?post_type=product&#038;p=1719"},"modified":"2021-02-27T22:22:17","modified_gmt":"2021-02-27T22:22:17","slug":"prisma-steinprotektor","status":"publish","type":"product","link":"http:\/\/www.kiehlturkey.com\/index.php\/urun\/prisma-steinprotektor\/","title":{"rendered":"Prisma Steinprotektor"},"content":{"rendered":"<p><strong><span class=\"urun_text_02\">\u00d6zellikleri : <\/span><\/strong><span class=\"urun_text_02\">Prisma Steinprotektor, y\u00fcksek devirli bir makineyle uygulanmas\u0131 halinde; y\u00fczeyi parlak, dayan\u0131kl\u0131 ve ayak izlerini g\u00f6stermeyen bir tabaka olu\u015fturarak koruyan bir anti-metalize em\u00fclsiyon cilas\u0131d\u0131r. \u00dcr\u00fcn uyguland\u0131\u011f\u0131 ta\u015f ve benzeri sert y\u00fczeylerde kire ve silinmeye kar\u015f\u0131 mukavemet sa\u011flar. Cilan\u0131n \u00fczerinde fazla y\u00fcr\u00fcnen alanlarda zamanla a\u015f\u0131nmas\u0131 durumunda, etkilenen b\u00f6lgeler spreyli bak\u0131m y\u00f6ntemiyle restore edilebilirler. \u00c7izikler<\/span><span class=\"urun_text_02\"><br \/>\nde y\u00fcksek devirli cilalama yoluyla giderilebilir. Prisma Steinprotektor kullanmakla, pahal\u0131 ve zaman sarfiyat\u0131na yol a\u00e7an temizlik i\u015flemlerine gerek kalmadan zemin kaplamas\u0131n\u0131 yenileyebilirsiniz.<\/span><\/p>\n<p><span class=\"urun_text_02\"><strong>\u0130\u00e7indekiler :<\/strong> Em\u00fclsifiye ediciler, mum, polimer \u00e7\u00f6zeltileri, katk\u0131 maddeleri, plastikle\u015ftiriciler. pH-de\u011feri (konsantre): yakla\u015f\u0131k 8,5<\/span><\/p>\n<p><span class=\"urun_text_02\"><strong>Kullan\u0131m Alanlar\u0131 :<\/strong> Mermer, granit, palladyen fayans ve travertin gibi do\u011fal ve suni emici ta\u015ftan imal edilmi\u015f t\u00fcm y\u00fczeylerde kullan\u0131ma uygundur. Porselen fayans ve cilalanm\u0131\u015f sert y\u00fczeylerde kullan\u0131lmamal\u0131d\u0131r.<br \/>\n<\/span><\/p>\n<p><span class=\"urun_text_02\"><strong>Kullan\u0131m \u015eekli :<\/strong> <\/span>\u00dcr\u00fcn\u00fc uygulamadan \u00f6nce zeminin iyice kurutuldu\u011fundan emin olun. \u00dcr\u00fcn\u00fc yumu\u015fak bir bez yard\u0131m\u0131yla ve seyreltmeden ince bir tabaka halinde uygulay\u0131n\u0131z. \u00dcr\u00fcn\u00fcn bez \u00fczerinde kurumas\u0131ndan ka\u00e7\u0131n\u0131lmal\u0131 ve bidon kullan\u0131mdan sonra hemen kapat\u0131lmal\u0131d\u0131r.<\/p>\n<p><strong><span class=\"urun_text_02\">Ana temizli\u011fi yap\u0131lm\u0131\u015f sert y\u00fczeylere uygulama :<\/span><\/strong>\u00a0Zeminin emicilik d\u00fczeyine g\u00f6re takriben 30 dakikal\u0131k aral\u0131klarla 2-3 kez s\u00fcr\u00fcl\u00fcr. \u00c7ok kal\u0131n bir tabaka halinde s\u00fcr\u00fclmesi durumunda izler olu\u015fabilir.<br \/>\n<span class=\"urun_text_02\"><br \/>\n<strong>Yo\u011fun bak\u0131m\u0131 takiben uygulama :<\/strong>\u00a0<\/span>Takriben 30 dakikal\u0131k aral\u0131klarla 1-2 uygulama. Kaplamadaki hasarl\u0131 k\u0131s\u0131mlar\u0131n sprey bak\u0131m\u0131: 1:1 \u00f6l\u00e7\u00fcs\u00fcnde so\u011fuk suda inceltin, spreyleme aleti ve y\u00fcksek devirli bir makineyle uygulay\u0131n (yakla\u015f\u0131k 1.000 r.p.m.).<\/p>\n<p><span class=\"urun_text_02\"><strong>Cilalama :<\/strong>\u00a0<\/span>Kurumas\u0131 halinde, kaplama y\u00fcksek devirli bir makine (yakla\u015f\u0131k 1.000 r.p.m.) ile cilalanmal\u0131 ve multi disk ile fikslenmelidir.<\/p>\n","protected":false},"excerpt":{"rendered":"<h1 class=\"detail-productname\"><span class=\"urun_baslik_03\">Prisma Steinprotektor<\/span><\/h1>\n<p><span class=\"urun_text_02\">Sert y\u00fczey koruyucu<\/span><\/p>\n<p><span class=\"urun_text_02\"><strong>\u00d6zellikleri <\/strong>: Prisma Steinprotektor, y\u00fcksek devirli bir makineyle uygulanmas\u0131 halinde; y\u00fczeyi parlak, dayan\u0131kl\u0131 ve ayak izlerini g\u00f6stermeyen bir tabaka olu\u015fturarak koruyan bir anti-metalize em\u00fclsiyon cilas\u0131d\u0131r. \u00dcr\u00fcn uyguland\u0131\u011f\u0131 ta\u015f ve benzeri sert y\u00fczeylerde kire ve silinmeye kar\u015f\u0131 mukavemet sa\u011flar. Cilan\u0131n \u00fczerinde fazla y\u00fcr\u00fcnen alanlarda zamanla a\u015f\u0131nmas\u0131 durumunda, etkilenen b\u00f6lgeler spreyli bak\u0131m y\u00f6ntemiyle restore edilebilirler. \u00c7izikler de y\u00fcksek devirli cilalama yoluyla giderilebilir. Prisma Steinprotektor kullanmakla, pahal\u0131 ve zaman sarfiyat\u0131na yol a\u00e7an temizlik i\u015flemlerine gerek kalmadan zemin kaplamas\u0131n\u0131 yenileyebilirsiniz.<\/span><\/p>\n<p>&nbsp;<\/p>\n<p>&nbsp;<\/p>\n<p>&nbsp;<\/p>\n<p>&nbsp;<\/p>\n<p>&nbsp;<\/p>\n<p>&nbsp;<\/p>\n<hr \/>\n<p><img loading=\"lazy\" class=\"alignnone size-full wp-image-1721\" src=\"https:\/\/kiehl.mcsajans.com\/wp-content\/uploads\/2021\/02\/prisma_steinprotektor_icon.jpg\" alt=\"\" width=\"215\" height=\"67\" \/><\/p>\n<p><strong><span class=\"urun_text_02\">Metrekare ba\u015f\u0131na t\u00fcketim<\/span><\/strong><br \/>\nKaplama: Uygulama ba\u015f\u0131na 25 ml<br \/>\nDerinlemesine temizlikten sonra bak\u0131m: Uygulama ba\u015f\u0131na 25 ml<br \/>\nSprey bak\u0131m\u0131: 1,5 ml<\/p>\n<p>Profesyonel kullan\u0131mlar i\u00e7indir!<\/p>\n<p><strong>Paketleme<\/strong><\/p>\n<p>10 litre bidon \u00dcr. No. j 21 06 10<br \/>\n200 litre varil \u00dcr. No. j 21 06 72<br \/>\nDonmaya kar\u015f\u0131 koruyunuz!<\/p>\n","protected":false},"featured_media":1722,"comment_status":"open","ping_status":"closed","template":"elementor_theme","meta":[],"yoast_head":"<!-- This site is optimized with the Yoast SEO plugin v15.9 - https:\/\/yoast.com\/wordpress\/plugins\/seo\/ -->\r\n<title>Prisma Steinprotektor | K\u0130EHL<\/title>\r\n<meta name=\"description\" content=\"Prisma Steinprotektor, y\u00fcksek devirli bir makineyle uygulanmas\u0131 halinde; y\u00fczeyi parlak, dayan\u0131kl\u0131 ve ayak izlerini g\u00f6stermeyen bir tabaka olu\u015fturarak koruyan bir anti-metalize em\u00fclsiyon cilas\u0131d\u0131r.\" \/>\r\n<meta name=\"robots\" content=\"index, follow, max-snippet:-1, max-image-preview:large, max-video-preview:-1\" \/>\r\n<link rel=\"canonical\" href=\"http:\/\/www.kiehlturkey.com\/index.php\/urun\/prisma-steinprotektor\/\" \/>\r\n<meta property=\"og:locale\" content=\"tr_TR\" \/>\r\n<meta property=\"og:type\" content=\"article\" \/>\r\n<meta property=\"og:title\" content=\"Prisma Steinprotektor | K\u0130EHL\" \/>\r\n<meta property=\"og:description\" content=\"Prisma Steinprotektor, y\u00fcksek devirli bir makineyle uygulanmas\u0131 halinde; y\u00fczeyi parlak, dayan\u0131kl\u0131 ve ayak izlerini g\u00f6stermeyen bir tabaka olu\u015fturarak koruyan bir anti-metalize em\u00fclsiyon cilas\u0131d\u0131r.\" \/>\r\n<meta property=\"og:url\" content=\"http:\/\/www.kiehlturkey.com\/index.php\/urun\/prisma-steinprotektor\/\" \/>\r\n<meta property=\"og:site_name\" content=\"K\u0130EHL\" \/>\r\n<meta property=\"article:modified_time\" content=\"2021-02-27T22:22:17+00:00\" \/>\r\n<meta property=\"og:image\" content=\"http:\/\/www.kiehlturkey.com\/wp-content\/uploads\/2021\/02\/prisma_steinprotektor.jpg\" \/>\r\n\t<meta property=\"og:image:width\" content=\"500\" \/>\r\n\t<meta property=\"og:image:height\" content=\"500\" \/>\r\n<meta name=\"twitter:card\" content=\"summary_large_image\" \/>\r\n<meta name=\"twitter:label1\" content=\"Tahmini okuma s\u00fcresi\">\n\t<meta name=\"twitter:data1\" content=\"1 dakika\">\r\n<script type=\"application\/ld+json\" class=\"yoast-schema-graph\">{\"@context\":\"https:\/\/schema.org\",\"@graph\":[{\"@type\":\"WebSite\",\"@id\":\"http:\/\/www.kiehlturkey.com\/#website\",\"url\":\"http:\/\/www.kiehlturkey.com\/\",\"name\":\"K\\u0130EHL\",\"description\":\"die saubere L\\u00f6sung\",\"potentialAction\":[{\"@type\":\"SearchAction\",\"target\":\"http:\/\/www.kiehlturkey.com\/?s={search_term_string}\",\"query-input\":\"required name=search_term_string\"}],\"inLanguage\":\"tr\"},{\"@type\":\"ImageObject\",\"@id\":\"http:\/\/www.kiehlturkey.com\/index.php\/urun\/prisma-steinprotektor\/#primaryimage\",\"inLanguage\":\"tr\",\"url\":\"http:\/\/www.kiehlturkey.com\/wp-content\/uploads\/2021\/02\/prisma_steinprotektor.jpg\",\"width\":500,\"height\":500},{\"@type\":\"WebPage\",\"@id\":\"http:\/\/www.kiehlturkey.com\/index.php\/urun\/prisma-steinprotektor\/#webpage\",\"url\":\"http:\/\/www.kiehlturkey.com\/index.php\/urun\/prisma-steinprotektor\/\",\"name\":\"Prisma Steinprotektor | K\\u0130EHL\",\"isPartOf\":{\"@id\":\"http:\/\/www.kiehlturkey.com\/#website\"},\"primaryImageOfPage\":{\"@id\":\"http:\/\/www.kiehlturkey.com\/index.php\/urun\/prisma-steinprotektor\/#primaryimage\"},\"datePublished\":\"2021-02-27T22:17:49+00:00\",\"dateModified\":\"2021-02-27T22:22:17+00:00\",\"description\":\"Prisma Steinprotektor, y\\u00fcksek devirli bir makineyle uygulanmas\\u0131 halinde; y\\u00fczeyi parlak, dayan\\u0131kl\\u0131 ve ayak izlerini g\\u00f6stermeyen bir tabaka olu\\u015fturarak koruyan bir anti-metalize em\\u00fclsiyon cilas\\u0131d\\u0131r.\",\"breadcrumb\":{\"@id\":\"http:\/\/www.kiehlturkey.com\/index.php\/urun\/prisma-steinprotektor\/#breadcrumb\"},\"inLanguage\":\"tr\",\"potentialAction\":[{\"@type\":\"ReadAction\",\"target\":[\"http:\/\/www.kiehlturkey.com\/index.php\/urun\/prisma-steinprotektor\/\"]}]},{\"@type\":\"BreadcrumbList\",\"@id\":\"http:\/\/www.kiehlturkey.com\/index.php\/urun\/prisma-steinprotektor\/#breadcrumb\",\"itemListElement\":[{\"@type\":\"ListItem\",\"position\":1,\"item\":{\"@type\":\"WebPage\",\"@id\":\"http:\/\/www.kiehlturkey.com\/\",\"url\":\"http:\/\/www.kiehlturkey.com\/\",\"name\":\"Ana sayfa\"}},{\"@type\":\"ListItem\",\"position\":2,\"item\":{\"@type\":\"WebPage\",\"@id\":\"http:\/\/www.kiehlturkey.com\/index.php\/urunler\/\",\"url\":\"http:\/\/www.kiehlturkey.com\/index.php\/urunler\/\",\"name\":\"\\u00dcr\\u00fcnler\"}},{\"@type\":\"ListItem\",\"position\":3,\"item\":{\"@type\":\"WebPage\",\"@id\":\"http:\/\/www.kiehlturkey.com\/index.php\/urun\/prisma-steinprotektor\/\",\"url\":\"http:\/\/www.kiehlturkey.com\/index.php\/urun\/prisma-steinprotektor\/\",\"name\":\"Prisma Steinprotektor\"}}]}]}<\/script>\r\n<!-- \/ Yoast SEO plugin. -->","_links":{"self":[{"href":"http:\/\/www.kiehlturkey.com\/index.php\/wp-json\/wp\/v2\/product\/1719"}],"collection":[{"href":"http:\/\/www.kiehlturkey.com\/index.php\/wp-json\/wp\/v2\/product"}],"about":[{"href":"http:\/\/www.kiehlturkey.com\/index.php\/wp-json\/wp\/v2\/types\/product"}],"replies":[{"embeddable":true,"href":"http:\/\/www.kiehlturkey.com\/index.php\/wp-json\/wp\/v2\/comments?post=1719"}],"version-history":[{"count":1,"href":"http:\/\/www.kiehlturkey.com\/index.php\/wp-json\/wp\/v2\/product\/1719\/revisions"}],"predecessor-version":[{"id":1723,"href":"http:\/\/www.kiehlturkey.com\/index.php\/wp-json\/wp\/v2\/product\/1719\/revisions\/1723"}],"wp:featuredmedia":[{"embeddable":true,"href":"http:\/\/www.kiehlturkey.com\/index.php\/wp-json\/wp\/v2\/media\/1722"}],"wp:attachment":[{"href":"http:\/\/www.kiehlturkey.com\/index.php\/wp-json\/wp\/v2\/media?parent=1719"}],"curies":[{"name":"wp","href":"https:\/\/api.w.org\/{rel}","templated":true}]}}