{"id":1720,"date":"2021-02-27T22:19:04","date_gmt":"2021-02-27T22:19:04","guid":{"rendered":"https:\/\/kiehl.mcsajans.com\/?post_type=product&#038;p=1720"},"modified":"2021-02-27T22:25:12","modified_gmt":"2021-02-27T22:25:12","slug":"kiehl-omni-fresh","status":"publish","type":"product","link":"http:\/\/www.kiehlturkey.com\/index.php\/urun\/kiehl-omni-fresh\/","title":{"rendered":"Kiehl-Omni-fresh"},"content":{"rendered":"<p><strong><span class=\"urun_text_02\">\u00d6zellikleri : <\/span><\/strong><span class=\"urun_text_02\">Kiehl-Omni-fresh, umuma a\u00e7\u0131k tuvaletler ve tren tuvaletleri gibi \u00e7ok s\u0131k kullan\u0131lan s\u0131hhi alanlardaki ho\u015fa gitmeyen kokular\u0131n yok edilmesi i\u00e7i kullan\u0131lan bir pH-n\u00f6tr,y\u00fczey etkin madde i\u00e7erikli temizlik \u00fcr\u00fcn\u00fcd\u00fcr. \u00dcr\u00fcn, ho\u015fa gitmeyen kokular\u0131 maskelemeden mikrobiyolojik s\u00fcre\u00e7lerden ge\u00e7irerek yok eder. Kiehl-Omni-fresh uygulamas\u0131 esnas\u0131nda i\u015flemden ge\u00e7en y\u00fczeyler ayn\u0131 zamanda temizlenirlerde.Kiehl-Omni-fresh&#8217;in d\u00fczenli kullan\u0131m\u0131 ho\u015fa gitmeyen kokular\u0131 \u00f6nleyecektir. \u00dcr\u00fcn, ayn\u0131 zamanda g\u0131da alanlar\u0131nda kullan\u0131ma da uygundur.<\/span><span class=\"urun_text_02\"><br \/>\n<\/span><\/p>\n<p><span class=\"urun_text_02\"><strong>\u0130\u00e7indekiler :<\/strong> Aniyonik ve non-iyonik y\u00fczey etkin maddeler &lt; 5%, organik koku giderici ajanlar, katk\u0131 maddeleri, esanslar ve boyar maddeler.<br \/>\npH-de\u011feri (konsantre): yakla\u015f\u0131k 9 pH-de\u011feri (kullan\u0131ma haz\u0131r sol\u00fcsyon): yakla\u015f\u0131k 8<\/span><\/p>\n<p><span class=\"urun_text_02\"><strong>Kullan\u0131m Alanlar\u0131 : <\/strong>T\u00fcm suya dayan\u0131kl\u0131 y\u00fczeyler, objeler ve zemin kaplamalar\u0131nda kullan\u0131ma uygundur. Tuvalet, \u00e7\u00f6p kutusu, dren ve at\u0131k konteyn\u0131r\u0131 benzeri yerlerdeki ho\u015fa gitmeyen kokular\u0131 yok etmek i\u00e7in idealdir. Ayr\u0131ca, dokuma zemin d\u00f6\u015femeleri ve d\u00f6\u015femelik kuma\u015flar i\u00e7in de uygundur<br \/>\n<\/span><\/p>\n<p><strong><span class=\"urun_text_02\">Kullan\u0131m \u015eekli :<\/span><\/strong><br \/>\n<strong><span class=\"urun_text_02\">\u0130lk uygulama:<\/span><\/strong><br \/>\n8 litre so\u011fuk suya 200-400 ml.<br \/>\nY\u00fczeyi temizleme sol\u00fcsyonuyla \u0131slat\u0131n ve bir s\u00fcnger, bez ya da<br \/>\npaspas yard\u0131m\u0131yla uygulay\u0131n. Kurumaya b\u0131rak\u0131n. Silerek kurulamay\u0131n<br \/>\nve temiz suyla durulamay\u0131n. E\u011fer gerekiyorsa prosed\u00fcr\u00fc tekrarlay\u0131n.<\/p>\n<p><strong><span class=\"urun_text_02\">Rutin temizlik (silme \/ y\u00fczey temizli\u011fi):<\/span><\/strong><br \/>\n8 litre so\u011fuk suya 100-200 ml.<br \/>\nAt\u0131k konteyn\u0131r\u0131&#8217;n\u0131n i\u00e7ini konsantre ile \u0131slat\u0131p kapa\u011f\u0131n\u0131<br \/>\nkapat\u0131n. Konteyn\u0131r&#8217;\u0131 a\u00e7\u0131k b\u0131rakmay\u0131n. e\u011fer<br \/>\ngerekiyorsa, k\u0131smen dolu konteyn\u0131rlar i\u00e7in ilave bir<br \/>\ndoz uygulanabilir. Drenlere ve sifonlara birka\u00e7 kez<br \/>\ns\u0131kmak suretiyle uygulay\u0131n.<\/p>\n<p class=\"urun_text_02\"><strong>Profesyonel kullan\u0131mlar i\u00e7indir!<\/strong><\/p>\n","protected":false},"excerpt":{"rendered":"<h1><span class=\"urun_baslik_09\">Kiehl-Omni-fresh<br \/>\n<\/span><\/h1>\n<p><strong>Mikrobiyolojik koku n\u00f6tralize edici &#8211; aktif temizlik<\/strong><\/p>\n<p><span class=\"urun_text_02\"><strong>\u00d6zellikleri <\/strong>: Kiehl-Omni-fresh, umuma a\u00e7\u0131k tuvaletler ve tren tuvaletleri gibi \u00e7ok s\u0131k kullan\u0131lan s\u0131hhi alanlardaki ho\u015fa gitmeyen kokular\u0131n yok edilmesi i\u00e7in kullan\u0131lan bir pH-n\u00f6tr,y\u00fczey etkin madde i\u00e7erikli temizlik \u00fcr\u00fcn\u00fcd\u00fcr. \u00dcr\u00fcn, ho\u015fa gitmeyen kokular\u0131 maskelemeden mikrobiyolojik s\u00fcre\u00e7lerden ge\u00e7irerek yok eder. Kiehl-Omni-fresh uygulamas\u0131 esnas\u0131nda i\u015flemden ge\u00e7en y\u00fczeyler ayn\u0131 zamanda temizlenirlerde. Kiehl-Omni-fresh&#8217;in d\u00fczenli kullan\u0131m\u0131 ho\u015fa gitmeyen kokular\u0131 \u00f6nleyecektir. \u00dcr\u00fcn, ayn\u0131 zamanda g\u0131da alanlar\u0131nda kullan\u0131ma da uygundur<\/span><\/p>\n<hr \/>\n<p><strong><span class=\"urun_text_02\">Metrekare ba\u015f\u0131na t\u00fcketim<\/span><\/strong><br \/>\nUygulamaya g\u00f6re farkl\u0131l\u0131k g\u00f6sterir.<\/p>\n<p><strong>\u00a0<\/strong><strong>Paketleme <\/strong><\/p>\n<p>2 x 5 litre bidonluk koli \u00dcr. No. j 25 21 05<\/p>\n<p><img loading=\"lazy\" class=\"alignnone size-full wp-image-1725\" src=\"https:\/\/kiehl.mcsajans.com\/wp-content\/uploads\/2021\/02\/icon_kielh_omni_fresh.jpg\" alt=\"\" width=\"154\" height=\"46\" srcset=\"http:\/\/www.kiehlturkey.com\/wp-content\/uploads\/2021\/02\/icon_kielh_omni_fresh.jpg 154w, http:\/\/www.kiehlturkey.com\/wp-content\/uploads\/2021\/02\/icon_kielh_omni_fresh-150x46.jpg 150w\" sizes=\"(max-width: 154px) 100vw, 154px\" \/><\/p>\n<p>&nbsp;<\/p>\n","protected":false},"featured_media":1726,"comment_status":"open","ping_status":"closed","template":"elementor_theme","meta":[],"yoast_head":"<!-- This site is optimized with the Yoast SEO plugin v15.9 - https:\/\/yoast.com\/wordpress\/plugins\/seo\/ -->\r\n<title>Kiehl-Omni-fresh | K\u0130EHL<\/title>\r\n<meta name=\"description\" content=\"Kiehl-Omni-fresh, umuma a\u00e7\u0131k tuvaletler ve tren tuvaletleri gibi \u00e7ok s\u0131k kullan\u0131lan s\u0131hhi alanlardaki ho\u015fa gitmeyen kokular\u0131n yok edilmesi i\u00e7in kullan\u0131lan bir pH-n\u00f6tr,y\u00fczey etkin madde i\u00e7erikli temizlik \u00fcr\u00fcn\u00fcd\u00fcr.\" \/>\r\n<meta name=\"robots\" content=\"index, follow, max-snippet:-1, max-image-preview:large, max-video-preview:-1\" \/>\r\n<link rel=\"canonical\" href=\"http:\/\/www.kiehlturkey.com\/index.php\/urun\/kiehl-omni-fresh\/\" \/>\r\n<meta property=\"og:locale\" content=\"tr_TR\" \/>\r\n<meta property=\"og:type\" content=\"article\" \/>\r\n<meta property=\"og:title\" content=\"Kiehl-Omni-fresh | K\u0130EHL\" \/>\r\n<meta property=\"og:description\" content=\"Kiehl-Omni-fresh, umuma a\u00e7\u0131k tuvaletler ve tren tuvaletleri gibi \u00e7ok s\u0131k kullan\u0131lan s\u0131hhi alanlardaki ho\u015fa gitmeyen kokular\u0131n yok edilmesi i\u00e7in kullan\u0131lan bir pH-n\u00f6tr,y\u00fczey etkin madde i\u00e7erikli temizlik \u00fcr\u00fcn\u00fcd\u00fcr.\" \/>\r\n<meta property=\"og:url\" content=\"http:\/\/www.kiehlturkey.com\/index.php\/urun\/kiehl-omni-fresh\/\" \/>\r\n<meta property=\"og:site_name\" content=\"K\u0130EHL\" \/>\r\n<meta property=\"article:modified_time\" content=\"2021-02-27T22:25:12+00:00\" \/>\r\n<meta property=\"og:image\" content=\"http:\/\/www.kiehlturkey.com\/wp-content\/uploads\/2021\/02\/Untitled-1-29.jpg\" \/>\r\n\t<meta property=\"og:image:width\" content=\"500\" \/>\r\n\t<meta property=\"og:image:height\" content=\"500\" \/>\r\n<meta name=\"twitter:card\" content=\"summary_large_image\" \/>\r\n<meta name=\"twitter:label1\" content=\"Tahmini okuma s\u00fcresi\">\n\t<meta name=\"twitter:data1\" content=\"1 dakika\">\r\n<script type=\"application\/ld+json\" class=\"yoast-schema-graph\">{\"@context\":\"https:\/\/schema.org\",\"@graph\":[{\"@type\":\"WebSite\",\"@id\":\"http:\/\/www.kiehlturkey.com\/#website\",\"url\":\"http:\/\/www.kiehlturkey.com\/\",\"name\":\"K\\u0130EHL\",\"description\":\"die saubere L\\u00f6sung\",\"potentialAction\":[{\"@type\":\"SearchAction\",\"target\":\"http:\/\/www.kiehlturkey.com\/?s={search_term_string}\",\"query-input\":\"required name=search_term_string\"}],\"inLanguage\":\"tr\"},{\"@type\":\"ImageObject\",\"@id\":\"http:\/\/www.kiehlturkey.com\/index.php\/urun\/kiehl-omni-fresh\/#primaryimage\",\"inLanguage\":\"tr\",\"url\":\"http:\/\/www.kiehlturkey.com\/wp-content\/uploads\/2021\/02\/Untitled-1-29.jpg\",\"width\":500,\"height\":500},{\"@type\":\"WebPage\",\"@id\":\"http:\/\/www.kiehlturkey.com\/index.php\/urun\/kiehl-omni-fresh\/#webpage\",\"url\":\"http:\/\/www.kiehlturkey.com\/index.php\/urun\/kiehl-omni-fresh\/\",\"name\":\"Kiehl-Omni-fresh | K\\u0130EHL\",\"isPartOf\":{\"@id\":\"http:\/\/www.kiehlturkey.com\/#website\"},\"primaryImageOfPage\":{\"@id\":\"http:\/\/www.kiehlturkey.com\/index.php\/urun\/kiehl-omni-fresh\/#primaryimage\"},\"datePublished\":\"2021-02-27T22:19:04+00:00\",\"dateModified\":\"2021-02-27T22:25:12+00:00\",\"description\":\"Kiehl-Omni-fresh, umuma a\\u00e7\\u0131k tuvaletler ve tren tuvaletleri gibi \\u00e7ok s\\u0131k kullan\\u0131lan s\\u0131hhi alanlardaki ho\\u015fa gitmeyen kokular\\u0131n yok edilmesi i\\u00e7in kullan\\u0131lan bir pH-n\\u00f6tr,y\\u00fczey etkin madde i\\u00e7erikli temizlik \\u00fcr\\u00fcn\\u00fcd\\u00fcr.\",\"breadcrumb\":{\"@id\":\"http:\/\/www.kiehlturkey.com\/index.php\/urun\/kiehl-omni-fresh\/#breadcrumb\"},\"inLanguage\":\"tr\",\"potentialAction\":[{\"@type\":\"ReadAction\",\"target\":[\"http:\/\/www.kiehlturkey.com\/index.php\/urun\/kiehl-omni-fresh\/\"]}]},{\"@type\":\"BreadcrumbList\",\"@id\":\"http:\/\/www.kiehlturkey.com\/index.php\/urun\/kiehl-omni-fresh\/#breadcrumb\",\"itemListElement\":[{\"@type\":\"ListItem\",\"position\":1,\"item\":{\"@type\":\"WebPage\",\"@id\":\"http:\/\/www.kiehlturkey.com\/\",\"url\":\"http:\/\/www.kiehlturkey.com\/\",\"name\":\"Ana sayfa\"}},{\"@type\":\"ListItem\",\"position\":2,\"item\":{\"@type\":\"WebPage\",\"@id\":\"http:\/\/www.kiehlturkey.com\/index.php\/urunler\/\",\"url\":\"http:\/\/www.kiehlturkey.com\/index.php\/urunler\/\",\"name\":\"\\u00dcr\\u00fcnler\"}},{\"@type\":\"ListItem\",\"position\":3,\"item\":{\"@type\":\"WebPage\",\"@id\":\"http:\/\/www.kiehlturkey.com\/index.php\/urun\/kiehl-omni-fresh\/\",\"url\":\"http:\/\/www.kiehlturkey.com\/index.php\/urun\/kiehl-omni-fresh\/\",\"name\":\"Kiehl-Omni-fresh\"}}]}]}<\/script>\r\n<!-- \/ Yoast SEO plugin. -->","_links":{"self":[{"href":"http:\/\/www.kiehlturkey.com\/index.php\/wp-json\/wp\/v2\/product\/1720"}],"collection":[{"href":"http:\/\/www.kiehlturkey.com\/index.php\/wp-json\/wp\/v2\/product"}],"about":[{"href":"http:\/\/www.kiehlturkey.com\/index.php\/wp-json\/wp\/v2\/types\/product"}],"replies":[{"embeddable":true,"href":"http:\/\/www.kiehlturkey.com\/index.php\/wp-json\/wp\/v2\/comments?post=1720"}],"version-history":[{"count":1,"href":"http:\/\/www.kiehlturkey.com\/index.php\/wp-json\/wp\/v2\/product\/1720\/revisions"}],"predecessor-version":[{"id":1727,"href":"http:\/\/www.kiehlturkey.com\/index.php\/wp-json\/wp\/v2\/product\/1720\/revisions\/1727"}],"wp:featuredmedia":[{"embeddable":true,"href":"http:\/\/www.kiehlturkey.com\/index.php\/wp-json\/wp\/v2\/media\/1726"}],"wp:attachment":[{"href":"http:\/\/www.kiehlturkey.com\/index.php\/wp-json\/wp\/v2\/media?parent=1720"}],"curies":[{"name":"wp","href":"https:\/\/api.w.org\/{rel}","templated":true}]}}