{"id":1724,"date":"2021-02-27T22:23:20","date_gmt":"2021-02-27T22:23:20","guid":{"rendered":"https:\/\/kiehl.mcsajans.com\/?post_type=product&#038;p=1724"},"modified":"2021-02-27T22:29:20","modified_gmt":"2021-02-27T22:29:20","slug":"duocit-eco","status":"publish","type":"product","link":"http:\/\/www.kiehlturkey.com\/index.php\/urun\/duocit-eco\/","title":{"rendered":"Duocit-eco"},"content":{"rendered":"<p><strong><span class=\"urun_text_02\">\u00d6zellikleri : <\/span><\/strong><span class=\"urun_text_02\">Kal\u0131c\u0131 etkili kokusuyla s\u0131hhi temizleyici. Islak alanlardaki kire\u00e7ta\u015f\u0131 ve kozmetik art\u0131klar\u0131n\u0131 temizlemede kullan\u0131l\u0131r. Duocit-eco d\u00fczenli kullan\u0131ld\u0131\u011f\u0131nda, materyali koruyarak yeni kire\u00e7 olu\u015fumunu \u00f6nler. \u00c7evre dostu form\u00fcl\u00fc sayesinde Duocit-eco Avrupa Birli\u011fi \u00c7evre Etiketine lay\u0131k g\u00f6r\u00fclm\u00fc\u015ft\u00fcr.<\/span><\/p>\n<p><span class=\"urun_text_02\"><strong>\u0130\u00e7indekiler :<\/strong> Aniyonik y\u00fczey etkin maddeler &lt; 5%, non-iyonik y\u00fczey etkin maddeler &lt; 5%, organik asitler, suda \u00e7\u00f6z\u00fcnebilen solventler, boyar maddeler, esanslar. pH-de\u011feri (konsantre): yakla\u015f\u0131k 2 pH-de\u011feri (kullan\u0131ma haz\u0131r sol\u00fcsyon): yakla\u015f\u0131k 3<\/span><\/p>\n<p><span class=\"urun_text_02\"><strong>Kullan\u0131m Alanlar\u0131 :<\/strong> Emaye, seramik, al\u00fcminyum, pirin\u00e7, krom, paslanmaz \u00e7elik, sentetik materyaller ve vernikten yap\u0131lm\u0131\u015f y\u0131kama havuzlar\u0131, s\u0131hhi tesisatlar, banyo k\u00fcvetleri, tuvalet klozetleri, \u00e7er\u00e7eveli e\u015fyalar, aynalar ve karolar gibi s\u0131hhi alanlardaki t\u00fcm suya dayan\u0131kl\u0131 y\u00fczey ve objelerde kullan\u0131ma uygundur. Mermer ve palladyen fayans gibi kalsit bazl\u0131 y\u00fczeylerde kullan\u0131ma uygun de\u011fildir.<br \/>\n<\/span><\/p>\n<p><strong><span class=\"urun_text_02\">Y\u00fczey temizli\u011fi \/ Silme: <\/span><\/strong>Duocit-eco&#8217;yu seyreltmeden \u0131slak bir bez veya abrasif s\u00fcngerin \u00fczerine s\u0131karak y\u00fczeyi temizleyin. Durulay\u0131n veya silerek ar\u0131nd\u0131r\u0131n. Tuvalet klozetinin kenarlar\u0131na seyreltmeden p\u00fcsk\u00fcrt\u00fcn, f\u0131r\u00e7ayla yay\u0131n ve k\u0131sa bir s\u00fcre etki etmesini bekledikten sonra sifonu \u00e7ekin. veya 4-8 litre so\u011fuk suya 1-2 kez s\u0131k\u0131n. Y\u00fczeyi temizleme sol\u00fcsyonuyla \u0131slat\u0131n ve bez ya da s\u00fcngerle<br \/>\ntemizleyin. Durulay\u0131n veya silerek ar\u0131nd\u0131r\u0131n.<\/p>\n<p><strong><span class=\"urun_text_02\">Not:<\/span><\/strong><br \/>\nUygun dozaj tasarruf sa\u011flar ve \u00e7evresel etkileri minimize eder.<br \/>\n\u00c7ocuklar\u0131n ula\u015famayaca\u011f\u0131 yerlerde saklay\u0131n!<br \/>\nFarkl\u0131 temizleyicilerle kar\u0131\u015ft\u0131rmay\u0131n!<br \/>\nGeleneksel \u00fcr\u00fcnlerle (konsantre olmayan) k\u0131yasland\u0131\u011f\u0131nda, \u00fcr\u00fcn sonderece konsantre oldu\u011fu i\u00e7in \u00e7ok az miktarlarda kullan\u0131lmal\u0131d\u0131r.<br \/>\nDaha fazla bilgi i\u00e7in AB \u00c7evre Etiketi web sitesini ziyaret ediniz:<br \/>\nhttp:\/\/europa.eu.int\/ecolabel.<br \/>\nY\u00fczey etkin maddeler do\u011fal hammaddelerden elde edilmi\u015ftir.<br \/>\nPaket materyali geri d\u00f6n\u00fc\u015ft\u00fcr\u00fclebilir.<\/p>\n","protected":false},"excerpt":{"rendered":"<h1 class=\"detail-productname\"><span class=\"urun_baslik_07\">Duocit-eco<\/span><\/h1>\n<p><span class=\"urun_text_02\">Portakal aromal\u0131 s\u0131hhi temizleyici<\/span><\/p>\n<p><span class=\"urun_text_02\"><strong>\u00d6zellikleri <\/strong>: Kal\u0131c\u0131 etkili kokusuyla s\u0131hhi temizleyici. Islak alanlardaki kire\u00e7ta\u015f\u0131 ve kozmetik art\u0131klar\u0131n\u0131 temizlemede kullan\u0131l\u0131r. Duocit-eco d\u00fczenli kullan\u0131ld\u0131\u011f\u0131nda, materyali koruyarak yeni kire\u00e7 olu\u015fumunu \u00f6nler. \u00c7evre dostu form\u00fcl\u00fc sayesinde Duocit-eco Avrupa Birli\u011fi \u00c7evre Etiketine lay\u0131k g\u00f6r\u00fclm\u00fc\u015ft\u00fcr.<\/span><\/p>\n<p>&nbsp;<\/p>\n<p>&nbsp;<\/p>\n<p>&nbsp;<\/p>\n<p>&nbsp;<\/p>\n<p>&nbsp;<\/p>\n<p>&nbsp;<\/p>\n<hr \/>\n<p><img loading=\"lazy\" class=\"alignnone size-full wp-image-1729\" src=\"https:\/\/kiehl.mcsajans.com\/wp-content\/uploads\/2021\/02\/Duocit-eco.jpg\" alt=\"\" width=\"202\" height=\"46\" \/><\/p>\n<p><strong><span class=\"urun_text_02\">Metrekare ba\u015f\u0131na t\u00fcketim<\/span><\/strong><br \/>\nY\u00fczey temizli\u011fi \/ Silme: 1-5 ml<\/p>\n<p>Profesyonel kullan\u0131mlar i\u00e7indir!<\/p>\n<p><strong>Paketleme<\/strong><\/p>\n<p>6 x 1 litre \u015fi\u015felik koli \u00dcr. No. j 40 18 01<br \/>\n10 litre bidon \u00dcr. No. j 40 18 10<br \/>\n200 litre varil \u00dcr. No. j 40 18 72<\/p>\n","protected":false},"featured_media":1730,"comment_status":"open","ping_status":"closed","template":"elementor_theme","meta":[],"yoast_head":"<!-- This site is optimized with the Yoast SEO plugin v15.9 - https:\/\/yoast.com\/wordpress\/plugins\/seo\/ -->\r\n<title>Duocit-eco | K\u0130EHL<\/title>\r\n<meta name=\"description\" content=\"Kal\u0131c\u0131 etkili kokusuyla s\u0131hhi temizleyici.\" \/>\r\n<meta name=\"robots\" content=\"index, follow, max-snippet:-1, max-image-preview:large, max-video-preview:-1\" \/>\r\n<link rel=\"canonical\" href=\"http:\/\/www.kiehlturkey.com\/index.php\/urun\/duocit-eco\/\" \/>\r\n<meta property=\"og:locale\" content=\"tr_TR\" \/>\r\n<meta property=\"og:type\" content=\"article\" \/>\r\n<meta property=\"og:title\" content=\"Duocit-eco | K\u0130EHL\" \/>\r\n<meta property=\"og:description\" content=\"Kal\u0131c\u0131 etkili kokusuyla s\u0131hhi temizleyici.\" \/>\r\n<meta property=\"og:url\" content=\"http:\/\/www.kiehlturkey.com\/index.php\/urun\/duocit-eco\/\" \/>\r\n<meta property=\"og:site_name\" content=\"K\u0130EHL\" \/>\r\n<meta property=\"article:modified_time\" content=\"2021-02-27T22:29:20+00:00\" \/>\r\n<meta property=\"og:image\" content=\"http:\/\/www.kiehlturkey.com\/wp-content\/uploads\/2021\/02\/Duocit-eco-1.jpg\" \/>\r\n\t<meta property=\"og:image:width\" content=\"500\" \/>\r\n\t<meta property=\"og:image:height\" content=\"500\" \/>\r\n<meta name=\"twitter:card\" content=\"summary_large_image\" \/>\r\n<meta name=\"twitter:label1\" content=\"Tahmini okuma s\u00fcresi\">\n\t<meta name=\"twitter:data1\" content=\"1 dakika\">\r\n<script type=\"application\/ld+json\" class=\"yoast-schema-graph\">{\"@context\":\"https:\/\/schema.org\",\"@graph\":[{\"@type\":\"WebSite\",\"@id\":\"http:\/\/www.kiehlturkey.com\/#website\",\"url\":\"http:\/\/www.kiehlturkey.com\/\",\"name\":\"K\\u0130EHL\",\"description\":\"die saubere L\\u00f6sung\",\"potentialAction\":[{\"@type\":\"SearchAction\",\"target\":\"http:\/\/www.kiehlturkey.com\/?s={search_term_string}\",\"query-input\":\"required name=search_term_string\"}],\"inLanguage\":\"tr\"},{\"@type\":\"ImageObject\",\"@id\":\"http:\/\/www.kiehlturkey.com\/index.php\/urun\/duocit-eco\/#primaryimage\",\"inLanguage\":\"tr\",\"url\":\"http:\/\/www.kiehlturkey.com\/wp-content\/uploads\/2021\/02\/Duocit-eco-1.jpg\",\"width\":500,\"height\":500},{\"@type\":\"WebPage\",\"@id\":\"http:\/\/www.kiehlturkey.com\/index.php\/urun\/duocit-eco\/#webpage\",\"url\":\"http:\/\/www.kiehlturkey.com\/index.php\/urun\/duocit-eco\/\",\"name\":\"Duocit-eco | K\\u0130EHL\",\"isPartOf\":{\"@id\":\"http:\/\/www.kiehlturkey.com\/#website\"},\"primaryImageOfPage\":{\"@id\":\"http:\/\/www.kiehlturkey.com\/index.php\/urun\/duocit-eco\/#primaryimage\"},\"datePublished\":\"2021-02-27T22:23:20+00:00\",\"dateModified\":\"2021-02-27T22:29:20+00:00\",\"description\":\"Kal\\u0131c\\u0131 etkili kokusuyla s\\u0131hhi temizleyici.\",\"breadcrumb\":{\"@id\":\"http:\/\/www.kiehlturkey.com\/index.php\/urun\/duocit-eco\/#breadcrumb\"},\"inLanguage\":\"tr\",\"potentialAction\":[{\"@type\":\"ReadAction\",\"target\":[\"http:\/\/www.kiehlturkey.com\/index.php\/urun\/duocit-eco\/\"]}]},{\"@type\":\"BreadcrumbList\",\"@id\":\"http:\/\/www.kiehlturkey.com\/index.php\/urun\/duocit-eco\/#breadcrumb\",\"itemListElement\":[{\"@type\":\"ListItem\",\"position\":1,\"item\":{\"@type\":\"WebPage\",\"@id\":\"http:\/\/www.kiehlturkey.com\/\",\"url\":\"http:\/\/www.kiehlturkey.com\/\",\"name\":\"Ana sayfa\"}},{\"@type\":\"ListItem\",\"position\":2,\"item\":{\"@type\":\"WebPage\",\"@id\":\"http:\/\/www.kiehlturkey.com\/index.php\/urunler\/\",\"url\":\"http:\/\/www.kiehlturkey.com\/index.php\/urunler\/\",\"name\":\"\\u00dcr\\u00fcnler\"}},{\"@type\":\"ListItem\",\"position\":3,\"item\":{\"@type\":\"WebPage\",\"@id\":\"http:\/\/www.kiehlturkey.com\/index.php\/urun\/duocit-eco\/\",\"url\":\"http:\/\/www.kiehlturkey.com\/index.php\/urun\/duocit-eco\/\",\"name\":\"Duocit-eco\"}}]}]}<\/script>\r\n<!-- \/ Yoast SEO plugin. -->","_links":{"self":[{"href":"http:\/\/www.kiehlturkey.com\/index.php\/wp-json\/wp\/v2\/product\/1724"}],"collection":[{"href":"http:\/\/www.kiehlturkey.com\/index.php\/wp-json\/wp\/v2\/product"}],"about":[{"href":"http:\/\/www.kiehlturkey.com\/index.php\/wp-json\/wp\/v2\/types\/product"}],"replies":[{"embeddable":true,"href":"http:\/\/www.kiehlturkey.com\/index.php\/wp-json\/wp\/v2\/comments?post=1724"}],"version-history":[{"count":1,"href":"http:\/\/www.kiehlturkey.com\/index.php\/wp-json\/wp\/v2\/product\/1724\/revisions"}],"predecessor-version":[{"id":1731,"href":"http:\/\/www.kiehlturkey.com\/index.php\/wp-json\/wp\/v2\/product\/1724\/revisions\/1731"}],"wp:featuredmedia":[{"embeddable":true,"href":"http:\/\/www.kiehlturkey.com\/index.php\/wp-json\/wp\/v2\/media\/1730"}],"wp:attachment":[{"href":"http:\/\/www.kiehlturkey.com\/index.php\/wp-json\/wp\/v2\/media?parent=1724"}],"curies":[{"name":"wp","href":"https:\/\/api.w.org\/{rel}","templated":true}]}}