{"id":1728,"date":"2021-02-27T22:26:51","date_gmt":"2021-02-27T22:26:51","guid":{"rendered":"https:\/\/kiehl.mcsajans.com\/?post_type=product&#038;p=1728"},"modified":"2021-02-27T23:05:47","modified_gmt":"2021-02-27T23:05:47","slug":"klaronet-konsantre","status":"publish","type":"product","link":"http:\/\/www.kiehlturkey.com\/index.php\/urun\/klaronet-konsantre\/","title":{"rendered":"Klaronet Konsantre"},"content":{"rendered":"<p><strong><span class=\"urun_text_02\">\u00d6zellikleri : <\/span><\/strong><span class=\"urun_text_02\">Klaronet Konsantre, zemin y\u00fczeyini her temizlik i\u015fleminden sonra yenilenen<\/span><span class=\"urun_text_02\"><br \/>\ny\u00fczey etkin maddeler ve y\u00fcksek molek\u00fcler bak\u0131m maddeleriyle donat\u0131r. B\u00f6ylece, g\u00fcnl\u00fck rutin temizlik ve bak\u0131m kaplamalar\u0131n\u0131n a\u015f\u0131r\u0131 tabakala\u015fmas\u0131na<br \/>\nyol a\u00e7maz. Klaronet Konsantre, p\u00fcr\u00fczs\u00fcz bir \u015fekilde kurur ve uyguland\u0131\u011f\u0131 y\u00fczeyin parlakl\u0131\u011f\u0131n\u0131 koruyarak kaymayan bir y\u00fczey olu\u015fturur. Klaronet Konsantre,<br \/>\n<\/span><span class=\"urun_text_02\">cilt dostu, ho\u015f kokulu ve sabun ya da mum i\u00e7ermeyen bir \u00fcr\u00fcnd\u00fcr.<\/span><strong><span class=\"urun_text_02\"><br \/>\n<\/span><\/strong><span class=\"urun_text_02\"><br \/>\n<\/span><\/p>\n<p><span class=\"urun_text_02\"><strong>\u0130\u00e7indekiler :<\/strong> Non-iyonik y\u00fczey etkin maddeler 5-15%, suda \u00e7\u00f6z\u00fcnebilen solventler, bak\u0131m<br \/>\nmaddeleri, katk\u0131 maddeleri, boyar maddeler, esanslar (limonen, linalol),<br \/>\nkoruyucular (metil-\/ metilkloroisothiazolinone).<br \/>\npH-de\u011feri (konsantre): yakla\u015f\u0131k 4,5 pH-de\u011feri (kullan\u0131ma haz\u0131r sol\u00fcsyon): yakla\u015f\u0131k 7<\/span><\/p>\n<p><span class=\"urun_text_02\"><strong>Kullan\u0131m Alanlar\u0131 : <\/strong>T\u00fcm suya dayan\u0131kl\u0131 zemin y\u00fczeylerinde kullan\u0131ma uygundur.<br \/>\n\u00d6zellikle mum em\u00fclsiyonu ya da polimer dispersiyonu ile kaplanm\u0131\u015f parlak y\u00fczeylerle do\u011fal<br \/>\nve suni ta\u015f zeminler i\u00e7in uygundur. <\/span><\/p>\n<p><strong><span class=\"urun_text_02\">Kullan\u0131m \u015eekli :<\/span><\/strong><\/p>\n<p>1 \u00f6l\u00e7ek (\u00f6l\u00e7ek kapa\u011f\u0131) = 25 ml<br \/>\nRutin temizlik<br \/>\n(silme \/ mekanik \u0131slak temizlik):<br \/>\n8 litre so\u011fuk suya 1 \u00f6l\u00e7ek.<\/p>\n<p><strong><span class=\"urun_text_02\">Parlatma:<\/span><\/strong><br \/>\nY\u00fczeyin arada bir parlat\u0131lmas\u0131 (yakla\u015f\u0131k 1,000 r.p.m. devirle)<br \/>\nbak\u0131m \u00f6zelliklerini g\u00fc\u00e7lendirir, ayak izlerini yok eder ve<br \/>\ndayan\u0131kl\u0131l\u0131\u011f\u0131 artt\u0131r\u0131r.<\/p>\n<p><img loading=\"lazy\" class=\"alignnone size-full wp-image-1697\" src=\"https:\/\/kiehl.mcsajans.com\/wp-content\/uploads\/2021\/02\/tahris-5.jpg\" alt=\"\" width=\"69\" height=\"79\" \/> R 38 Deriyi tahri\u015f eder.<br \/>\nR 41 G\u00f6zlere ciddi zararlar verme riski.<br \/>\nS 24\/25 Deri ve g\u00f6zlerle temas etmemesine dikkat ediniz.<br \/>\nY\u00fczey etkin maddeler i\u00e7erir.<br \/>\nProfesyonel kullan\u0131mlar i\u00e7indir!<\/p>\n","protected":false},"excerpt":{"rendered":"<h1><span class=\"urun_baslik_09\">Klaronet Konsantre<br \/>\n<\/span><\/h1>\n<p><strong>Bak\u0131m temizleyicisi<\/strong><\/p>\n<p><span class=\"urun_text_02\"><strong>\u00d6zellikleri <\/strong>: Klaronet Konsantre, zemin y\u00fczeyini her temizlik i\u015fleminden sonra yenilenen y\u00fczey etkin maddeler ve y\u00fcksek molek\u00fcler bak\u0131m maddeleriyle donat\u0131r. B\u00f6ylece, g\u00fcnl\u00fck rutin temizlik ve bak\u0131m kaplamalar\u0131n\u0131n a\u015f\u0131r\u0131 tabakala\u015fmas\u0131na yol a\u00e7maz. Klaronet Konsantre, p\u00fcr\u00fczs\u00fcz bir \u015fekilde kurur ve uyguland\u0131\u011f\u0131 y\u00fczeyin parlakl\u0131\u011f\u0131n\u0131 koruyarak kaymayan bir y\u00fczey olu\u015fturur. Klaronet Konsantre, cilt dostu, ho\u015f kokulu ve sabun ya da mum i\u00e7ermeyen bir \u00fcr\u00fcnd\u00fcr.<\/span><\/p>\n<hr \/>\n<p><strong><span class=\"urun_text_02\">Metrekare ba\u015f\u0131na t\u00fcketim<\/span><\/strong><br \/>\nSilme \/ mekanik \u0131slak temizlik: 0,1-0,25 ml<\/p>\n<p><strong>\u00a0<\/strong><strong>Paketleme <\/strong><\/p>\n<p>6 x 1 litre \u00f6l\u00e7ek \u015fi\u015felik koli \u00dcr. No. j 30 04 02<\/p>\n<p><img loading=\"lazy\" class=\"alignnone size-full wp-image-1734\" src=\"https:\/\/kiehl.mcsajans.com\/wp-content\/uploads\/2021\/02\/klaronet_konsantre-1.jpg\" alt=\"\" width=\"199\" height=\"46\" \/><\/p>\n<p>&nbsp;<\/p>\n","protected":false},"featured_media":1736,"comment_status":"open","ping_status":"closed","template":"elementor_theme","meta":[],"yoast_head":"<!-- This site is optimized with the Yoast SEO plugin v15.9 - https:\/\/yoast.com\/wordpress\/plugins\/seo\/ -->\r\n<title>Klaronet Konsantre | K\u0130EHL<\/title>\r\n<meta name=\"description\" content=\"Klaronet Konsantre, zemin y\u00fczeyini her temizlik i\u015fleminden sonra yenileneny\u00fczey etkin maddeler ve y\u00fcksek molek\u00fcler bak\u0131m maddeleriyle donat\u0131r.\" \/>\r\n<meta name=\"robots\" content=\"index, follow, max-snippet:-1, max-image-preview:large, max-video-preview:-1\" \/>\r\n<link rel=\"canonical\" href=\"http:\/\/www.kiehlturkey.com\/index.php\/urun\/klaronet-konsantre\/\" \/>\r\n<meta property=\"og:locale\" content=\"tr_TR\" \/>\r\n<meta property=\"og:type\" content=\"article\" \/>\r\n<meta property=\"og:title\" content=\"Klaronet Konsantre | K\u0130EHL\" \/>\r\n<meta property=\"og:description\" content=\"Klaronet Konsantre, zemin y\u00fczeyini her temizlik i\u015fleminden sonra yenileneny\u00fczey etkin maddeler ve y\u00fcksek molek\u00fcler bak\u0131m maddeleriyle donat\u0131r.\" \/>\r\n<meta property=\"og:url\" content=\"http:\/\/www.kiehlturkey.com\/index.php\/urun\/klaronet-konsantre\/\" \/>\r\n<meta property=\"og:site_name\" content=\"K\u0130EHL\" \/>\r\n<meta property=\"article:modified_time\" content=\"2021-02-27T23:05:47+00:00\" \/>\r\n<meta property=\"og:image\" content=\"http:\/\/www.kiehlturkey.com\/wp-content\/uploads\/2021\/02\/Untitled-1-30.jpg\" \/>\r\n\t<meta property=\"og:image:width\" content=\"500\" \/>\r\n\t<meta property=\"og:image:height\" content=\"500\" \/>\r\n<meta name=\"twitter:card\" content=\"summary_large_image\" \/>\r\n<meta name=\"twitter:label1\" content=\"Tahmini okuma s\u00fcresi\">\n\t<meta name=\"twitter:data1\" content=\"2 dakika\">\r\n<script type=\"application\/ld+json\" class=\"yoast-schema-graph\">{\"@context\":\"https:\/\/schema.org\",\"@graph\":[{\"@type\":\"WebSite\",\"@id\":\"http:\/\/www.kiehlturkey.com\/#website\",\"url\":\"http:\/\/www.kiehlturkey.com\/\",\"name\":\"K\\u0130EHL\",\"description\":\"die saubere L\\u00f6sung\",\"potentialAction\":[{\"@type\":\"SearchAction\",\"target\":\"http:\/\/www.kiehlturkey.com\/?s={search_term_string}\",\"query-input\":\"required name=search_term_string\"}],\"inLanguage\":\"tr\"},{\"@type\":\"ImageObject\",\"@id\":\"http:\/\/www.kiehlturkey.com\/index.php\/urun\/klaronet-konsantre\/#primaryimage\",\"inLanguage\":\"tr\",\"url\":\"http:\/\/www.kiehlturkey.com\/wp-content\/uploads\/2021\/02\/Untitled-1-30.jpg\",\"width\":500,\"height\":500},{\"@type\":\"WebPage\",\"@id\":\"http:\/\/www.kiehlturkey.com\/index.php\/urun\/klaronet-konsantre\/#webpage\",\"url\":\"http:\/\/www.kiehlturkey.com\/index.php\/urun\/klaronet-konsantre\/\",\"name\":\"Klaronet Konsantre | K\\u0130EHL\",\"isPartOf\":{\"@id\":\"http:\/\/www.kiehlturkey.com\/#website\"},\"primaryImageOfPage\":{\"@id\":\"http:\/\/www.kiehlturkey.com\/index.php\/urun\/klaronet-konsantre\/#primaryimage\"},\"datePublished\":\"2021-02-27T22:26:51+00:00\",\"dateModified\":\"2021-02-27T23:05:47+00:00\",\"description\":\"Klaronet Konsantre, zemin y\\u00fczeyini her temizlik i\\u015fleminden sonra yenileneny\\u00fczey etkin maddeler ve y\\u00fcksek molek\\u00fcler bak\\u0131m maddeleriyle donat\\u0131r.\",\"breadcrumb\":{\"@id\":\"http:\/\/www.kiehlturkey.com\/index.php\/urun\/klaronet-konsantre\/#breadcrumb\"},\"inLanguage\":\"tr\",\"potentialAction\":[{\"@type\":\"ReadAction\",\"target\":[\"http:\/\/www.kiehlturkey.com\/index.php\/urun\/klaronet-konsantre\/\"]}]},{\"@type\":\"BreadcrumbList\",\"@id\":\"http:\/\/www.kiehlturkey.com\/index.php\/urun\/klaronet-konsantre\/#breadcrumb\",\"itemListElement\":[{\"@type\":\"ListItem\",\"position\":1,\"item\":{\"@type\":\"WebPage\",\"@id\":\"http:\/\/www.kiehlturkey.com\/\",\"url\":\"http:\/\/www.kiehlturkey.com\/\",\"name\":\"Ana sayfa\"}},{\"@type\":\"ListItem\",\"position\":2,\"item\":{\"@type\":\"WebPage\",\"@id\":\"http:\/\/www.kiehlturkey.com\/index.php\/urunler\/\",\"url\":\"http:\/\/www.kiehlturkey.com\/index.php\/urunler\/\",\"name\":\"\\u00dcr\\u00fcnler\"}},{\"@type\":\"ListItem\",\"position\":3,\"item\":{\"@type\":\"WebPage\",\"@id\":\"http:\/\/www.kiehlturkey.com\/index.php\/urun\/klaronet-konsantre\/\",\"url\":\"http:\/\/www.kiehlturkey.com\/index.php\/urun\/klaronet-konsantre\/\",\"name\":\"Klaronet Konsantre\"}}]}]}<\/script>\r\n<!-- \/ Yoast SEO plugin. -->","_links":{"self":[{"href":"http:\/\/www.kiehlturkey.com\/index.php\/wp-json\/wp\/v2\/product\/1728"}],"collection":[{"href":"http:\/\/www.kiehlturkey.com\/index.php\/wp-json\/wp\/v2\/product"}],"about":[{"href":"http:\/\/www.kiehlturkey.com\/index.php\/wp-json\/wp\/v2\/types\/product"}],"replies":[{"embeddable":true,"href":"http:\/\/www.kiehlturkey.com\/index.php\/wp-json\/wp\/v2\/comments?post=1728"}],"version-history":[{"count":3,"href":"http:\/\/www.kiehlturkey.com\/index.php\/wp-json\/wp\/v2\/product\/1728\/revisions"}],"predecessor-version":[{"id":1775,"href":"http:\/\/www.kiehlturkey.com\/index.php\/wp-json\/wp\/v2\/product\/1728\/revisions\/1775"}],"wp:featuredmedia":[{"embeddable":true,"href":"http:\/\/www.kiehlturkey.com\/index.php\/wp-json\/wp\/v2\/media\/1736"}],"wp:attachment":[{"href":"http:\/\/www.kiehlturkey.com\/index.php\/wp-json\/wp\/v2\/media?parent=1728"}],"curies":[{"name":"wp","href":"https:\/\/api.w.org\/{rel}","templated":true}]}}