{"id":1732,"date":"2021-02-27T22:29:35","date_gmt":"2021-02-27T22:29:35","guid":{"rendered":"https:\/\/kiehl.mcsajans.com\/?post_type=product&#038;p=1732"},"modified":"2021-02-27T22:35:48","modified_gmt":"2021-02-27T22:35:48","slug":"kiehl-desisan-konsantre-2","status":"publish","type":"product","link":"http:\/\/www.kiehlturkey.com\/index.php\/urun\/kiehl-desisan-konsantre-2\/","title":{"rendered":"Kiehl-Desisan Konsantre"},"content":{"rendered":"<p><strong><span class=\"urun_text_02\">\u00d6zellikleri : <\/span><\/strong><span class=\"urun_text_02\">S\u0131hhi mekanlardaki suya dayan\u0131kl\u0131 y\u00fczeylerde kullan\u0131m ama\u00e7l\u0131, asit ve aldehid i\u00e7ermeyen temizleyici. Kire\u00e7 tabakalar\u0131n\u0131, sabun kirleri, ya\u011f ve gres ya\u011f\u0131n\u0131n g\u00fcnl\u00fck temizli\u011fi i\u00e7indir.<\/span><span class=\"urun_text_02\"><br \/>\nKal\u0131c\u0131 ve ho\u015f bir kokuya sahiptir. Kiehl-Desisan&#8217;\u0131n kullan\u0131ma haz\u0131r sol\u00fcsyonu suya ve<br \/>\n<\/span><span class=\"urun_text_02\">kirlenmeye kar\u015f\u0131 dayan\u0131kl\u0131 bir y\u00fczey korumas\u0131 sa\u011flar. Bu koruma kire\u00e7 tabakas\u0131 ve sabun kiri olu\u015fumunu b\u00fcy\u00fck \u00f6l\u00e7\u00fcde \u00f6nler. Kiehl-Desisan Konsantre, s\u0131hhi tesisat \u00fcreticilerinin tavsiyelerini kar\u015f\u0131lar ve Alman Uygulamal\u0131 Hijyen Birli\u011fi (VAH) \u015fartlar\u0131na uygun bir \u015fekilde % 6&#8217;l\u0131k bir sol\u00fcsyonla 15 dakika etki s\u00fcresi i\u00e7inde test edilmi\u015ftir. Kiehl-Desisan kullan\u0131ma haz\u0131r sol\u00fcsyonu, konsantre \u015fi\u015fesi ve Kiehl-DosiExpress veya Kiehl-Dispensing sistem&#8217;i ile haz\u0131rlan\u0131r. EN 1040, EN 1275, EN 1276 and EN 1650 \u015fartlar\u0131n\u0131 kar\u015f\u0131lar.<\/span><strong><span class=\"urun_text_02\"><br \/>\n<\/span><\/strong><\/p>\n<p><span class=\"urun_text_02\"><strong>\u0130\u00e7indekiler :<\/strong> 100 gram\u0131 i\u00e7in aktif madde miktarlar\u0131:<br \/>\n4.0 gr didesil dimetil amonyum klorid<br \/>\n6.0 gr N-(3-amino-prophyl)-N-dodesil propan-1.3-diamin<br \/>\nSair i\u00e7erik:<br \/>\nNon-iyonik y\u00fczey etkin maddeler 5-15%, suda \u00e7\u00f6z\u00fcnebilen solventler, bak\u0131m maddeleri, boyar maddeler, esanslar (benzil salisilat, linalol, limonen, liral).<br \/>\npH-de\u011feri (konsantre): 10,0 pH-de\u011feri (kullan\u0131ma haz\u0131r sol\u00fcsyon): 9,5<br \/>\n<\/span><\/p>\n<p><span class=\"urun_text_02\"><strong>Kullan\u0131m Alanlar\u0131 :<\/strong> S\u0131hhi alanlardaki emaye, seramik, al\u00fcminyum, pirin\u00e7, krom, paslanmaz \u00e7elik, sentetik materyal ve vernikten yap\u0131lm\u0131\u015f; s\u0131hhi tesisatlar, y\u0131kama tekneleri, banyo k\u00fcvetleri, kapakl\u0131tuvalet klozetleri, \u00e7er\u00e7eveli e\u015fyalar, aynalar, karolar vs. gibi suya dayan\u0131kl\u0131 y\u00fczeyler veobjelerde kullan\u0131ma uygundur.<br \/>\nMermer gibi kalsit bazl\u0131 ta\u015flar \u00fcr\u00fcn\u00fcn kullan\u0131m\u0131ndan dolay\u0131 donukla\u015fabilirler.<\/p>\n<p><\/span><\/p>\n<p><strong><span class=\"urun_text_02\">Kullan\u0131m \u015eekli : <\/span><\/strong>1 \u00f6l\u00e7ek (\u00f6l\u00e7ek kapa\u011f\u0131) = 30 ml<\/p>\n<p><strong><span class=\"urun_text_02\">Kullan\u0131ma haz\u0131r sol\u00fcsyonun haz\u0131rlanmas\u0131<\/span><\/strong><br \/>\na) 500 ml&#8217;lik sprey \u015fi\u015fesini \u00e7izgiye kadar so\u011fuk suyla doldurun.<br \/>\nBir \u00f6l\u00e7ek (30 ml) \u00fcr\u00fcn\u00fc konsantre \u015fi\u015fesinden ya da DosiExpress&#8217;ten kat\u0131n.<br \/>\nb) 500 ml&#8217;lik sprey \u015fi\u015fesini Kiehl-Dispensing sistemi ile doldurun.<br \/>\nK\u00f6p\u00fck p\u00fcsk\u00fcrtme y\u00f6ntemiyle y\u00fczey dezenfeksiyonu temizli\u011fi<br \/>\nK\u00f6p\u00fc\u011f\u00fc y\u00fczeye ya da \u0131slak bir bez\/s\u00fcngerin \u00fczerine s\u0131k\u0131p y\u00fczeyi<br \/>\ntemizleyin. Dezenfektan temizli\u011finde y\u00fczeyin iyice \u0131slat\u0131lm\u0131\u015f oldu\u011fundan<br \/>\nemin olunuz (en az 30 ml \/ m\u00b2). Ekipmanlar\u0131 suyla iyice temizleyin.<\/p>\n<p><strong>Hastaneler ve doktor muayenehaneleri i\u00e7in profilaksi ama\u00e7l\u0131 y\u00fczey<\/strong><br \/>\n<strong>dezenfeksiyonu (Alman DGHM-standartlar\u0131 y\u00f6ntemlerine g\u00f6re):<\/strong><br \/>\nY\u00fczey temizli\u011fi Kar\u0131\u015fan madde:kirli durumlar<br \/>\nSeyreltme \/ Y\u00fczey dezenfeksiyonu i\u00e7in etks\u00fcresi<br \/>\nSeyreltme \/ Etki s\u00fcresi,<br \/>\nsar\u0131l\u0131 vir\u00fcslere kar\u015f\u0131 vir\u00fcsidal (HIV, HBV, HCV, rota vir\u00fcsleri)<br \/>\nevet 6 % \/ 15 dakika 6 % \/ 5 dakika<\/p>\n<p><img loading=\"lazy\" class=\"alignnone size-full wp-image-1735\" src=\"https:\/\/kiehl.mcsajans.com\/wp-content\/uploads\/2021\/02\/tahris-6.jpg\" alt=\"\" width=\"69\" height=\"79\" \/> R 38 Deriyi tahri\u015f eder.<br \/>\nR 41 G\u00f6zlere ciddi zararlar verme riski.<br \/>\nS 24\/25 Deri ve g\u00f6zlere temas etmemesine dikkat ediniz.<br \/>\nS 26 G\u00f6zlere temas etmesi halinde, g\u00f6zleri bol miktarda su ile y\u0131kay\u0131n\u0131z ve doktora<br \/>\nba\u015fvurunuz.<br \/>\nS 37\/39 Uygun eldiven ve g\u00f6z \/ y\u00fcz koruyucu ekipmanlar kullan\u0131n\u0131z.<br \/>\nProfesyonel kullan\u0131mlar i\u00e7indir!<\/p>\n","protected":false},"excerpt":{"rendered":"<h1 class=\"detail-productname\"><span class=\"urun_baslik_07\">Kiehl-Desisan Konsantre<\/span><\/h1>\n<p><span class=\"urun_text_02\">S\u0131hhi mekanlar i\u00e7in likit dezenfektan temizleyici<\/span><br \/>\n<span class=\"urun_text_02\">1 Litre \u00fcr\u00fcnden 33 adet 500 ml triger elde edebilece\u011finiz y\u00fcksek konsantre dezenfektan temizleyici.<\/span><\/p>\n<p><span class=\"urun_text_02\"><strong>\u00d6zellikleri <\/strong>: S\u0131hhi mekanlardaki suya dayan\u0131kl\u0131 y\u00fczeylerde kullan\u0131m ama\u00e7l\u0131, asit ve aldehid i\u00e7ermeyen temizleyici. Kire\u00e7 tabakalar\u0131n\u0131, sabun kirleri, ya\u011f ve gres ya\u011f\u0131n\u0131n g\u00fcnl\u00fck temizli\u011fi i\u00e7indir.<br \/>\nKal\u0131c\u0131 ve ho\u015f bir kokuya sahiptir. Kiehl-Desisan&#8217;\u0131n kullan\u0131ma haz\u0131r sol\u00fcsyonu suya ve<br \/>\nkirlenmeye kar\u015f\u0131 dayan\u0131kl\u0131 bir y\u00fczey korumas\u0131 sa\u011flar. Bu koruma kire\u00e7 tabakas\u0131 ve sabun kiri olu\u015fumunu b\u00fcy\u00fck \u00f6l\u00e7\u00fcde \u00f6nler. Kiehl-Desisan Konsantre, s\u0131hhi tesisat \u00fcreticilerinin tavsiyelerini kar\u015f\u0131lar ve Alman Uygulamal\u0131 Hijyen Birli\u011fi (VAH) \u015fartlar\u0131na uygun bir \u015fekilde % 6&#8217;l\u0131k bir sol\u00fcsyonla 15 dakika etki s\u00fcresi i\u00e7inde test edilmi\u015ftir. Kiehl-Desisan kullan\u0131ma haz\u0131r sol\u00fcsyonu, konsantre \u015fi\u015fesi ve Kiehl-DosiExpress veya Kiehl-Dispensing sistem&#8217;i ile haz\u0131rlan\u0131r. EN 1040, EN 1275, EN 1276 and EN 1650 \u015fartlar\u0131n\u0131 kar\u015f\u0131lar.<br \/>\n<\/span><\/p>\n<p>&nbsp;<\/p>\n<p>&nbsp;<\/p>\n<p>&nbsp;<\/p>\n<p>&nbsp;<\/p>\n<p>&nbsp;<\/p>\n<p>&nbsp;<\/p>\n<hr \/>\n<p><img loading=\"lazy\" class=\"alignnone size-full wp-image-1739\" src=\"https:\/\/kiehl.mcsajans.com\/wp-content\/uploads\/2021\/02\/Kiehl-Desisan-Konsantre-1.jpg\" alt=\"\" width=\"257\" height=\"60\" \/><\/p>\n<p><strong><span class=\"urun_text_02\">Metrekare ba\u015f\u0131na t\u00fcketim<\/span><\/strong><br \/>\nK\u00f6p\u00fck p\u00fcsk\u00fcrtme y\u00f6ntemiyle y\u00fczey dezenfeksiyonu temizli\u011fi: 30 ml<br \/>\nY\u00fczey temizli\u011fi: 5 ml kullan\u0131ma haz\u0131r sol\u00fcsyon<br \/>\nDezenfektan temizli\u011fi: \u00fcr\u00fcn\u00fc g\u00fcvenli kullan\u0131n. Kullanmadan \u00f6nce risk ve g\u00fcvenlik uyar\u0131lar\u0131 ile \u00fcr\u00fcn<br \/>\nkullan\u0131m talimatlar\u0131n\u0131 okuyun.<\/p>\n<p><strong>Paketleme<\/strong><\/p>\n<p>Karma kolit: 3 x 1 litre \u00f6l\u00e7ekli \u015fi\u015fe + 1 x 500 ml bo\u015f \u015fi\u015fe \u00dcr. No. j 40 17 09<br \/>\n3 x 2 litre \u015fi\u015felik koli \u00dcr. No. j 40 17 08<br \/>\n6 x 500 ml k\u00f6p\u00fck p\u00fcsk\u00fcrt\u00fcc\u00fcl\u00fc bo\u015f \u015fi\u015felik koli \u00dcr. No. z 01 23 71<br \/>\nKiehl-DosiExpress 30 ml \u00dcr. No. z 12 15 13<br \/>\nKiehl-Dispensing sistemi \u00dcr. No. z 12 20 02<\/p>\n","protected":false},"featured_media":1741,"comment_status":"open","ping_status":"closed","template":"elementor_theme","meta":[],"yoast_head":"<!-- This site is optimized with the Yoast SEO plugin v15.9 - https:\/\/yoast.com\/wordpress\/plugins\/seo\/ -->\r\n<title>Kiehl-Desisan Konsantre | K\u0130EHL<\/title>\r\n<meta name=\"description\" content=\"S\u0131hhi mekanlardaki suya dayan\u0131kl\u0131 y\u00fczeylerde kullan\u0131m ama\u00e7l\u0131, asit ve aldehid i\u00e7ermeyen temizleyici.\" \/>\r\n<meta name=\"robots\" content=\"index, follow, max-snippet:-1, max-image-preview:large, max-video-preview:-1\" \/>\r\n<link rel=\"canonical\" href=\"http:\/\/www.kiehlturkey.com\/index.php\/urun\/kiehl-desisan-konsantre-2\/\" \/>\r\n<meta property=\"og:locale\" content=\"tr_TR\" \/>\r\n<meta property=\"og:type\" content=\"article\" \/>\r\n<meta property=\"og:title\" content=\"Kiehl-Desisan Konsantre | K\u0130EHL\" \/>\r\n<meta property=\"og:description\" content=\"S\u0131hhi mekanlardaki suya dayan\u0131kl\u0131 y\u00fczeylerde kullan\u0131m ama\u00e7l\u0131, asit ve aldehid i\u00e7ermeyen temizleyici.\" \/>\r\n<meta property=\"og:url\" content=\"http:\/\/www.kiehlturkey.com\/index.php\/urun\/kiehl-desisan-konsantre-2\/\" \/>\r\n<meta property=\"og:site_name\" content=\"K\u0130EHL\" \/>\r\n<meta property=\"article:modified_time\" content=\"2021-02-27T22:35:48+00:00\" \/>\r\n<meta property=\"og:image\" content=\"http:\/\/www.kiehlturkey.com\/wp-content\/uploads\/2021\/02\/j4017.jpg\" \/>\r\n\t<meta property=\"og:image:width\" content=\"500\" \/>\r\n\t<meta property=\"og:image:height\" content=\"500\" \/>\r\n<meta name=\"twitter:card\" content=\"summary_large_image\" \/>\r\n<meta name=\"twitter:label1\" content=\"Tahmini okuma s\u00fcresi\">\n\t<meta name=\"twitter:data1\" content=\"2 dakika\">\r\n<script type=\"application\/ld+json\" class=\"yoast-schema-graph\">{\"@context\":\"https:\/\/schema.org\",\"@graph\":[{\"@type\":\"WebSite\",\"@id\":\"http:\/\/www.kiehlturkey.com\/#website\",\"url\":\"http:\/\/www.kiehlturkey.com\/\",\"name\":\"K\\u0130EHL\",\"description\":\"die saubere L\\u00f6sung\",\"potentialAction\":[{\"@type\":\"SearchAction\",\"target\":\"http:\/\/www.kiehlturkey.com\/?s={search_term_string}\",\"query-input\":\"required name=search_term_string\"}],\"inLanguage\":\"tr\"},{\"@type\":\"ImageObject\",\"@id\":\"http:\/\/www.kiehlturkey.com\/index.php\/urun\/kiehl-desisan-konsantre-2\/#primaryimage\",\"inLanguage\":\"tr\",\"url\":\"http:\/\/www.kiehlturkey.com\/wp-content\/uploads\/2021\/02\/j4017.jpg\",\"width\":500,\"height\":500},{\"@type\":\"WebPage\",\"@id\":\"http:\/\/www.kiehlturkey.com\/index.php\/urun\/kiehl-desisan-konsantre-2\/#webpage\",\"url\":\"http:\/\/www.kiehlturkey.com\/index.php\/urun\/kiehl-desisan-konsantre-2\/\",\"name\":\"Kiehl-Desisan Konsantre | K\\u0130EHL\",\"isPartOf\":{\"@id\":\"http:\/\/www.kiehlturkey.com\/#website\"},\"primaryImageOfPage\":{\"@id\":\"http:\/\/www.kiehlturkey.com\/index.php\/urun\/kiehl-desisan-konsantre-2\/#primaryimage\"},\"datePublished\":\"2021-02-27T22:29:35+00:00\",\"dateModified\":\"2021-02-27T22:35:48+00:00\",\"description\":\"S\\u0131hhi mekanlardaki suya dayan\\u0131kl\\u0131 y\\u00fczeylerde kullan\\u0131m ama\\u00e7l\\u0131, asit ve aldehid i\\u00e7ermeyen temizleyici.\",\"breadcrumb\":{\"@id\":\"http:\/\/www.kiehlturkey.com\/index.php\/urun\/kiehl-desisan-konsantre-2\/#breadcrumb\"},\"inLanguage\":\"tr\",\"potentialAction\":[{\"@type\":\"ReadAction\",\"target\":[\"http:\/\/www.kiehlturkey.com\/index.php\/urun\/kiehl-desisan-konsantre-2\/\"]}]},{\"@type\":\"BreadcrumbList\",\"@id\":\"http:\/\/www.kiehlturkey.com\/index.php\/urun\/kiehl-desisan-konsantre-2\/#breadcrumb\",\"itemListElement\":[{\"@type\":\"ListItem\",\"position\":1,\"item\":{\"@type\":\"WebPage\",\"@id\":\"http:\/\/www.kiehlturkey.com\/\",\"url\":\"http:\/\/www.kiehlturkey.com\/\",\"name\":\"Ana sayfa\"}},{\"@type\":\"ListItem\",\"position\":2,\"item\":{\"@type\":\"WebPage\",\"@id\":\"http:\/\/www.kiehlturkey.com\/index.php\/urunler\/\",\"url\":\"http:\/\/www.kiehlturkey.com\/index.php\/urunler\/\",\"name\":\"\\u00dcr\\u00fcnler\"}},{\"@type\":\"ListItem\",\"position\":3,\"item\":{\"@type\":\"WebPage\",\"@id\":\"http:\/\/www.kiehlturkey.com\/index.php\/urun\/kiehl-desisan-konsantre-2\/\",\"url\":\"http:\/\/www.kiehlturkey.com\/index.php\/urun\/kiehl-desisan-konsantre-2\/\",\"name\":\"Kiehl-Desisan Konsantre\"}}]}]}<\/script>\r\n<!-- \/ Yoast SEO plugin. -->","_links":{"self":[{"href":"http:\/\/www.kiehlturkey.com\/index.php\/wp-json\/wp\/v2\/product\/1732"}],"collection":[{"href":"http:\/\/www.kiehlturkey.com\/index.php\/wp-json\/wp\/v2\/product"}],"about":[{"href":"http:\/\/www.kiehlturkey.com\/index.php\/wp-json\/wp\/v2\/types\/product"}],"replies":[{"embeddable":true,"href":"http:\/\/www.kiehlturkey.com\/index.php\/wp-json\/wp\/v2\/comments?post=1732"}],"version-history":[{"count":2,"href":"http:\/\/www.kiehlturkey.com\/index.php\/wp-json\/wp\/v2\/product\/1732\/revisions"}],"predecessor-version":[{"id":1742,"href":"http:\/\/www.kiehlturkey.com\/index.php\/wp-json\/wp\/v2\/product\/1732\/revisions\/1742"}],"wp:featuredmedia":[{"embeddable":true,"href":"http:\/\/www.kiehlturkey.com\/index.php\/wp-json\/wp\/v2\/media\/1741"}],"wp:attachment":[{"href":"http:\/\/www.kiehlturkey.com\/index.php\/wp-json\/wp\/v2\/media?parent=1732"}],"curies":[{"name":"wp","href":"https:\/\/api.w.org\/{rel}","templated":true}]}}