{"id":1740,"date":"2021-02-27T22:34:35","date_gmt":"2021-02-27T22:34:35","guid":{"rendered":"https:\/\/kiehl.mcsajans.com\/?post_type=product&#038;p=1740"},"modified":"2021-02-27T22:45:51","modified_gmt":"2021-02-27T22:45:51","slug":"optima","status":"publish","type":"product","link":"http:\/\/www.kiehlturkey.com\/index.php\/urun\/optima\/","title":{"rendered":"Optima"},"content":{"rendered":"<p><strong><span class=\"urun_text_02\">\u00d6zellikleri : <\/span><\/strong><span class=\"urun_text_02\">Optima, t\u00fcm suya dayan\u0131kl\u0131 y\u00fczeylerin g\u00fcnl\u00fck temizli\u011fi i\u00e7in ideal olan, \u00e7ok ama\u00e7l\u0131 bir y\u00fczey ve cam temizleme \u00fcr\u00fcn\u00fcd\u00fcr. \u00d6zel form\u00fclasyonu, sentetik materyaller \u00fczerindeki gerilime ba\u011fl\u0131 a\u015f\u0131nma \u00e7atlaklar\u0131n\u0131 \u00f6nler. Bu sebeple, Optima sentetik materyaller ve akrilik cam \u00fczerinde kullan\u0131ma m\u00fckemmelen uygun bir \u00fcr\u00fcnd\u00fcr. Optima, materyali korur, h\u0131zla ve p\u00fcr\u00fczs\u00fcz bir \u015fekilde kurur ve temizlenen y\u00fczeylerin do\u011fal g\u00f6r\u00fcn\u00fcmlerine vurgu yapar. Optima Avrupa Birli\u011fi \u00c7evre Etiketine lay\u0131k g\u00f6r\u00fclm\u00fc\u015ft\u00fcr<\/span><strong><span class=\"urun_text_02\"><br \/>\n<\/span><\/strong><span class=\"urun_text_02\"><br \/>\n<\/span><\/p>\n<p><span class=\"urun_text_02\"><strong>\u0130\u00e7indekiler :<\/strong> Aniyonik y\u00fczey etkin maddeler &lt; 5%, suda \u00e7\u00f6z\u00fcnebilen solventler, boyar maddeler, esanslar. pH-de\u011feri (konsantre): yakla\u015f\u0131k 9,5<\/span><\/p>\n<p><span class=\"urun_text_02\"><strong>Kullan\u0131m Alanlar\u0131 : <\/strong>T\u00fcm suya dayan\u0131kl\u0131 y\u00fczeyler ve objelerde kullan\u0131ma uygundur. Akrilik cam y\u00fczeyler i\u00e7in idealdir.<\/span><\/p>\n<p><strong><span class=\"urun_text_02\">Kullan\u0131m \u015eekli :<\/span><\/strong><\/p>\n<p>Rutin temizlik (y\u00fczey temizli\u011fi):<br \/>\n\u00dcr\u00fcn\u00fc seyreltmeden kullan\u0131n.<br \/>\nK\u00f6p\u00fc\u011f\u00fc y\u00fczeye ya da \u0131slak bir bezin \u00fczerine s\u0131k\u0131p<br \/>\ny\u00fczeyi silin. Kirli bezi suyla durulay\u0131n.<\/p>\n<p><strong>Profesyonel kullan\u0131mlar i\u00e7indir!<\/strong><\/p>\n","protected":false},"excerpt":{"rendered":"<h1><span class=\"urun_baslik_09\">Optima<\/span><\/h1>\n<p><strong>Y\u00fczey ve cam temizleyici<\/strong><\/p>\n<p><span class=\"urun_text_02\"><strong>\u00d6zellikleri :<\/strong> Optima, t\u00fcm suya dayan\u0131kl\u0131 y\u00fczeylerin g\u00fcnl\u00fck temizli\u011fi i\u00e7in ideal olan, \u00e7ok ama\u00e7l\u0131 bir y\u00fczey ve cam temizleme \u00fcr\u00fcn\u00fcd\u00fcr. \u00d6zel form\u00fclasyonu, sentetik materyaller \u00fczerindeki gerilime ba\u011fl\u0131 a\u015f\u0131nma \u00e7atlaklar\u0131n\u0131 \u00f6nler. Bu sebeple, Optima sentetik materyaller ve akrilik cam \u00fczerinde kullan\u0131ma m\u00fckemmelen uygun bir \u00fcr\u00fcnd\u00fcr. Optima, materyali korur, h\u0131zla ve p\u00fcr\u00fczs\u00fcz bir \u015fekilde kurur ve temizlenen y\u00fczeylerin do\u011fal g\u00f6r\u00fcn\u00fcmlerine vurgu yapar. Optima Avrupa Birli\u011fi \u00c7evre Etiketine lay\u0131k g\u00f6r\u00fclm\u00fc\u015ft\u00fcr.<\/span><\/p>\n<hr \/>\n<p><strong><span class=\"urun_text_02\">Metrekare ba\u015f\u0131na t\u00fcketim<\/span><\/strong><br \/>\nY\u00fczey temizli\u011fi: 3 ml<\/p>\n<p><strong>\u00a0<\/strong><strong>Paketleme <\/strong><\/p>\n<p>6 x 1 litre \u015fi\u015felik koli \u00dcr. No. j 25 20 01<br \/>\n10 litre bidon \u00dcr. No. j 25 20 10<br \/>\n200 litre varil \u00dcr. No. j 25 20 72<\/p>\n<p><img loading=\"lazy\" class=\"alignnone size-full wp-image-1745\" src=\"https:\/\/kiehl.mcsajans.com\/wp-content\/uploads\/2021\/02\/icon_optima.jpg\" alt=\"\" width=\"47\" height=\"47\" \/><\/p>\n<p>&nbsp;<\/p>\n","protected":false},"featured_media":1746,"comment_status":"open","ping_status":"closed","template":"elementor_theme","meta":[],"yoast_head":"<!-- This site is optimized with the Yoast SEO plugin v15.9 - https:\/\/yoast.com\/wordpress\/plugins\/seo\/ -->\r\n<title>Optima | K\u0130EHL<\/title>\r\n<meta name=\"description\" content=\"Optima, t\u00fcm suya dayan\u0131kl\u0131 y\u00fczeylerin g\u00fcnl\u00fck temizli\u011fi i\u00e7in ideal olan, \u00e7ok ama\u00e7l\u0131 bir y\u00fczey ve cam temizleme \u00fcr\u00fcn\u00fcd\u00fcr.\" \/>\r\n<meta name=\"robots\" content=\"index, follow, max-snippet:-1, max-image-preview:large, max-video-preview:-1\" \/>\r\n<link rel=\"canonical\" href=\"http:\/\/www.kiehlturkey.com\/index.php\/urun\/optima\/\" \/>\r\n<meta property=\"og:locale\" content=\"tr_TR\" \/>\r\n<meta property=\"og:type\" content=\"article\" \/>\r\n<meta property=\"og:title\" content=\"Optima | K\u0130EHL\" \/>\r\n<meta property=\"og:description\" content=\"Optima, t\u00fcm suya dayan\u0131kl\u0131 y\u00fczeylerin g\u00fcnl\u00fck temizli\u011fi i\u00e7in ideal olan, \u00e7ok ama\u00e7l\u0131 bir y\u00fczey ve cam temizleme \u00fcr\u00fcn\u00fcd\u00fcr.\" \/>\r\n<meta property=\"og:url\" content=\"http:\/\/www.kiehlturkey.com\/index.php\/urun\/optima\/\" \/>\r\n<meta property=\"og:site_name\" content=\"K\u0130EHL\" \/>\r\n<meta property=\"article:modified_time\" content=\"2021-02-27T22:45:51+00:00\" \/>\r\n<meta property=\"og:image\" content=\"http:\/\/www.kiehlturkey.com\/wp-content\/uploads\/2021\/02\/Untitled-1-31.jpg\" \/>\r\n\t<meta property=\"og:image:width\" content=\"500\" \/>\r\n\t<meta property=\"og:image:height\" content=\"500\" \/>\r\n<meta name=\"twitter:card\" content=\"summary_large_image\" \/>\r\n<meta name=\"twitter:label1\" content=\"Tahmini okuma s\u00fcresi\">\n\t<meta name=\"twitter:data1\" content=\"1 dakika\">\r\n<script type=\"application\/ld+json\" class=\"yoast-schema-graph\">{\"@context\":\"https:\/\/schema.org\",\"@graph\":[{\"@type\":\"WebSite\",\"@id\":\"http:\/\/www.kiehlturkey.com\/#website\",\"url\":\"http:\/\/www.kiehlturkey.com\/\",\"name\":\"K\\u0130EHL\",\"description\":\"die saubere L\\u00f6sung\",\"potentialAction\":[{\"@type\":\"SearchAction\",\"target\":\"http:\/\/www.kiehlturkey.com\/?s={search_term_string}\",\"query-input\":\"required name=search_term_string\"}],\"inLanguage\":\"tr\"},{\"@type\":\"ImageObject\",\"@id\":\"http:\/\/www.kiehlturkey.com\/index.php\/urun\/optima\/#primaryimage\",\"inLanguage\":\"tr\",\"url\":\"http:\/\/www.kiehlturkey.com\/wp-content\/uploads\/2021\/02\/Untitled-1-31.jpg\",\"width\":500,\"height\":500},{\"@type\":\"WebPage\",\"@id\":\"http:\/\/www.kiehlturkey.com\/index.php\/urun\/optima\/#webpage\",\"url\":\"http:\/\/www.kiehlturkey.com\/index.php\/urun\/optima\/\",\"name\":\"Optima | K\\u0130EHL\",\"isPartOf\":{\"@id\":\"http:\/\/www.kiehlturkey.com\/#website\"},\"primaryImageOfPage\":{\"@id\":\"http:\/\/www.kiehlturkey.com\/index.php\/urun\/optima\/#primaryimage\"},\"datePublished\":\"2021-02-27T22:34:35+00:00\",\"dateModified\":\"2021-02-27T22:45:51+00:00\",\"description\":\"Optima, t\\u00fcm suya dayan\\u0131kl\\u0131 y\\u00fczeylerin g\\u00fcnl\\u00fck temizli\\u011fi i\\u00e7in ideal olan, \\u00e7ok ama\\u00e7l\\u0131 bir y\\u00fczey ve cam temizleme \\u00fcr\\u00fcn\\u00fcd\\u00fcr.\",\"breadcrumb\":{\"@id\":\"http:\/\/www.kiehlturkey.com\/index.php\/urun\/optima\/#breadcrumb\"},\"inLanguage\":\"tr\",\"potentialAction\":[{\"@type\":\"ReadAction\",\"target\":[\"http:\/\/www.kiehlturkey.com\/index.php\/urun\/optima\/\"]}]},{\"@type\":\"BreadcrumbList\",\"@id\":\"http:\/\/www.kiehlturkey.com\/index.php\/urun\/optima\/#breadcrumb\",\"itemListElement\":[{\"@type\":\"ListItem\",\"position\":1,\"item\":{\"@type\":\"WebPage\",\"@id\":\"http:\/\/www.kiehlturkey.com\/\",\"url\":\"http:\/\/www.kiehlturkey.com\/\",\"name\":\"Ana sayfa\"}},{\"@type\":\"ListItem\",\"position\":2,\"item\":{\"@type\":\"WebPage\",\"@id\":\"http:\/\/www.kiehlturkey.com\/index.php\/urunler\/\",\"url\":\"http:\/\/www.kiehlturkey.com\/index.php\/urunler\/\",\"name\":\"\\u00dcr\\u00fcnler\"}},{\"@type\":\"ListItem\",\"position\":3,\"item\":{\"@type\":\"WebPage\",\"@id\":\"http:\/\/www.kiehlturkey.com\/index.php\/urun\/optima\/\",\"url\":\"http:\/\/www.kiehlturkey.com\/index.php\/urun\/optima\/\",\"name\":\"Optima\"}}]}]}<\/script>\r\n<!-- \/ Yoast SEO plugin. -->","_links":{"self":[{"href":"http:\/\/www.kiehlturkey.com\/index.php\/wp-json\/wp\/v2\/product\/1740"}],"collection":[{"href":"http:\/\/www.kiehlturkey.com\/index.php\/wp-json\/wp\/v2\/product"}],"about":[{"href":"http:\/\/www.kiehlturkey.com\/index.php\/wp-json\/wp\/v2\/types\/product"}],"replies":[{"embeddable":true,"href":"http:\/\/www.kiehlturkey.com\/index.php\/wp-json\/wp\/v2\/comments?post=1740"}],"version-history":[{"count":3,"href":"http:\/\/www.kiehlturkey.com\/index.php\/wp-json\/wp\/v2\/product\/1740\/revisions"}],"predecessor-version":[{"id":1756,"href":"http:\/\/www.kiehlturkey.com\/index.php\/wp-json\/wp\/v2\/product\/1740\/revisions\/1756"}],"wp:featuredmedia":[{"embeddable":true,"href":"http:\/\/www.kiehlturkey.com\/index.php\/wp-json\/wp\/v2\/media\/1746"}],"wp:attachment":[{"href":"http:\/\/www.kiehlturkey.com\/index.php\/wp-json\/wp\/v2\/media?parent=1740"}],"curies":[{"name":"wp","href":"https:\/\/api.w.org\/{rel}","templated":true}]}}