{"id":1748,"date":"2021-02-27T22:39:46","date_gmt":"2021-02-27T22:39:46","guid":{"rendered":"https:\/\/kiehl.mcsajans.com\/?post_type=product&#038;p=1748"},"modified":"2021-02-27T23:04:02","modified_gmt":"2021-02-27T23:04:02","slug":"procur-konsantre","status":"publish","type":"product","link":"http:\/\/www.kiehlturkey.com\/index.php\/urun\/procur-konsantre\/","title":{"rendered":"Procur Konsantre"},"content":{"rendered":"<p><strong><span class=\"urun_text_02\">\u00d6zellikleri : <\/span><\/strong><span class=\"urun_text_02\">Derinlemesine temizler, zemin y\u00fczeyini \u00f6zel bak\u0131m maddeleri ve m\u00fckemmel bir cila tabakas\u0131yla kaplar. Bu tabaka sak\u0131z, kendinden yap\u0131\u015fkanl\u0131 etiketler ve topuk lasti\u011fi izlerini g\u00f6zle g\u00f6r\u00fcl\u00fcr bi\u00e7imde azalt\u0131r. Procur Konsantre mat bir g\u00f6r\u00fcn\u00fcm sa\u011flayarak iz b\u0131rakmadan kurur ve uygun oranda kullan\u0131lmas\u0131 halinde kaymayan bir y\u00fczey olu\u015fturur. \u00dcr\u00fcn, 0,4 ila 0,6 \u0173 aras\u0131 bir kayganl\u0131k de\u011feriyle, DIN 18032 Alman End\u00fcstriyel Normu&#8217;nu kar\u015f\u0131lar ve bu sebeple de spor salonlar\u0131n\u0131n<br \/>\nzeminlerinde kullan\u0131ma uygundur (\u00fcr\u00fcn testleri Baden-W\u00fcrttemberg, Almanya&#8217;da bulunan FMPA Otto-Graf Enstit\u00fcs\u00fc&#8217;nde yap\u0131lm\u0131\u015ft\u0131r.)<\/span><strong><span class=\"urun_text_02\"><br \/>\n<\/span><\/strong><span class=\"urun_text_02\"><br \/>\n<\/span><\/p>\n<p><span class=\"urun_text_02\"><strong>\u0130\u00e7indekiler :<\/strong> Non-iyonik y\u00fczey etkin maddeler 5-15%, suda \u00e7\u00f6z\u00fcnebilen solventler,<br \/>\nbak\u0131m maddeleri, katk\u0131 maddeleri, boyar maddeler, esans (linalol), koruyucular<br \/>\n(metil-\/metilkloroizothiazolinon).<br \/>\npH-de\u011feri (konsantre): yakla\u015f\u0131k 4,5<br \/>\npH-de\u011feri (kullan\u0131ma haz\u0131r sol\u00fcsyon): yakla\u015f\u0131k 7<\/span><\/p>\n<p><span class=\"urun_text_02\"><strong>Kullan\u0131m Alanlar\u0131 : <\/strong>PVC, linolyum, kau\u00e7uk, polyolefin, mermer, palladyen fayans, kal\u0131p re\u00e7ine ve kaplama zeminler gibi, t\u00fcm suya dayan\u0131kl\u0131 ve sert y\u00fczeylerde kullan\u0131ma<br \/>\nuygundur. \u00d6zellikle kaymayan zeminlere ihtiya\u00e7 duyulan spor salonlar\u0131 ve<br \/>\nhuzurevleri benzeri mekanlar i\u00e7in dizayn edilmi\u015ftir.<\/span><\/p>\n<p><strong><span class=\"urun_text_02\">Kullan\u0131m \u015eekli : <\/span><\/strong><\/p>\n<p>1 uygulamal\u0131k \u00f6l\u00e7ek (po\u015fet ya da \u00f6l\u00e7ek kapa\u011f\u0131) = 25 ml<\/p>\n<p><strong><span class=\"urun_text_02\">Rutin temizlik (silme \/ y\u00fczey temizli\u011fi):<\/span><\/strong><br \/>\n8 litre suya 1 \u00f6l\u00e7ek.<br \/>\nSeyreltme i\u00e7in Dosifill \u00f6l\u00e7ek 1:320<\/p>\n<p class=\"urun_text_02\"><strong>Cilalama:<\/strong><\/p>\n<p class=\"urun_text_01\">Y\u00fczeyi arada bir cilalamak (yakla\u015f\u0131k 1.000 r.p.m devirle) bak\u0131m<br \/>\n\u00f6zelliklerini g\u00fc\u00e7lendirir, ayak izlerini \u00f6nler ve dayan\u0131kl\u0131l\u0131\u011f\u0131 artt\u0131r\u0131r.<\/p>\n<p class=\"urun_text_02\"><strong>Mikro-koruma:<\/strong><\/p>\n<p class=\"urun_text_01\">1 litre so\u011fuk suya 1 \u00f6l\u00e7ek.<\/p>\n","protected":false},"excerpt":{"rendered":"<h1><span class=\"urun_baslik_09\">Procur Konsantre<\/span><\/h1>\n<p><strong>\u00d6zel bak\u0131m ve temizleme<\/strong><\/p>\n<p><span class=\"urun_text_02\"><strong>\u00d6zellikleri :<\/strong> Derinlemesine temizler, zemin y\u00fczeyini \u00f6zel bak\u0131m maddeleri ve m\u00fckemmel bir cila tabakas\u0131yla kaplar. Bu tabaka sak\u0131z, kendinden yap\u0131\u015fkanl\u0131 etiketler ve topuk lasti\u011fi izlerini g\u00f6zle g\u00f6r\u00fcl\u00fcr bi\u00e7imde azalt\u0131r. Procur Konsantre mat bir g\u00f6r\u00fcn\u00fcm sa\u011flayarak iz b\u0131rakmadan kurur ve uygun oranda kullan\u0131lmas\u0131 halinde kaymayan bir y\u00fczey olu\u015fturur. \u00dcr\u00fcn, 0,4 ila 0,6 \u0173 aras\u0131 bir kayganl\u0131k de\u011feriyle, DIN 18032 Alman End\u00fcstriyel Normu&#8217;nu kar\u015f\u0131lar ve bu sebeple de spor salonlar\u0131n\u0131n zeminlerinde kullan\u0131ma uygundur (\u00fcr\u00fcn testleri Baden-W\u00fcrttemberg, Almanya&#8217;da bulunan FMPA Otto-Graf Enstit\u00fcs\u00fc&#8217;nde yap\u0131lm\u0131\u015ft\u0131r.)<\/span><\/p>\n<hr \/>\n<p><strong><span class=\"urun_text_02\">Metrekare ba\u015f\u0131na t\u00fcketim<\/span><\/strong><br \/>\nSilme \/ mekanik \u0131slak temizlik: 0,12-0,15 ml<br \/>\nMikro-koruma: 0,75 ml<\/p>\n<p><strong>\u00a0<\/strong><strong>Paketleme <\/strong><\/p>\n<p>240 x 25 ml po\u015fetlik koli \u00dcr. No. j 30 05 54<br \/>\n6 x 1 litre \u00f6l\u00e7ek \u015fi\u015felik koli \u00dcr. No. j 30 05 02<br \/>\n10 litre bidon \u00dcr. No. j 30 05 10<br \/>\n200 litre varil \u00dcr. No. j 30 05 72<br \/>\nDosifill \u00f6l\u00e7ek 1:320<\/p>\n<p><img loading=\"lazy\" class=\"alignnone size-full wp-image-1752\" src=\"https:\/\/kiehl.mcsajans.com\/wp-content\/uploads\/2021\/02\/procur_konsantre.jpg\" alt=\"\" width=\"198\" height=\"46\" \/><\/p>\n<p>&nbsp;<\/p>\n","protected":false},"featured_media":1753,"comment_status":"open","ping_status":"closed","template":"elementor_theme","meta":[],"yoast_head":"<!-- This site is optimized with the Yoast SEO plugin v15.9 - https:\/\/yoast.com\/wordpress\/plugins\/seo\/ -->\r\n<title>Procur Konsantre | K\u0130EHL<\/title>\r\n<meta name=\"description\" content=\"Derinlemesine temizler, zemin y\u00fczeyini \u00f6zel bak\u0131m maddeleri ve m\u00fckemmel bircila tabakas\u0131yla kaplar.\" \/>\r\n<meta name=\"robots\" content=\"index, follow, max-snippet:-1, max-image-preview:large, max-video-preview:-1\" \/>\r\n<link rel=\"canonical\" href=\"http:\/\/www.kiehlturkey.com\/index.php\/urun\/procur-konsantre\/\" \/>\r\n<meta property=\"og:locale\" content=\"tr_TR\" \/>\r\n<meta property=\"og:type\" content=\"article\" \/>\r\n<meta property=\"og:title\" content=\"Procur Konsantre | K\u0130EHL\" \/>\r\n<meta property=\"og:description\" content=\"Derinlemesine temizler, zemin y\u00fczeyini \u00f6zel bak\u0131m maddeleri ve m\u00fckemmel bircila tabakas\u0131yla kaplar.\" \/>\r\n<meta property=\"og:url\" content=\"http:\/\/www.kiehlturkey.com\/index.php\/urun\/procur-konsantre\/\" \/>\r\n<meta property=\"og:site_name\" content=\"K\u0130EHL\" \/>\r\n<meta property=\"article:modified_time\" content=\"2021-02-27T23:04:02+00:00\" \/>\r\n<meta property=\"og:image\" content=\"http:\/\/www.kiehlturkey.com\/wp-content\/uploads\/2021\/02\/Untitled-1-32.jpg\" \/>\r\n\t<meta property=\"og:image:width\" content=\"500\" \/>\r\n\t<meta property=\"og:image:height\" content=\"500\" \/>\r\n<meta name=\"twitter:card\" content=\"summary_large_image\" \/>\r\n<meta name=\"twitter:label1\" content=\"Tahmini okuma s\u00fcresi\">\n\t<meta name=\"twitter:data1\" content=\"1 dakika\">\r\n<script type=\"application\/ld+json\" class=\"yoast-schema-graph\">{\"@context\":\"https:\/\/schema.org\",\"@graph\":[{\"@type\":\"WebSite\",\"@id\":\"http:\/\/www.kiehlturkey.com\/#website\",\"url\":\"http:\/\/www.kiehlturkey.com\/\",\"name\":\"K\\u0130EHL\",\"description\":\"die saubere L\\u00f6sung\",\"potentialAction\":[{\"@type\":\"SearchAction\",\"target\":\"http:\/\/www.kiehlturkey.com\/?s={search_term_string}\",\"query-input\":\"required name=search_term_string\"}],\"inLanguage\":\"tr\"},{\"@type\":\"ImageObject\",\"@id\":\"http:\/\/www.kiehlturkey.com\/index.php\/urun\/procur-konsantre\/#primaryimage\",\"inLanguage\":\"tr\",\"url\":\"http:\/\/www.kiehlturkey.com\/wp-content\/uploads\/2021\/02\/Untitled-1-32.jpg\",\"width\":500,\"height\":500},{\"@type\":\"WebPage\",\"@id\":\"http:\/\/www.kiehlturkey.com\/index.php\/urun\/procur-konsantre\/#webpage\",\"url\":\"http:\/\/www.kiehlturkey.com\/index.php\/urun\/procur-konsantre\/\",\"name\":\"Procur Konsantre | K\\u0130EHL\",\"isPartOf\":{\"@id\":\"http:\/\/www.kiehlturkey.com\/#website\"},\"primaryImageOfPage\":{\"@id\":\"http:\/\/www.kiehlturkey.com\/index.php\/urun\/procur-konsantre\/#primaryimage\"},\"datePublished\":\"2021-02-27T22:39:46+00:00\",\"dateModified\":\"2021-02-27T23:04:02+00:00\",\"description\":\"Derinlemesine temizler, zemin y\\u00fczeyini \\u00f6zel bak\\u0131m maddeleri ve m\\u00fckemmel bircila tabakas\\u0131yla kaplar.\",\"breadcrumb\":{\"@id\":\"http:\/\/www.kiehlturkey.com\/index.php\/urun\/procur-konsantre\/#breadcrumb\"},\"inLanguage\":\"tr\",\"potentialAction\":[{\"@type\":\"ReadAction\",\"target\":[\"http:\/\/www.kiehlturkey.com\/index.php\/urun\/procur-konsantre\/\"]}]},{\"@type\":\"BreadcrumbList\",\"@id\":\"http:\/\/www.kiehlturkey.com\/index.php\/urun\/procur-konsantre\/#breadcrumb\",\"itemListElement\":[{\"@type\":\"ListItem\",\"position\":1,\"item\":{\"@type\":\"WebPage\",\"@id\":\"http:\/\/www.kiehlturkey.com\/\",\"url\":\"http:\/\/www.kiehlturkey.com\/\",\"name\":\"Ana sayfa\"}},{\"@type\":\"ListItem\",\"position\":2,\"item\":{\"@type\":\"WebPage\",\"@id\":\"http:\/\/www.kiehlturkey.com\/index.php\/urunler\/\",\"url\":\"http:\/\/www.kiehlturkey.com\/index.php\/urunler\/\",\"name\":\"\\u00dcr\\u00fcnler\"}},{\"@type\":\"ListItem\",\"position\":3,\"item\":{\"@type\":\"WebPage\",\"@id\":\"http:\/\/www.kiehlturkey.com\/index.php\/urun\/procur-konsantre\/\",\"url\":\"http:\/\/www.kiehlturkey.com\/index.php\/urun\/procur-konsantre\/\",\"name\":\"Procur Konsantre\"}}]}]}<\/script>\r\n<!-- \/ Yoast SEO plugin. -->","_links":{"self":[{"href":"http:\/\/www.kiehlturkey.com\/index.php\/wp-json\/wp\/v2\/product\/1748"}],"collection":[{"href":"http:\/\/www.kiehlturkey.com\/index.php\/wp-json\/wp\/v2\/product"}],"about":[{"href":"http:\/\/www.kiehlturkey.com\/index.php\/wp-json\/wp\/v2\/types\/product"}],"replies":[{"embeddable":true,"href":"http:\/\/www.kiehlturkey.com\/index.php\/wp-json\/wp\/v2\/comments?post=1748"}],"version-history":[{"count":1,"href":"http:\/\/www.kiehlturkey.com\/index.php\/wp-json\/wp\/v2\/product\/1748\/revisions"}],"predecessor-version":[{"id":1755,"href":"http:\/\/www.kiehlturkey.com\/index.php\/wp-json\/wp\/v2\/product\/1748\/revisions\/1755"}],"wp:featuredmedia":[{"embeddable":true,"href":"http:\/\/www.kiehlturkey.com\/index.php\/wp-json\/wp\/v2\/media\/1753"}],"wp:attachment":[{"href":"http:\/\/www.kiehlturkey.com\/index.php\/wp-json\/wp\/v2\/media?parent=1748"}],"curies":[{"name":"wp","href":"https:\/\/api.w.org\/{rel}","templated":true}]}}