{"id":1758,"date":"2021-02-27T22:50:32","date_gmt":"2021-02-27T22:50:32","guid":{"rendered":"https:\/\/kiehl.mcsajans.com\/?post_type=product&#038;p=1758"},"modified":"2021-02-27T23:02:57","modified_gmt":"2021-02-27T23:02:57","slug":"copex","status":"publish","type":"product","link":"http:\/\/www.kiehlturkey.com\/index.php\/urun\/copex\/","title":{"rendered":"Copex"},"content":{"rendered":"<p><strong><span class=\"urun_text_02\">\u00d6zellikleri : <\/span><\/strong><span class=\"urun_text_02\">\u00d6zellikle alkalilere duyarl\u0131, elastiki zemin kaplamalar\u0131nda kullan\u0131m ama\u00e7l\u0131 dizayn edilmi\u015f y\u00fcksek performansl\u0131, az k\u00f6p\u00fckl\u00fc ana temizleyici. Copex, polimer, ayr\u0131lma maddeleri ve bak\u0131m kaplamalar\u0131 ile ya\u011f ve gres ya\u011f\u0131n\u0131 h\u0131zla ve etkin bir \u015fekilde temizler. NTA ve butilglikol i\u00e7ermez. ADR ve Tehlikeli Maddeler Talimatnamesi&#8217;ne tabi de\u011fildir.<\/span><span class=\"urun_text_02\"><br \/>\n<\/span><\/p>\n<p><span class=\"urun_text_02\"><strong>\u0130\u00e7indekiler :<\/strong> Non-iyonik y\u00fczey etkin maddeler &lt; 5%, sabun &lt; 5%, suda \u00e7\u00f6z\u00fcnebilen solventler, \u00e7\u00f6z\u00fcnd\u00fcr\u00fcc\u00fcler, boyar maddeler, esanslar. pH-de\u011feri (konsantre): yakla\u015f\u0131k 9,5 pH-de\u011feri (kullan\u0131ma haz\u0131r sol\u00fcsyon): yakla\u015f\u0131k 97<\/span><\/p>\n<p><span class=\"urun_text_02\"><strong>Kullan\u0131m Alanlar\u0131 : <\/strong>Linolyum, kau\u00e7uk, PVC, polyolefin, do\u011fal ve suni ta\u015f gibi suya dayan\u0131kl\u0131, alkalilere diren\u00e7li ve alkalilere dayan\u0131kl\u0131 y\u00fczeylerde kullan\u0131ma uygundur. Zemin kaplamas\u0131n\u0131n t\u00fcr\u00fcn\u00fcn tam olarak belirlenemedi\u011fi durumlarda \u00f6ncelikle materyalin dayan\u0131kl\u0131l\u0131\u011f\u0131n\u0131 kontrol edin.<\/span><\/p>\n<p><strong><span class=\"urun_text_02\">Kullan\u0131m \u015eekli : <\/span><\/strong><\/p>\n<p><strong><span class=\"urun_text_02\">Kaplamal\u0131 veya mikro korumal\u0131 zeminlerin temizli\u011fi :<\/span><\/strong>\u00a01-3 litre \u00fcr\u00fcn\u00fc 8 litre so\u011fuk suda seyreltin. Temizleme sol\u00fcsyonunu zemine yay\u0131n. 10 dakika s\u00fcresince etki etmesini bekledikten sonra temizleyin. Sol\u00fcsyon tank\u0131n\u0131n i\u00e7ine gerekirse s\u0131cak su ekleyin, vakumlay\u0131n ve temiz su ile iyice durulay\u0131n.<\/p>\n<p class=\"urun_text_01\"><span class=\"urun_text_02\"><strong>Uyar\u0131 :<\/strong>\u00a0<\/span>Kiehl \u00fcr\u00fcn\u00fcn usule uygun olmayan kullan\u0131m\u0131 ve bundan do\u011facak zararlar i\u00e7in hi\u00e7bir sorumlulu\u011fu kabul etmez.<\/p>\n","protected":false},"excerpt":{"rendered":"<h1>Copex<\/h1>\n<p><strong><span class=\"urun_text_02\">\u00c7ok y\u00f6nl\u00fc ana temizleyici<\/span><\/strong><\/p>\n<p><span class=\"urun_text_02\"><strong>\u00d6zellikleri :<\/strong> \u00d6zellikle alkalilere duyarl\u0131, elastiki zemin kaplamalar\u0131nda kullan\u0131m ama\u00e7l\u0131 dizayn edilmi\u015f y\u00fcksek performansl\u0131, az k\u00f6p\u00fckl\u00fc ana temizleyici. Copex, polimer, ayr\u0131lma maddeleri ve bak\u0131m kaplamalar\u0131 ile ya\u011f ve gres ya\u011f\u0131n\u0131 h\u0131zla ve etkin bir \u015fekilde temizler. NTA ve butilglikol i\u00e7ermez. ADR ve Tehlikeli Maddeler Talimatnamesi&#8217;ne tabi de\u011fildir.<\/span><\/p>\n<hr \/>\n<p><strong><span class=\"urun_text_02\">Metrekare ba\u015f\u0131na t\u00fcketim<\/span><\/strong><br \/>\n<span class=\"urun_text_01\">Ana temizlik: 90 ml<\/span><\/p>\n<p><strong><span class=\"urun_text_01\">Profesyonel kullan\u0131mlar i\u00e7indir!<\/span><\/strong><\/p>\n<p><strong>\u00a0<\/strong><strong>Paketleme <\/strong><\/p>\n<p>6 x 1 litre \u015fi\u015felik koli \u00dcr. No. j 15 04 01<br \/>\n10 litre bidon \u00dcr. No. j 15 04 10<br \/>\n200 litre varil \u00dcr. No. j 15 04 72<\/p>\n<p><img loading=\"lazy\" class=\"alignnone size-full wp-image-1762\" src=\"https:\/\/kiehl.mcsajans.com\/wp-content\/uploads\/2021\/02\/copex_icon.jpg\" alt=\"\" width=\"68\" height=\"67\" \/><\/p>\n<p>&nbsp;<\/p>\n","protected":false},"featured_media":1763,"comment_status":"open","ping_status":"closed","template":"elementor_theme","meta":[],"yoast_head":"<!-- This site is optimized with the Yoast SEO plugin v15.9 - https:\/\/yoast.com\/wordpress\/plugins\/seo\/ -->\r\n<title>Copex | K\u0130EHL<\/title>\r\n<meta name=\"description\" content=\"\u00d6zellikle alkalilere duyarl\u0131, elastiki zemin kaplamalar\u0131nda kullan\u0131m ama\u00e7l\u0131 dizayn edilmi\u015f y\u00fcksek performansl\u0131, az k\u00f6p\u00fckl\u00fc ana temizleyici. Copex, polimer, ayr\u0131lma maddeleri ve bak\u0131m kaplamalar\u0131 ile ya\u011f ve gres ya\u011f\u0131n\u0131 h\u0131zla ve etkin bir \u015fekilde temizler.\" \/>\r\n<meta name=\"robots\" content=\"index, follow, max-snippet:-1, max-image-preview:large, max-video-preview:-1\" \/>\r\n<link rel=\"canonical\" href=\"http:\/\/www.kiehlturkey.com\/index.php\/urun\/copex\/\" \/>\r\n<meta property=\"og:locale\" content=\"tr_TR\" \/>\r\n<meta property=\"og:type\" content=\"article\" \/>\r\n<meta property=\"og:title\" content=\"Copex | K\u0130EHL\" \/>\r\n<meta property=\"og:description\" content=\"\u00d6zellikle alkalilere duyarl\u0131, elastiki zemin kaplamalar\u0131nda kullan\u0131m ama\u00e7l\u0131 dizayn edilmi\u015f y\u00fcksek performansl\u0131, az k\u00f6p\u00fckl\u00fc ana temizleyici. Copex, polimer, ayr\u0131lma maddeleri ve bak\u0131m kaplamalar\u0131 ile ya\u011f ve gres ya\u011f\u0131n\u0131 h\u0131zla ve etkin bir \u015fekilde temizler.\" \/>\r\n<meta property=\"og:url\" content=\"http:\/\/www.kiehlturkey.com\/index.php\/urun\/copex\/\" \/>\r\n<meta property=\"og:site_name\" content=\"K\u0130EHL\" \/>\r\n<meta property=\"article:modified_time\" content=\"2021-02-27T23:02:57+00:00\" \/>\r\n<meta property=\"og:image\" content=\"http:\/\/www.kiehlturkey.com\/wp-content\/uploads\/2021\/02\/Untitled-1-33.jpg\" \/>\r\n\t<meta property=\"og:image:width\" content=\"500\" \/>\r\n\t<meta property=\"og:image:height\" content=\"500\" \/>\r\n<meta name=\"twitter:card\" content=\"summary_large_image\" \/>\r\n<meta name=\"twitter:label1\" content=\"Tahmini okuma s\u00fcresi\">\n\t<meta name=\"twitter:data1\" content=\"1 dakika\">\r\n<script type=\"application\/ld+json\" class=\"yoast-schema-graph\">{\"@context\":\"https:\/\/schema.org\",\"@graph\":[{\"@type\":\"WebSite\",\"@id\":\"http:\/\/www.kiehlturkey.com\/#website\",\"url\":\"http:\/\/www.kiehlturkey.com\/\",\"name\":\"K\\u0130EHL\",\"description\":\"die saubere L\\u00f6sung\",\"potentialAction\":[{\"@type\":\"SearchAction\",\"target\":\"http:\/\/www.kiehlturkey.com\/?s={search_term_string}\",\"query-input\":\"required name=search_term_string\"}],\"inLanguage\":\"tr\"},{\"@type\":\"ImageObject\",\"@id\":\"http:\/\/www.kiehlturkey.com\/index.php\/urun\/copex\/#primaryimage\",\"inLanguage\":\"tr\",\"url\":\"http:\/\/www.kiehlturkey.com\/wp-content\/uploads\/2021\/02\/Untitled-1-33.jpg\",\"width\":500,\"height\":500},{\"@type\":\"WebPage\",\"@id\":\"http:\/\/www.kiehlturkey.com\/index.php\/urun\/copex\/#webpage\",\"url\":\"http:\/\/www.kiehlturkey.com\/index.php\/urun\/copex\/\",\"name\":\"Copex | K\\u0130EHL\",\"isPartOf\":{\"@id\":\"http:\/\/www.kiehlturkey.com\/#website\"},\"primaryImageOfPage\":{\"@id\":\"http:\/\/www.kiehlturkey.com\/index.php\/urun\/copex\/#primaryimage\"},\"datePublished\":\"2021-02-27T22:50:32+00:00\",\"dateModified\":\"2021-02-27T23:02:57+00:00\",\"description\":\"\\u00d6zellikle alkalilere duyarl\\u0131, elastiki zemin kaplamalar\\u0131nda kullan\\u0131m ama\\u00e7l\\u0131 dizayn edilmi\\u015f y\\u00fcksek performansl\\u0131, az k\\u00f6p\\u00fckl\\u00fc ana temizleyici. Copex, polimer, ayr\\u0131lma maddeleri ve bak\\u0131m kaplamalar\\u0131 ile ya\\u011f ve gres ya\\u011f\\u0131n\\u0131 h\\u0131zla ve etkin bir \\u015fekilde temizler.\",\"breadcrumb\":{\"@id\":\"http:\/\/www.kiehlturkey.com\/index.php\/urun\/copex\/#breadcrumb\"},\"inLanguage\":\"tr\",\"potentialAction\":[{\"@type\":\"ReadAction\",\"target\":[\"http:\/\/www.kiehlturkey.com\/index.php\/urun\/copex\/\"]}]},{\"@type\":\"BreadcrumbList\",\"@id\":\"http:\/\/www.kiehlturkey.com\/index.php\/urun\/copex\/#breadcrumb\",\"itemListElement\":[{\"@type\":\"ListItem\",\"position\":1,\"item\":{\"@type\":\"WebPage\",\"@id\":\"http:\/\/www.kiehlturkey.com\/\",\"url\":\"http:\/\/www.kiehlturkey.com\/\",\"name\":\"Ana sayfa\"}},{\"@type\":\"ListItem\",\"position\":2,\"item\":{\"@type\":\"WebPage\",\"@id\":\"http:\/\/www.kiehlturkey.com\/index.php\/urunler\/\",\"url\":\"http:\/\/www.kiehlturkey.com\/index.php\/urunler\/\",\"name\":\"\\u00dcr\\u00fcnler\"}},{\"@type\":\"ListItem\",\"position\":3,\"item\":{\"@type\":\"WebPage\",\"@id\":\"http:\/\/www.kiehlturkey.com\/index.php\/urun\/copex\/\",\"url\":\"http:\/\/www.kiehlturkey.com\/index.php\/urun\/copex\/\",\"name\":\"Copex\"}}]}]}<\/script>\r\n<!-- \/ Yoast SEO plugin. -->","_links":{"self":[{"href":"http:\/\/www.kiehlturkey.com\/index.php\/wp-json\/wp\/v2\/product\/1758"}],"collection":[{"href":"http:\/\/www.kiehlturkey.com\/index.php\/wp-json\/wp\/v2\/product"}],"about":[{"href":"http:\/\/www.kiehlturkey.com\/index.php\/wp-json\/wp\/v2\/types\/product"}],"replies":[{"embeddable":true,"href":"http:\/\/www.kiehlturkey.com\/index.php\/wp-json\/wp\/v2\/comments?post=1758"}],"version-history":[{"count":1,"href":"http:\/\/www.kiehlturkey.com\/index.php\/wp-json\/wp\/v2\/product\/1758\/revisions"}],"predecessor-version":[{"id":1764,"href":"http:\/\/www.kiehlturkey.com\/index.php\/wp-json\/wp\/v2\/product\/1758\/revisions\/1764"}],"wp:featuredmedia":[{"embeddable":true,"href":"http:\/\/www.kiehlturkey.com\/index.php\/wp-json\/wp\/v2\/media\/1763"}],"wp:attachment":[{"href":"http:\/\/www.kiehlturkey.com\/index.php\/wp-json\/wp\/v2\/media?parent=1758"}],"curies":[{"name":"wp","href":"https:\/\/api.w.org\/{rel}","templated":true}]}}