{"id":1785,"date":"2021-02-27T23:14:41","date_gmt":"2021-02-27T23:14:41","guid":{"rendered":"https:\/\/kiehl.mcsajans.com\/?post_type=product&#038;p=1785"},"modified":"2021-02-27T23:19:17","modified_gmt":"2021-02-27T23:19:17","slug":"poly-ex","status":"publish","type":"product","link":"http:\/\/www.kiehlturkey.com\/index.php\/urun\/poly-ex\/","title":{"rendered":"Poly-Ex"},"content":{"rendered":"<p><strong><span class=\"urun_text_02\">\u00d6zellikleri : <\/span><\/strong><span class=\"urun_text_02\">\u00d6zellikle alkalilere dayan\u0131kl\u0131 zemin kaplamalar\u0131nda kullan\u0131m ama\u00e7l\u0131 dizayn edilmi\u015f, y\u00fcksek alkali i\u00e7erikli, g\u00fc\u00e7l\u00fc, az k\u00f6p\u00fcren temel temizleyici. H\u0131zla etki eder ve ho\u015fa gitmeyen bir kokusu yoktur. Polimer ve bak\u0131m tabakalar\u0131 ile ya\u011f ve gres ya\u011f\u0131n\u0131 h\u0131zla ve etkili bir \u015fekilde yok eder.<\/span><strong><span class=\"urun_text_02\"><br \/>\n<\/span><\/strong><\/p>\n<p><span class=\"urun_text_02\"><strong>\u0130\u00e7indekiler :<\/strong> Non-iyonik y\u00fczey etkin maddeler &lt; 5%, sabun &lt; 5%, suda \u00e7\u00f6z\u00fcnebilen solventler, alkaliler, esanslar. pH-de\u011feri (konsantre): yakla\u015f\u0131k 13 pH-de\u011feri (kullan\u0131ma haz\u0131r sol\u00fcsyon): yakla\u015f\u0131k 12<\/span><\/p>\n<p><span class=\"urun_text_02\"><strong>Kullan\u0131m Alanlar\u0131 : <\/strong>PVC, granit, tu\u011fla ve ta\u015f gibi suya ve alkalilere dayan\u0131kl\u0131 zemin kaplamalar\u0131nda kullan\u0131ma uygundur. Linolyum ve kau\u00e7uk zeminler ile mermer veya palladyen fayans gibi kalsit bazl\u0131 ta\u015flar \u00fczerinde kullan\u0131ma uygun de\u011fildir! Zemin kaplamas\u0131n\u0131n t\u00fcr\u00fc kesin olarak belirlenemiyorsa, \u00f6ncelikle materyalin dayan\u0131kl\u0131l\u0131\u011f\u0131n\u0131 kontrol ediniz.<strong><br \/>\n<\/strong><\/span><\/p>\n<p><strong><span class=\"urun_text_02\">Kullan\u0131m \u015eekli :<br \/>\nKaplamal\u0131 veya mikro korumal\u0131 zeminlerin temizli\u011fi :<\/span><\/strong>\u00a01-3 litre \u00fcr\u00fcn\u00fc 8 litre so\u011fuk suyla seyreltin. Temizleme sol\u00fcsyonunu zemine yay\u0131n. 10 dakika s\u00fcresince etki etmesini bekledikten sonra temizleyin. E\u011fer gerekirse sol\u00fcsyon tank\u0131n\u0131n i\u00e7inden s\u0131cak<br \/>\nsu ekleyin, vakumlay\u0131n ve temiz su ile iyice durulay\u0131n.<\/p>\n<p><strong><span class=\"urun_text_02\">Uyar\u0131 :<\/span><\/strong>\u00a0Kiehl \u00fcr\u00fcn\u00fcn usule uygun olmayan kullan\u0131m\u0131 ve bundan do\u011facak zararlar i\u00e7in hi\u00e7bir sorumlulu\u011fu kabul etmez.<\/p>\n<p><img loading=\"lazy\" class=\"alignnone size-full wp-image-1735\" src=\"https:\/\/kiehl.mcsajans.com\/wp-content\/uploads\/2021\/02\/tahris-6.jpg\" alt=\"\" width=\"69\" height=\"79\" \/>\u00a0 R 38 Deriyi tahri\u015f eder.<br \/>\nR 41 G\u00f6zlere ciddi zararlar verme riski.<br \/>\nS 24\/25 Deri ve g\u00f6zlere temas etmemesine dikkat ediniz.<br \/>\nS 37 Uygun eldiven kullan\u0131n\u0131z.<\/p>\n","protected":false},"excerpt":{"rendered":"<h1><span class=\"urun_baslik_09\"><span class=\"urun_baslik_02\">Poly-Ex<\/span><br \/>\n<\/span><\/h1>\n<p><strong><span class=\"urun_text_02\">G\u00fc\u00e7l\u00fc temel temizleyici<\/span><\/strong><\/p>\n<p><span class=\"urun_text_02\"><strong>\u00d6zellikleri <\/strong>: \u00d6zellikle alkalilere dayan\u0131kl\u0131 zemin kaplamalar\u0131nda kullan\u0131m ama\u00e7l\u0131 dizayn edilmi\u015f, y\u00fcksek alkali i\u00e7erikli, g\u00fc\u00e7l\u00fc, az k\u00f6p\u00fcren temel temizleyici. H\u0131zla etki eder ve ho\u015fa gitmeyen bir kokusu yoktur. Polimer ve bak\u0131m tabakalar\u0131 ile ya\u011f ve gres ya\u011f\u0131n\u0131 h\u0131zla ve etkili bir \u015fekilde yok eder.<\/span><\/p>\n<hr \/>\n<p><strong><span class=\"urun_text_02\">Metrekare ba\u015f\u0131na t\u00fcketim<\/span><\/strong><br \/>\nTemel temizlik: 90 ml<\/p>\n<p><strong>\u00a0<\/strong><strong>Paketleme <\/strong><\/p>\n<p>Profesyonel kullan\u0131mlar i\u00e7indir!<br \/>\n10 litre bidon \u00dcr. No. j 15 03 10<br \/>\n200 litre varil \u00dcr. No. j 15 03 72<\/p>\n<p><img loading=\"lazy\" class=\"alignnone size-full wp-image-1768\" src=\"https:\/\/kiehl.mcsajans.com\/wp-content\/uploads\/2021\/02\/dipex_icon.jpg\" alt=\"\" width=\"67\" height=\"67\" \/><\/p>\n<p>&nbsp;<\/p>\n","protected":false},"featured_media":1788,"comment_status":"open","ping_status":"closed","template":"elementor_theme","meta":[],"yoast_head":"<!-- This site is optimized with the Yoast SEO plugin v15.9 - https:\/\/yoast.com\/wordpress\/plugins\/seo\/ -->\r\n<title>Poly-Ex | K\u0130EHL<\/title>\r\n<meta name=\"description\" content=\"\u00d6zellikle alkalilere dayan\u0131kl\u0131 zemin kaplamalar\u0131nda kullan\u0131m ama\u00e7l\u0131 dizayn edilmi\u015f, y\u00fcksek alkali i\u00e7erikli, g\u00fc\u00e7l\u00fc, az k\u00f6p\u00fcren temel temizleyici.\" \/>\r\n<meta name=\"robots\" content=\"index, follow, max-snippet:-1, max-image-preview:large, max-video-preview:-1\" \/>\r\n<link rel=\"canonical\" href=\"http:\/\/www.kiehlturkey.com\/index.php\/urun\/poly-ex\/\" \/>\r\n<meta property=\"og:locale\" content=\"tr_TR\" \/>\r\n<meta property=\"og:type\" content=\"article\" \/>\r\n<meta property=\"og:title\" content=\"Poly-Ex | K\u0130EHL\" \/>\r\n<meta property=\"og:description\" content=\"\u00d6zellikle alkalilere dayan\u0131kl\u0131 zemin kaplamalar\u0131nda kullan\u0131m ama\u00e7l\u0131 dizayn edilmi\u015f, y\u00fcksek alkali i\u00e7erikli, g\u00fc\u00e7l\u00fc, az k\u00f6p\u00fcren temel temizleyici.\" \/>\r\n<meta property=\"og:url\" content=\"http:\/\/www.kiehlturkey.com\/index.php\/urun\/poly-ex\/\" \/>\r\n<meta property=\"og:site_name\" content=\"K\u0130EHL\" \/>\r\n<meta property=\"article:modified_time\" content=\"2021-02-27T23:19:17+00:00\" \/>\r\n<meta property=\"og:image\" content=\"http:\/\/www.kiehlturkey.com\/wp-content\/uploads\/2021\/02\/Untitled-1-37.jpg\" \/>\r\n\t<meta property=\"og:image:width\" content=\"500\" \/>\r\n\t<meta property=\"og:image:height\" content=\"500\" \/>\r\n<meta name=\"twitter:card\" content=\"summary_large_image\" \/>\r\n<meta name=\"twitter:label1\" content=\"Tahmini okuma s\u00fcresi\">\n\t<meta name=\"twitter:data1\" content=\"2 dakika\">\r\n<script type=\"application\/ld+json\" class=\"yoast-schema-graph\">{\"@context\":\"https:\/\/schema.org\",\"@graph\":[{\"@type\":\"WebSite\",\"@id\":\"http:\/\/www.kiehlturkey.com\/#website\",\"url\":\"http:\/\/www.kiehlturkey.com\/\",\"name\":\"K\\u0130EHL\",\"description\":\"die saubere L\\u00f6sung\",\"potentialAction\":[{\"@type\":\"SearchAction\",\"target\":\"http:\/\/www.kiehlturkey.com\/?s={search_term_string}\",\"query-input\":\"required name=search_term_string\"}],\"inLanguage\":\"tr\"},{\"@type\":\"ImageObject\",\"@id\":\"http:\/\/www.kiehlturkey.com\/index.php\/urun\/poly-ex\/#primaryimage\",\"inLanguage\":\"tr\",\"url\":\"http:\/\/www.kiehlturkey.com\/wp-content\/uploads\/2021\/02\/Untitled-1-37.jpg\",\"width\":500,\"height\":500},{\"@type\":\"WebPage\",\"@id\":\"http:\/\/www.kiehlturkey.com\/index.php\/urun\/poly-ex\/#webpage\",\"url\":\"http:\/\/www.kiehlturkey.com\/index.php\/urun\/poly-ex\/\",\"name\":\"Poly-Ex | K\\u0130EHL\",\"isPartOf\":{\"@id\":\"http:\/\/www.kiehlturkey.com\/#website\"},\"primaryImageOfPage\":{\"@id\":\"http:\/\/www.kiehlturkey.com\/index.php\/urun\/poly-ex\/#primaryimage\"},\"datePublished\":\"2021-02-27T23:14:41+00:00\",\"dateModified\":\"2021-02-27T23:19:17+00:00\",\"description\":\"\\u00d6zellikle alkalilere dayan\\u0131kl\\u0131 zemin kaplamalar\\u0131nda kullan\\u0131m ama\\u00e7l\\u0131 dizayn edilmi\\u015f, y\\u00fcksek alkali i\\u00e7erikli, g\\u00fc\\u00e7l\\u00fc, az k\\u00f6p\\u00fcren temel temizleyici.\",\"breadcrumb\":{\"@id\":\"http:\/\/www.kiehlturkey.com\/index.php\/urun\/poly-ex\/#breadcrumb\"},\"inLanguage\":\"tr\",\"potentialAction\":[{\"@type\":\"ReadAction\",\"target\":[\"http:\/\/www.kiehlturkey.com\/index.php\/urun\/poly-ex\/\"]}]},{\"@type\":\"BreadcrumbList\",\"@id\":\"http:\/\/www.kiehlturkey.com\/index.php\/urun\/poly-ex\/#breadcrumb\",\"itemListElement\":[{\"@type\":\"ListItem\",\"position\":1,\"item\":{\"@type\":\"WebPage\",\"@id\":\"http:\/\/www.kiehlturkey.com\/\",\"url\":\"http:\/\/www.kiehlturkey.com\/\",\"name\":\"Ana sayfa\"}},{\"@type\":\"ListItem\",\"position\":2,\"item\":{\"@type\":\"WebPage\",\"@id\":\"http:\/\/www.kiehlturkey.com\/index.php\/urunler\/\",\"url\":\"http:\/\/www.kiehlturkey.com\/index.php\/urunler\/\",\"name\":\"\\u00dcr\\u00fcnler\"}},{\"@type\":\"ListItem\",\"position\":3,\"item\":{\"@type\":\"WebPage\",\"@id\":\"http:\/\/www.kiehlturkey.com\/index.php\/urun\/poly-ex\/\",\"url\":\"http:\/\/www.kiehlturkey.com\/index.php\/urun\/poly-ex\/\",\"name\":\"Poly-Ex\"}}]}]}<\/script>\r\n<!-- \/ Yoast SEO plugin. -->","_links":{"self":[{"href":"http:\/\/www.kiehlturkey.com\/index.php\/wp-json\/wp\/v2\/product\/1785"}],"collection":[{"href":"http:\/\/www.kiehlturkey.com\/index.php\/wp-json\/wp\/v2\/product"}],"about":[{"href":"http:\/\/www.kiehlturkey.com\/index.php\/wp-json\/wp\/v2\/types\/product"}],"replies":[{"embeddable":true,"href":"http:\/\/www.kiehlturkey.com\/index.php\/wp-json\/wp\/v2\/comments?post=1785"}],"version-history":[{"count":1,"href":"http:\/\/www.kiehlturkey.com\/index.php\/wp-json\/wp\/v2\/product\/1785\/revisions"}],"predecessor-version":[{"id":1791,"href":"http:\/\/www.kiehlturkey.com\/index.php\/wp-json\/wp\/v2\/product\/1785\/revisions\/1791"}],"wp:featuredmedia":[{"embeddable":true,"href":"http:\/\/www.kiehlturkey.com\/index.php\/wp-json\/wp\/v2\/media\/1788"}],"wp:attachment":[{"href":"http:\/\/www.kiehlturkey.com\/index.php\/wp-json\/wp\/v2\/media?parent=1785"}],"curies":[{"name":"wp","href":"https:\/\/api.w.org\/{rel}","templated":true}]}}