{"id":1794,"date":"2021-02-27T23:20:52","date_gmt":"2021-02-27T23:20:52","guid":{"rendered":"https:\/\/kiehl.mcsajans.com\/?post_type=product&#038;p=1794"},"modified":"2021-02-27T23:25:40","modified_gmt":"2021-02-27T23:25:40","slug":"opysat","status":"publish","type":"product","link":"http:\/\/www.kiehlturkey.com\/index.php\/urun\/opysat\/","title":{"rendered":"Opysat"},"content":{"rendered":"<p><strong><span class=\"urun_text_02\">\u00d6zellikleri : <\/span><\/strong><span class=\"urun_text_02\">Y\u00fcksek kaliteli, cilt koruma \u00f6zelli\u011fine sahip likit sabun. Yumu\u015fak, ho\u015f kokulu<br \/>\nve ekonomik bir \u00fcr\u00fcnd\u00fcr.<\/span><strong><span class=\"urun_text_02\"><br \/>\n<\/span><\/strong><\/p>\n<p><span class=\"urun_text_02\"><strong>\u0130\u00e7indekiler : <\/strong>(INCI): Water, Cocoamide-DEA, Sodium coceth sulfate, PEG-78-glyceryl cocoate, PEG-3-Distearate, Sodium chloride, Citric acid, Linalool, Citronellol, Hexylcinnalal, Colour Cl 45100. pH-de\u011feri (konsantre): yakla\u015f\u0131k 6<\/span><\/p>\n<p><span class=\"urun_text_02\"><strong><br \/>\n<\/strong><\/span><span class=\"urun_text_02\"><strong>Kullan\u0131m Alanlar\u0131 : <\/strong>Hijyenik el temizli\u011fi ve bak\u0131m\u0131 i\u00e7in uygundur.<\/span><\/p>\n<p><strong><span class=\"urun_text_02\">Kullan\u0131m \u015eekli :<\/span><\/strong> Di\u011fer sabun t\u00fcrleriyle kar\u0131\u015ft\u0131rmay\u0131n. Normal s\u0131v\u0131 sabunluklarla kullan\u0131labilir.<br \/>\nDikkat! S\u0131v\u0131 sabunluklar y\u0131lda en az iki kez durulanmal\u0131d\u0131r. Opysat&#8217;\u0131 \u0131slak ellerinize bir kez s\u0131k\u0131p y\u0131kad\u0131ktan sonra durulay\u0131n.<\/p>\n","protected":false},"excerpt":{"rendered":"<h1 class=\"detail-productname\">Opysat<\/h1>\n<p class=\"detail-productname\"><span class=\"urun_text_02\">El y\u0131kama losyonu<\/span><\/p>\n<p><span class=\"urun_text_02\"><strong>\u00d6zellikleri <\/strong>: Y\u00fcksek kaliteli, cilt koruma \u00f6zelli\u011fine sahip likit sabun. Yumu\u015fak, ho\u015f kokulu<br \/>\nve ekonomik bir \u00fcr\u00fcnd\u00fcr.<br \/>\n<\/span><\/p>\n<p>&nbsp;<\/p>\n<p>&nbsp;<\/p>\n<p>&nbsp;<\/p>\n<p>&nbsp;<\/p>\n<p>&nbsp;<\/p>\n<p>&nbsp;<\/p>\n<hr \/>\n<p>&nbsp;<\/p>\n<p><strong><span class=\"urun_text_02\">Metrekare ba\u015f\u0131na t\u00fcketim<\/span><\/strong><br \/>\nUygulamaya g\u00f6re farkl\u0131l\u0131k g\u00f6sterir.<\/p>\n<p>Profesyonel kullan\u0131mlar i\u00e7indir!<\/p>\n<p><strong>Paketleme<\/strong><\/p>\n<p>2&#215;5 litre kutuluk koli \u00dcr. No. j 45 02 05<br \/>\n200 litre varil \u00dcr. No. j 45 02 72<\/p>\n<p>Donmaya kar\u015f\u0131 koruyunuz!<\/p>\n","protected":false},"featured_media":1798,"comment_status":"open","ping_status":"closed","template":"elementor_theme","meta":[],"yoast_head":"<!-- This site is optimized with the Yoast SEO plugin v15.9 - https:\/\/yoast.com\/wordpress\/plugins\/seo\/ -->\r\n<title>Opysat | K\u0130EHL<\/title>\r\n<meta name=\"description\" content=\"Y\u00fcksek kaliteli, cilt koruma \u00f6zelli\u011fine sahip likit sabun.\" \/>\r\n<meta name=\"robots\" content=\"index, follow, max-snippet:-1, max-image-preview:large, max-video-preview:-1\" \/>\r\n<link rel=\"canonical\" href=\"http:\/\/www.kiehlturkey.com\/index.php\/urun\/opysat\/\" \/>\r\n<meta property=\"og:locale\" content=\"tr_TR\" \/>\r\n<meta property=\"og:type\" content=\"article\" \/>\r\n<meta property=\"og:title\" content=\"Opysat | K\u0130EHL\" \/>\r\n<meta property=\"og:description\" content=\"Y\u00fcksek kaliteli, cilt koruma \u00f6zelli\u011fine sahip likit sabun.\" \/>\r\n<meta property=\"og:url\" content=\"http:\/\/www.kiehlturkey.com\/index.php\/urun\/opysat\/\" \/>\r\n<meta property=\"og:site_name\" content=\"K\u0130EHL\" \/>\r\n<meta property=\"article:modified_time\" content=\"2021-02-27T23:25:40+00:00\" \/>\r\n<meta property=\"og:image\" content=\"http:\/\/www.kiehlturkey.com\/wp-content\/uploads\/2021\/02\/opysat.jpg\" \/>\r\n\t<meta property=\"og:image:width\" content=\"500\" \/>\r\n\t<meta property=\"og:image:height\" content=\"500\" \/>\r\n<meta name=\"twitter:card\" content=\"summary_large_image\" \/>\r\n<meta name=\"twitter:label1\" content=\"Tahmini okuma s\u00fcresi\">\n\t<meta name=\"twitter:data1\" content=\"1 dakika\">\r\n<script type=\"application\/ld+json\" class=\"yoast-schema-graph\">{\"@context\":\"https:\/\/schema.org\",\"@graph\":[{\"@type\":\"WebSite\",\"@id\":\"http:\/\/www.kiehlturkey.com\/#website\",\"url\":\"http:\/\/www.kiehlturkey.com\/\",\"name\":\"K\\u0130EHL\",\"description\":\"die saubere L\\u00f6sung\",\"potentialAction\":[{\"@type\":\"SearchAction\",\"target\":\"http:\/\/www.kiehlturkey.com\/?s={search_term_string}\",\"query-input\":\"required name=search_term_string\"}],\"inLanguage\":\"tr\"},{\"@type\":\"ImageObject\",\"@id\":\"http:\/\/www.kiehlturkey.com\/index.php\/urun\/opysat\/#primaryimage\",\"inLanguage\":\"tr\",\"url\":\"http:\/\/www.kiehlturkey.com\/wp-content\/uploads\/2021\/02\/opysat.jpg\",\"width\":500,\"height\":500},{\"@type\":\"WebPage\",\"@id\":\"http:\/\/www.kiehlturkey.com\/index.php\/urun\/opysat\/#webpage\",\"url\":\"http:\/\/www.kiehlturkey.com\/index.php\/urun\/opysat\/\",\"name\":\"Opysat | K\\u0130EHL\",\"isPartOf\":{\"@id\":\"http:\/\/www.kiehlturkey.com\/#website\"},\"primaryImageOfPage\":{\"@id\":\"http:\/\/www.kiehlturkey.com\/index.php\/urun\/opysat\/#primaryimage\"},\"datePublished\":\"2021-02-27T23:20:52+00:00\",\"dateModified\":\"2021-02-27T23:25:40+00:00\",\"description\":\"Y\\u00fcksek kaliteli, cilt koruma \\u00f6zelli\\u011fine sahip likit sabun.\",\"breadcrumb\":{\"@id\":\"http:\/\/www.kiehlturkey.com\/index.php\/urun\/opysat\/#breadcrumb\"},\"inLanguage\":\"tr\",\"potentialAction\":[{\"@type\":\"ReadAction\",\"target\":[\"http:\/\/www.kiehlturkey.com\/index.php\/urun\/opysat\/\"]}]},{\"@type\":\"BreadcrumbList\",\"@id\":\"http:\/\/www.kiehlturkey.com\/index.php\/urun\/opysat\/#breadcrumb\",\"itemListElement\":[{\"@type\":\"ListItem\",\"position\":1,\"item\":{\"@type\":\"WebPage\",\"@id\":\"http:\/\/www.kiehlturkey.com\/\",\"url\":\"http:\/\/www.kiehlturkey.com\/\",\"name\":\"Ana sayfa\"}},{\"@type\":\"ListItem\",\"position\":2,\"item\":{\"@type\":\"WebPage\",\"@id\":\"http:\/\/www.kiehlturkey.com\/index.php\/urunler\/\",\"url\":\"http:\/\/www.kiehlturkey.com\/index.php\/urunler\/\",\"name\":\"\\u00dcr\\u00fcnler\"}},{\"@type\":\"ListItem\",\"position\":3,\"item\":{\"@type\":\"WebPage\",\"@id\":\"http:\/\/www.kiehlturkey.com\/index.php\/urun\/opysat\/\",\"url\":\"http:\/\/www.kiehlturkey.com\/index.php\/urun\/opysat\/\",\"name\":\"Opysat\"}}]}]}<\/script>\r\n<!-- \/ Yoast SEO plugin. -->","_links":{"self":[{"href":"http:\/\/www.kiehlturkey.com\/index.php\/wp-json\/wp\/v2\/product\/1794"}],"collection":[{"href":"http:\/\/www.kiehlturkey.com\/index.php\/wp-json\/wp\/v2\/product"}],"about":[{"href":"http:\/\/www.kiehlturkey.com\/index.php\/wp-json\/wp\/v2\/types\/product"}],"replies":[{"embeddable":true,"href":"http:\/\/www.kiehlturkey.com\/index.php\/wp-json\/wp\/v2\/comments?post=1794"}],"version-history":[{"count":1,"href":"http:\/\/www.kiehlturkey.com\/index.php\/wp-json\/wp\/v2\/product\/1794\/revisions"}],"predecessor-version":[{"id":1799,"href":"http:\/\/www.kiehlturkey.com\/index.php\/wp-json\/wp\/v2\/product\/1794\/revisions\/1799"}],"wp:featuredmedia":[{"embeddable":true,"href":"http:\/\/www.kiehlturkey.com\/index.php\/wp-json\/wp\/v2\/media\/1798"}],"wp:attachment":[{"href":"http:\/\/www.kiehlturkey.com\/index.php\/wp-json\/wp\/v2\/media?parent=1794"}],"curies":[{"name":"wp","href":"https:\/\/api.w.org\/{rel}","templated":true}]}}