{"id":866,"date":"2021-01-17T20:09:55","date_gmt":"2021-01-17T20:09:55","guid":{"rendered":"https:\/\/kiehl.mcsajans.com\/?post_type=product&#038;p=866"},"modified":"2021-01-17T20:15:42","modified_gmt":"2021-01-17T20:15:42","slug":"kiehl-legnodur-satina","status":"publish","type":"product","link":"http:\/\/www.kiehlturkey.com\/index.php\/urun\/kiehl-legnodur-satina\/","title":{"rendered":"Kiehl-Legnodur-Satina"},"content":{"rendered":"<p><span class=\"urun_text_02\"><strong>\u00d6zellikleri<\/strong> :\u00a0<\/span>Cilalanm\u0131\u015f ve su yal\u0131t\u0131m\u0131 yap\u0131lm\u0131\u015f ah\u015fap zeminler i\u00e7in \u00f6zel olarak dizayn edilmi\u015ftir. Y\u00fcksek kat\u0131 madde i\u00e7eri\u011fine sahiptir. Vernik gibi kurur ve kendinden parlayan transparan bir film tabakas\u0131 olu\u015fturur. Uzun \u00f6m\u00fcrl\u00fc, kirlenmeye kar\u015f\u0131 dayan\u0131kl\u0131 ve kaymaz \u00f6zelliktedir.<\/p>\n<p><span class=\"urun_text_02\"><strong>\u0130\u00e7indekiler<\/strong> :\u00a0<\/span>Anti-metalize polimer \u00e7\u00f6zeltileri (TBEP i\u00e7ermeyen), polietilen mum,suda \u00e7\u00f6z\u00fcnebilen solventler, plastikle\u015ftiriciler. pH-de\u011feri (konsantre): yakla\u015f\u0131k 8<\/p>\n<p><span class=\"urun_text_02\"><strong>Kullan\u0131m Alanlar\u0131<\/strong> :\u00a0<\/span>Parke, d\u00f6\u015feme tahtas\u0131, kaplama, end\u00fcstriyel parke, ah\u015fap merdiven, OSB, laminat ah\u015fap gibi, Kiehl-Holz\u00f6l, Kiehl-Pflege\u00f6l veya Kiehl-Refresher benzeri mumsuz ah\u015fap ya\u011flar\u0131yla i\u015flenmi\u015f, ah\u015fap zeminlerin bak\u0131m\u0131 i\u00e7in uygundur. Ayr\u0131ca, y\u0131pranmas\u0131na ve a\u015f\u0131nmas\u0131na ra\u011fmen su yal\u0131t\u0131m\u0131 ve emprenyesi devam eden ah\u015fap zeminlerde de kullan\u0131labilir. Solvent mumu ile i\u015flenmi\u015f ah\u015fap y\u00fczeylerde kullan\u0131ma uygun de\u011fildir.<br \/>\n<span class=\"urun_text_02\"><br \/>\n<strong>Kullan\u0131m \u015eekli<\/strong> :\u00a0<\/span>Kiehl-Legnodur-satina&#8217;y\u0131 uygulamadan \u00f6nce zeminin temiz, kuru ve cila, mum cilas\u0131, silikon, toz gibi \u00f6\u011felerden ar\u0131nd\u0131r\u0131lm\u0131\u015f olmas\u0131 \u015fartt\u0131r. Yeni d\u00f6\u015fenmi\u015f ah\u015fap zeminler (yerinde su ge\u00e7irmez yap\u0131lm\u0131\u015f) \u00fcretici taraf\u0131ndan tavsiye edilen kuruma s\u00fcresince (genellikle 8-14 g\u00fcn) sadece kuru temizlemeye (s\u00fcp\u00fcrme) tabi tutulmal\u0131d\u0131rlar. Kiehl-Legnodur-brillant kullan\u0131m\u0131ndan \u00f6nce ah\u015fap y\u00fczeyler mekanik kuru temizleme i\u015fleminden (d\u00f6ner ba\u015fl\u0131kl\u0131 zemin makinesi, vakumlama \u00fcnitesi, Kiehl-Legno-Pad vs. kullanarak) ge\u00e7irilmelidirler. Makineyi sat\u0131h \u00fczerindeki kirleri \u00e7\u00f6zene ve zemin tamamen temizlenip d\u00fcz bir g\u00f6r\u00fcn\u00fcm kazanana kadar dairesel hareketlerle \u00e7al\u0131\u015ft\u0131r\u0131n. Son olarak geride kalan tozlar\u0131 hafif nemli bir bezle temizleyin.<\/p>\n<p><span class=\"urun_text_02\"><strong>Kaplama<\/strong> :\u00a0<\/span>Kullanmadan \u00f6nce iyice \u00e7alkalay\u0131n\u0131z! 300 ml kadar \u00fcr\u00fcn\u00fc seyreltmeden zemine<br \/>\nd\u00f6k\u00fcn ve 10 metrekarelik bir alana ince bir tabaka halinde ve \u00fcst\u00fcste gelecek \u015fekilde d\u00fcz bir paspas ya da bez yard\u0131m\u0131yla yay\u0131n. \u00dcst \u00fcste gelen katlar olu\u015fturacak \u015fekilde \u00e7al\u0131\u015fmaya devam edin. Sath\u0131n yap\u0131s\u0131na g\u00f6re, 90 dakikal\u0131k aral\u0131klarla 1-2 katl\u0131k uygulama gerekebilir. Sadece kuru katmanlar\u0131n y\u0131pranmaya dayan\u0131kl\u0131 koruyucu bir kaplama olu\u015fturaca\u011f\u0131 unutulmamal\u0131d\u0131r Kulland\u0131\u011f\u0131n\u0131z aletleri su ile temizleyin.<\/p>\n<p><span class=\"urun_text_02\"><strong>\u00d6nemli<\/strong> :<\/span>\u00a0Koruyucu film tabakas\u0131 temel temizleme ile de\u011fil mekanik kuru temizleme<br \/>\nile kald\u0131r\u0131lmal\u0131d\u0131r.<\/p>\n","protected":false},"excerpt":{"rendered":"<h1 style=\"text-align: left;\"><strong><span class=\"urun_baslik_04\">Kiehl-Legnodur-brillant<\/span><\/strong><\/h1>\n<p style=\"text-align: left;\"><em><span class=\"urun_text_02\">Ah\u015fap zeminler i\u00e7in kendinden parlayan cila<\/span><\/em><\/p>\n<p><span class=\"urun_text_02\"><strong>\u00d6zellikleri<\/strong> : Cilalanm\u0131\u015f ve su yal\u0131t\u0131m\u0131 yap\u0131lm\u0131\u015f ah\u015fap zeminler i\u00e7in \u00f6zel olarak dizayn edilmi\u015ftir. Y\u00fcksek kat\u0131 madde i\u00e7eri\u011fine sahiptir. Vernik gibi kurur ve kendinden parlayan transparan bir film tabakas\u0131 olu\u015fturur. Uzun \u00f6m\u00fcrl\u00fc, kirlenmeye kar\u015f\u0131 dayan\u0131kl\u0131 ve kaymaz \u00f6zelliktedir.<\/span><\/p>\n<hr \/>\n<p><img loading=\"lazy\" class=\"alignnone size-full wp-image-860 alignleft\" src=\"https:\/\/kiehl.mcsajans.com\/wp-content\/uploads\/2020\/06\/thermodur_icon.jpg\" alt=\"\" width=\"66\" height=\"67\" \/><\/p>\n<p style=\"text-align: left;\"><em><span class=\"urun_text_02\"><strong>Metrekare ba\u015f\u0131na t\u00fcketim =<\/strong>\u00a0<\/span><\/em>Kaplama: Uygulama ba\u015f\u0131na 30 ml<\/p>\n<p style=\"text-align: left;\"><em><strong><span class=\"urun_text_02\">Paketleme = <\/span><\/strong><\/em><span class=\"urun_text_02\">2&#215;5 litre bidonluk koli \u00dcr. No. j 22 08 05 Donmaya kar\u015f\u0131 koruyunuz!<\/span><\/p>\n<p>&nbsp;<\/p>\n","protected":false},"featured_media":867,"comment_status":"open","ping_status":"closed","template":"","meta":[],"yoast_head":"<!-- This site is optimized with the Yoast SEO plugin v15.9 - https:\/\/yoast.com\/wordpress\/plugins\/seo\/ -->\r\n<title>Kiehl-Legnodur-Satina | K\u0130EHL<\/title>\r\n<meta name=\"robots\" content=\"index, follow, max-snippet:-1, max-image-preview:large, max-video-preview:-1\" \/>\r\n<link rel=\"canonical\" href=\"http:\/\/www.kiehlturkey.com\/index.php\/urun\/kiehl-legnodur-satina\/\" \/>\r\n<meta property=\"og:locale\" content=\"tr_TR\" \/>\r\n<meta property=\"og:type\" content=\"article\" \/>\r\n<meta property=\"og:title\" content=\"Kiehl-Legnodur-Satina | K\u0130EHL\" \/>\r\n<meta property=\"og:description\" content=\"Kiehl-Legnodur-brillant Ah\u015fap zeminler i\u00e7in kendinden parlayan cila \u00d6zellikleri : Cilalanm\u0131\u015f ve su yal\u0131t\u0131m\u0131 yap\u0131lm\u0131\u015f ah\u015fap zeminler i\u00e7in \u00f6zel olarak dizayn edilmi\u015ftir. Y\u00fcksek kat\u0131 madde i\u00e7eri\u011fine sahiptir. Vernik gibi kurur ve kendinden parlayan transparan bir film tabakas\u0131 olu\u015fturur. Uzun \u00f6m\u00fcrl\u00fc, kirlenmeye kar\u015f\u0131 dayan\u0131kl\u0131 ve kaymaz \u00f6zelliktedir.     Metrekare ba\u015f\u0131na t\u00fcketim =\u00a0Kaplama: Uygulama ba\u015f\u0131na 30 ml Paketleme = 2x5 litre bidonluk koli \u00dcr. No. j 22 08 05 Donmaya kar\u015f\u0131 koruyunuz! &nbsp;\" \/>\r\n<meta property=\"og:url\" content=\"http:\/\/www.kiehlturkey.com\/index.php\/urun\/kiehl-legnodur-satina\/\" \/>\r\n<meta property=\"og:site_name\" content=\"K\u0130EHL\" \/>\r\n<meta property=\"article:modified_time\" content=\"2021-01-17T20:15:42+00:00\" \/>\r\n<meta property=\"og:image\" content=\"http:\/\/www.kiehlturkey.com\/wp-content\/uploads\/2021\/01\/kiehl-legnodur-satina.jpg\" \/>\r\n\t<meta property=\"og:image:width\" content=\"199\" \/>\r\n\t<meta property=\"og:image:height\" content=\"267\" \/>\r\n<meta name=\"twitter:card\" content=\"summary_large_image\" \/>\r\n<meta name=\"twitter:label1\" content=\"Tahmini okuma s\u00fcresi\">\n\t<meta name=\"twitter:data1\" content=\"2 dakika\">\r\n<script type=\"application\/ld+json\" class=\"yoast-schema-graph\">{\"@context\":\"https:\/\/schema.org\",\"@graph\":[{\"@type\":\"WebSite\",\"@id\":\"http:\/\/www.kiehlturkey.com\/#website\",\"url\":\"http:\/\/www.kiehlturkey.com\/\",\"name\":\"K\\u0130EHL\",\"description\":\"die saubere L\\u00f6sung\",\"potentialAction\":[{\"@type\":\"SearchAction\",\"target\":\"http:\/\/www.kiehlturkey.com\/?s={search_term_string}\",\"query-input\":\"required name=search_term_string\"}],\"inLanguage\":\"tr\"},{\"@type\":\"ImageObject\",\"@id\":\"http:\/\/www.kiehlturkey.com\/index.php\/urun\/kiehl-legnodur-satina\/#primaryimage\",\"inLanguage\":\"tr\",\"url\":\"http:\/\/www.kiehlturkey.com\/wp-content\/uploads\/2021\/01\/kiehl-legnodur-satina.jpg\",\"width\":199,\"height\":267,\"caption\":\"kiehl-legnodur-satina\"},{\"@type\":\"WebPage\",\"@id\":\"http:\/\/www.kiehlturkey.com\/index.php\/urun\/kiehl-legnodur-satina\/#webpage\",\"url\":\"http:\/\/www.kiehlturkey.com\/index.php\/urun\/kiehl-legnodur-satina\/\",\"name\":\"Kiehl-Legnodur-Satina | K\\u0130EHL\",\"isPartOf\":{\"@id\":\"http:\/\/www.kiehlturkey.com\/#website\"},\"primaryImageOfPage\":{\"@id\":\"http:\/\/www.kiehlturkey.com\/index.php\/urun\/kiehl-legnodur-satina\/#primaryimage\"},\"datePublished\":\"2021-01-17T20:09:55+00:00\",\"dateModified\":\"2021-01-17T20:15:42+00:00\",\"breadcrumb\":{\"@id\":\"http:\/\/www.kiehlturkey.com\/index.php\/urun\/kiehl-legnodur-satina\/#breadcrumb\"},\"inLanguage\":\"tr\",\"potentialAction\":[{\"@type\":\"ReadAction\",\"target\":[\"http:\/\/www.kiehlturkey.com\/index.php\/urun\/kiehl-legnodur-satina\/\"]}]},{\"@type\":\"BreadcrumbList\",\"@id\":\"http:\/\/www.kiehlturkey.com\/index.php\/urun\/kiehl-legnodur-satina\/#breadcrumb\",\"itemListElement\":[{\"@type\":\"ListItem\",\"position\":1,\"item\":{\"@type\":\"WebPage\",\"@id\":\"http:\/\/www.kiehlturkey.com\/\",\"url\":\"http:\/\/www.kiehlturkey.com\/\",\"name\":\"Ana sayfa\"}},{\"@type\":\"ListItem\",\"position\":2,\"item\":{\"@type\":\"WebPage\",\"@id\":\"http:\/\/www.kiehlturkey.com\/index.php\/urunler\/\",\"url\":\"http:\/\/www.kiehlturkey.com\/index.php\/urunler\/\",\"name\":\"\\u00dcr\\u00fcnler\"}},{\"@type\":\"ListItem\",\"position\":3,\"item\":{\"@type\":\"WebPage\",\"@id\":\"http:\/\/www.kiehlturkey.com\/index.php\/urun\/kiehl-legnodur-satina\/\",\"url\":\"http:\/\/www.kiehlturkey.com\/index.php\/urun\/kiehl-legnodur-satina\/\",\"name\":\"Kiehl-Legnodur-Satina\"}}]}]}<\/script>\r\n<!-- \/ Yoast SEO plugin. -->","_links":{"self":[{"href":"http:\/\/www.kiehlturkey.com\/index.php\/wp-json\/wp\/v2\/product\/866"}],"collection":[{"href":"http:\/\/www.kiehlturkey.com\/index.php\/wp-json\/wp\/v2\/product"}],"about":[{"href":"http:\/\/www.kiehlturkey.com\/index.php\/wp-json\/wp\/v2\/types\/product"}],"replies":[{"embeddable":true,"href":"http:\/\/www.kiehlturkey.com\/index.php\/wp-json\/wp\/v2\/comments?post=866"}],"version-history":[{"count":1,"href":"http:\/\/www.kiehlturkey.com\/index.php\/wp-json\/wp\/v2\/product\/866\/revisions"}],"predecessor-version":[{"id":870,"href":"http:\/\/www.kiehlturkey.com\/index.php\/wp-json\/wp\/v2\/product\/866\/revisions\/870"}],"wp:featuredmedia":[{"embeddable":true,"href":"http:\/\/www.kiehlturkey.com\/index.php\/wp-json\/wp\/v2\/media\/867"}],"wp:attachment":[{"href":"http:\/\/www.kiehlturkey.com\/index.php\/wp-json\/wp\/v2\/media?parent=866"}],"curies":[{"name":"wp","href":"https:\/\/api.w.org\/{rel}","templated":true}]}}