{"id":871,"date":"2021-01-17T21:16:16","date_gmt":"2021-01-17T21:16:16","guid":{"rendered":"https:\/\/kiehl.mcsajans.com\/?post_type=product&#038;p=871"},"modified":"2021-01-17T21:25:56","modified_gmt":"2021-01-17T21:25:56","slug":"kiehl-parketta","status":"publish","type":"product","link":"http:\/\/www.kiehlturkey.com\/index.php\/urun\/kiehl-parketta\/","title":{"rendered":"Kiehl-Parketta"},"content":{"rendered":"<p><span class=\"urun_text_02\"><strong>\u00d6zellikleri<\/strong> : \u00dcst\u00fcn kaliteli, suya duyarl\u0131 zeminlerin kabarmas\u0131n\u0131 \u00f6nleyen, solvent bazl\u0131 mum cilas\u0131. Kullan\u0131m\u0131 kolayd\u0131r, m\u00fckemmel n\u00fcfuz eder ve yay\u0131l\u0131r. Silinmeye dayan\u0131kl\u0131d\u0131r. \u00dcr\u00fcn\u00fcn uygulanaca\u011f\u0131 zeminler su ge\u00e7irmez ve tercihen nemli paspasla temizlenmi\u015f olmal\u0131d\u0131r. Suyla kar\u0131\u015ft\u0131r\u0131lmamal\u0131d\u0131r ve kanalizasyona d\u00f6k\u00fclmemelidir.<\/span><\/p>\n<p><span class=\"urun_text_02\"><strong>\u0130\u00e7indekiler<\/strong> : Kat\u0131 mum, suda \u00e7\u00f6z\u00fcnmeyen solventler.<\/span><\/p>\n<p><span class=\"urun_text_02\"><strong>Kullan\u0131m Alanlar\u0131<\/strong> : T\u00fcm Avrupa tipi ah\u015fap y\u00fczeylerin bak\u0131m\u0131 i\u00e7in uygundur. \u0130\u015flenmemi\u015f egzotik ah\u015fap y\u00fczeylerde, kullanmadan \u00f6nce daima k\u00fc\u00e7\u00fck bir b\u00f6lgeyi test ediniz. Parke, kalas, kaplama, end\u00fcstriyel parke, merdiven, OSB tahta, laminat vb. gibi i\u015flenmemi\u015f, cilal\u0131, ya\u011f cilal\u0131 ve su ge\u00e7irmez yap\u0131lm\u0131\u015f cilal\u0131 ah\u015fap i\u00e7 mekan zeminlerinde kullan\u0131ma uygundur.<\/span><br \/>\n<span class=\"urun_text_02\"><br \/>\n<strong>Kullan\u0131m \u015eekli<\/strong> : Zeminin ve \u00fcr\u00fcn\u00fcn \u0131s\u0131lar\u0131 15\u00b0C ila 25\u00b0C aras\u0131nda olmal\u0131d\u0131r. Hem uygulama esnas\u0131nda hemde uygulama sonras\u0131nda mekanlar \u00e7ok iyi havaland\u0131r\u0131lmal\u0131d\u0131r ve sigara i\u00e7ilmemelidir. Yumu\u015fam\u0131\u015f kirleri nemli bezlerle silin. Kullanmadan \u00f6nce iyice \u00e7alkalay\u0131n!<\/span><\/p>\n<p><strong><span class=\"urun_text_02\">Cilalama ve m\u00fcteakip cilalama:\u00a0<\/span><\/strong>\u0130\u015flenmemi\u015f, temiz, tozlardan ar\u0131nd\u0131r\u0131lm\u0131\u015f ve profesyonel olarak z\u0131mparalanm\u0131\u015f ah\u015fap zeminlerde kullan\u0131ma uygundur (ya da ah\u015fap cilas\u0131 ve 100-120&#8217;lik ince z\u0131mpara ile onar\u0131lm\u0131\u015f). Ayn\u0131 zamanda Kiehl-Parketta ile \u00f6nceden cilalanm\u0131\u015f temiz ve tozlardan ar\u0131nd\u0131r\u0131lm\u0131\u015f y\u00fczeylerde de kullan\u0131labilir. Zemine yakla\u015f\u0131k olarak 250 ml \u00fcr\u00fcn\u00fc d\u00f6k\u00fcn ve hemen 5 metrekarelik bir alana ince bir tabaka halinde yay\u0131p bir cilalay\u0131c\u0131 ya da paspasla birbirine ge\u00e7en katmanlar halinde uygulay\u0131n. Zeminin yap\u0131s\u0131na g\u00f6re yakla\u015f\u0131k 60 dakika aral\u0131klarla 1-3 kat ge\u00e7mek gerekir.<\/p>\n<p>Patlamaya dayan\u0131kl\u0131 makine ile sprey bak\u0131m\u0131: Halihaz\u0131rda cilalanm\u0131\u015f y\u00fczeyler i\u00e7in: Sprey kutusunu 1:1 oran\u0131nda Kiehl-Parketta ve Kiehl-Wax-Ex ile doldurun. Kir lekelerinin \u00fczerine ayr\u0131 ayr\u0131 s\u0131k\u0131n ve iyice s\u00fcrterek parlat\u0131n. K\u0131rm\u0131z\u0131 pedin arkas\u0131n\u0131 \u00e7evirin ya da yenisiyle de\u011fi\u015ftirin.<\/p>\n<p><strong><span class=\"urun_text_02\">Cilalama:\u00a0<\/span><\/strong>Kuru ve mat film tabakas\u0131n\u0131 bir cilalama makinesiyle (150-1000 r.p.m. f\u0131r\u00e7al\u0131 ve ya pedli) istenen parlakl\u0131k olu\u015fana kadar cilalay\u0131n. Kulland\u0131\u011f\u0131n\u0131z aletleri temizlemek i\u00e7in Kiehl-Wax-Ex kullan\u0131n.<\/p>\n<p><strong><span class=\"urun_text_02\">Uyar\u0131 :<\/span><\/strong> Kiehl \u00fcr\u00fcn\u00fcn us\u00fcle uygun olmayan kullan\u0131m\u0131 ve bundan do\u011facak zararlar i\u00e7in hi\u00e7bir sorumlulu\u011fu kabul etmez.<\/p>\n","protected":false},"excerpt":{"rendered":"<h1 style=\"text-align: left;\"><span class=\"urun_baslik_04\">Kiehl-Parketta<\/span><\/h1>\n<p style=\"text-align: left;\"><em><span class=\"urun_text_02\">\u00dcst\u00fcn kaliteli likit sert cila<\/span><\/em><\/p>\n<p><span class=\"urun_text_02\"><strong>\u00d6zellikleri<\/strong> : \u00dcst\u00fcn kaliteli, suya duyarl\u0131 zeminlerin kabarmas\u0131n\u0131 \u00f6nleyen, solvent bazl\u0131 mum cilas\u0131. Kullan\u0131m\u0131 kolayd\u0131r, m\u00fckemmel n\u00fcfuz eder ve yay\u0131l\u0131r. Silinmeye dayan\u0131kl\u0131d\u0131r. \u00dcr\u00fcn\u00fcn uygulanaca\u011f\u0131 zeminler su ge\u00e7irmez ve tercihen nemli paspasla temizlenmi\u015f olmal\u0131d\u0131r. Suyla kar\u0131\u015ft\u0131r\u0131lmamal\u0131d\u0131r ve kanalizasyona d\u00f6k\u00fclmemelidir.<\/span><\/p>\n<hr \/>\n<p><img loading=\"lazy\" class=\"alignnone wp-image-873 size-full\" src=\"https:\/\/kiehl.mcsajans.com\/wp-content\/uploads\/2021\/01\/kiehl-parketta_icon.jpg\" alt=\"\" width=\"200\" height=\"60\" \/><\/p>\n<p><em><span class=\"urun_text_02\"><strong>Metrekare ba\u015f\u0131na t\u00fcketim =<\/strong> Cilalama: Ah\u015fab\u0131n emicik d\u00fczeyine g\u00f6re 80-150 ml M\u00fcteakip cilalama: 20-40 ml Sprey bak\u0131m\u0131 y\u00f6ntemi: 3-5 ml<\/span><\/em><\/p>\n<p><em><strong><span class=\"urun_text_02\">Paketleme =<\/span><\/strong><\/em><span class=\"urun_text_02\"> Profesyonel kullan\u0131mlar i\u00e7indir! <\/span><span class=\"urun_text_02\">10 litre metal bidon \u00dcr. No. j 22 01 60<\/span><\/p>\n<p>&nbsp;<\/p>\n<p><img loading=\"lazy\" class=\"alignnone size-full wp-image-853\" src=\"https:\/\/kiehl.mcsajans.com\/wp-content\/uploads\/2021\/01\/tahris.jpg\" alt=\"\" width=\"69\" height=\"79\" \/><\/p>\n<ul>\n<li>R 10 Yan\u0131c\u0131.<\/li>\n<li>R 65 Yutulmas\u0131 halinde akci\u011ferlere zarar verebilir.<\/li>\n<li>R 66 Yinelenen temas hallerinde ciltte yar\u0131k veya \u00e7atlaklara neden olabilir.<\/li>\n<li>R 67 Buharlari uykuya ve sersemli\u011fe yol a\u00e7abilir.<\/li>\n<li>R 52\/53 Suda ya\u015fayan organizmalara zarar verir. Akuatik \u00e7evrede uzun s\u00fcreli k\u00f6t\u00fc etkilere neden olabilir.<\/li>\n<li>S 24 Deriye temas etmemesine dikkat ediniz.<\/li>\n<li>S 43 Yang\u0131n durumunda s\u00f6nd\u00fcrmek i\u00e7in su de\u011fil toz kullan\u0131n\u0131z.<\/li>\n<li>S 51 Sadece \u00e7ok iyi havaland\u0131rman\u0131n bulundu\u011fu yerlerde kullan\u0131n\u0131z.<\/li>\n<li>S 61 \u00c7evreye atmay\u0131n\u0131z. \u00d6zel a\u00e7\u0131klamalara \/ g\u00fcvenlik veri \u00e7izelgelerine bak\u0131n\u0131z.<\/li>\n<li>S 62 Yutan ki\u015fiyi kusturmaya \u00e7al\u0131\u015fmay\u0131n\u0131z: hemen bir t\u0131p merkezine ba\u015fvurunuz ve madde etiketini veya kab\u0131n\u0131 doktora g\u00f6steriniz. Solvent nafta i\u00e7erir.<\/li>\n<\/ul>\n<p>&nbsp;<\/p>\n<p>&nbsp;<\/p>\n","protected":false},"featured_media":872,"comment_status":"open","ping_status":"closed","template":"","meta":[],"yoast_head":"<!-- This site is optimized with the Yoast SEO plugin v15.9 - https:\/\/yoast.com\/wordpress\/plugins\/seo\/ -->\r\n<title>Kiehl-Parketta | K\u0130EHL<\/title>\r\n<meta name=\"robots\" content=\"index, follow, max-snippet:-1, max-image-preview:large, max-video-preview:-1\" \/>\r\n<link rel=\"canonical\" href=\"http:\/\/www.kiehlturkey.com\/index.php\/urun\/kiehl-parketta\/\" \/>\r\n<meta property=\"og:locale\" content=\"tr_TR\" \/>\r\n<meta property=\"og:type\" content=\"article\" \/>\r\n<meta property=\"og:title\" content=\"Kiehl-Parketta | K\u0130EHL\" \/>\r\n<meta property=\"og:description\" content=\"Kiehl-Parketta \u00dcst\u00fcn kaliteli likit sert cila \u00d6zellikleri : \u00dcst\u00fcn kaliteli, suya duyarl\u0131 zeminlerin kabarmas\u0131n\u0131 \u00f6nleyen, solvent bazl\u0131 mum cilas\u0131. Kullan\u0131m\u0131 kolayd\u0131r, m\u00fckemmel n\u00fcfuz eder ve yay\u0131l\u0131r. Silinmeye dayan\u0131kl\u0131d\u0131r. \u00dcr\u00fcn\u00fcn uygulanaca\u011f\u0131 zeminler su ge\u00e7irmez ve tercihen nemli paspasla temizlenmi\u015f olmal\u0131d\u0131r. Suyla kar\u0131\u015ft\u0131r\u0131lmamal\u0131d\u0131r ve kanalizasyona d\u00f6k\u00fclmemelidir.      Metrekare ba\u015f\u0131na t\u00fcketim = Cilalama: Ah\u015fab\u0131n emicik d\u00fczeyine g\u00f6re 80-150 ml M\u00fcteakip cilalama: 20-40 ml Sprey bak\u0131m\u0131 y\u00f6ntemi: 3-5 ml  Paketleme = Profesyonel kullan\u0131mlar i\u00e7indir! 10 litre metal bidon \u00dcr. No. j 22 01 60  &nbsp;     R 10 Yan\u0131c\u0131.  R 65 Yutulmas\u0131 halinde akci\u011ferlere zarar verebilir.  R 66 Yinelenen temas hallerinde ciltte yar\u0131k veya \u00e7atlaklara neden olabilir.  R 67 Buharlari uykuya ve sersemli\u011fe yol a\u00e7abilir.  R 52\/53 Suda ya\u015fayan organizmalara zarar verir. Akuatik \u00e7evrede uzun s\u00fcreli k\u00f6t\u00fc etkilere neden olabilir.  S 24 Deriye temas etmemesine dikkat ediniz.  S 43 Yang\u0131n durumunda s\u00f6nd\u00fcrmek i\u00e7in su de\u011fil toz kullan\u0131n\u0131z.  S 51 Sadece \u00e7ok iyi havaland\u0131rman\u0131n bulundu\u011fu yerlerde kullan\u0131n\u0131z.  S 61 \u00c7evreye atmay\u0131n\u0131z. \u00d6zel a\u00e7\u0131klamalara \/ g\u00fcvenlik veri \u00e7izelgelerine bak\u0131n\u0131z.  S 62 Yutan ki\u015fiyi kusturmaya \u00e7al\u0131\u015fmay\u0131n\u0131z: hemen bir t\u0131p merkezine ba\u015fvurunuz ve madde etiketini veya kab\u0131n\u0131 doktora g\u00f6steriniz. Solvent nafta i\u00e7erir.  &nbsp;  &nbsp;\" \/>\r\n<meta property=\"og:url\" content=\"http:\/\/www.kiehlturkey.com\/index.php\/urun\/kiehl-parketta\/\" \/>\r\n<meta property=\"og:site_name\" content=\"K\u0130EHL\" \/>\r\n<meta property=\"article:modified_time\" content=\"2021-01-17T21:25:56+00:00\" \/>\r\n<meta property=\"og:image\" content=\"http:\/\/www.kiehlturkey.com\/wp-content\/uploads\/2021\/01\/kiehl-parketta.jpg\" \/>\r\n\t<meta property=\"og:image:width\" content=\"171\" \/>\r\n\t<meta property=\"og:image:height\" content=\"275\" \/>\r\n<meta name=\"twitter:card\" content=\"summary_large_image\" \/>\r\n<meta name=\"twitter:label1\" content=\"Tahmini okuma s\u00fcresi\">\n\t<meta name=\"twitter:data1\" content=\"2 dakika\">\r\n<script type=\"application\/ld+json\" class=\"yoast-schema-graph\">{\"@context\":\"https:\/\/schema.org\",\"@graph\":[{\"@type\":\"WebSite\",\"@id\":\"http:\/\/www.kiehlturkey.com\/#website\",\"url\":\"http:\/\/www.kiehlturkey.com\/\",\"name\":\"K\\u0130EHL\",\"description\":\"die saubere L\\u00f6sung\",\"potentialAction\":[{\"@type\":\"SearchAction\",\"target\":\"http:\/\/www.kiehlturkey.com\/?s={search_term_string}\",\"query-input\":\"required name=search_term_string\"}],\"inLanguage\":\"tr\"},{\"@type\":\"ImageObject\",\"@id\":\"http:\/\/www.kiehlturkey.com\/index.php\/urun\/kiehl-parketta\/#primaryimage\",\"inLanguage\":\"tr\",\"url\":\"http:\/\/www.kiehlturkey.com\/wp-content\/uploads\/2021\/01\/kiehl-parketta.jpg\",\"width\":171,\"height\":275},{\"@type\":\"WebPage\",\"@id\":\"http:\/\/www.kiehlturkey.com\/index.php\/urun\/kiehl-parketta\/#webpage\",\"url\":\"http:\/\/www.kiehlturkey.com\/index.php\/urun\/kiehl-parketta\/\",\"name\":\"Kiehl-Parketta | K\\u0130EHL\",\"isPartOf\":{\"@id\":\"http:\/\/www.kiehlturkey.com\/#website\"},\"primaryImageOfPage\":{\"@id\":\"http:\/\/www.kiehlturkey.com\/index.php\/urun\/kiehl-parketta\/#primaryimage\"},\"datePublished\":\"2021-01-17T21:16:16+00:00\",\"dateModified\":\"2021-01-17T21:25:56+00:00\",\"breadcrumb\":{\"@id\":\"http:\/\/www.kiehlturkey.com\/index.php\/urun\/kiehl-parketta\/#breadcrumb\"},\"inLanguage\":\"tr\",\"potentialAction\":[{\"@type\":\"ReadAction\",\"target\":[\"http:\/\/www.kiehlturkey.com\/index.php\/urun\/kiehl-parketta\/\"]}]},{\"@type\":\"BreadcrumbList\",\"@id\":\"http:\/\/www.kiehlturkey.com\/index.php\/urun\/kiehl-parketta\/#breadcrumb\",\"itemListElement\":[{\"@type\":\"ListItem\",\"position\":1,\"item\":{\"@type\":\"WebPage\",\"@id\":\"http:\/\/www.kiehlturkey.com\/\",\"url\":\"http:\/\/www.kiehlturkey.com\/\",\"name\":\"Ana sayfa\"}},{\"@type\":\"ListItem\",\"position\":2,\"item\":{\"@type\":\"WebPage\",\"@id\":\"http:\/\/www.kiehlturkey.com\/index.php\/urunler\/\",\"url\":\"http:\/\/www.kiehlturkey.com\/index.php\/urunler\/\",\"name\":\"\\u00dcr\\u00fcnler\"}},{\"@type\":\"ListItem\",\"position\":3,\"item\":{\"@type\":\"WebPage\",\"@id\":\"http:\/\/www.kiehlturkey.com\/index.php\/urun\/kiehl-parketta\/\",\"url\":\"http:\/\/www.kiehlturkey.com\/index.php\/urun\/kiehl-parketta\/\",\"name\":\"Kiehl-Parketta\"}}]}]}<\/script>\r\n<!-- \/ Yoast SEO plugin. -->","_links":{"self":[{"href":"http:\/\/www.kiehlturkey.com\/index.php\/wp-json\/wp\/v2\/product\/871"}],"collection":[{"href":"http:\/\/www.kiehlturkey.com\/index.php\/wp-json\/wp\/v2\/product"}],"about":[{"href":"http:\/\/www.kiehlturkey.com\/index.php\/wp-json\/wp\/v2\/types\/product"}],"replies":[{"embeddable":true,"href":"http:\/\/www.kiehlturkey.com\/index.php\/wp-json\/wp\/v2\/comments?post=871"}],"version-history":[{"count":2,"href":"http:\/\/www.kiehlturkey.com\/index.php\/wp-json\/wp\/v2\/product\/871\/revisions"}],"predecessor-version":[{"id":877,"href":"http:\/\/www.kiehlturkey.com\/index.php\/wp-json\/wp\/v2\/product\/871\/revisions\/877"}],"wp:featuredmedia":[{"embeddable":true,"href":"http:\/\/www.kiehlturkey.com\/index.php\/wp-json\/wp\/v2\/media\/872"}],"wp:attachment":[{"href":"http:\/\/www.kiehlturkey.com\/index.php\/wp-json\/wp\/v2\/media?parent=871"}],"curies":[{"name":"wp","href":"https:\/\/api.w.org\/{rel}","templated":true}]}}